{"id":970,"date":"2017-03-04T16:43:46","date_gmt":"2017-03-04T15:43:46","guid":{"rendered":"https:\/\/www.trommelmanufaktur.ch\/?post_type=product&#038;p=970"},"modified":"2025-06-04T22:53:48","modified_gmt":"2025-06-04T20:53:48","slug":"schluesselanhaenger-snare-drum","status":"publish","type":"product","link":"https:\/\/www.trommelmanufaktur.ch\/product\/schluesselanhaenger-snare-drum\/","title":{"rendered":"Schl\u00fcsselanh\u00e4nger Snare Drum"},"content":{"rendered":"<p>Der ideale Begleiter f\u00fcr einen begeisterten Tambour oder Schlagzeuger!<\/p>\n","protected":false},"excerpt":{"rendered":"<p>Der ideale Begleiter f\u00fcr einen begeisterten Tambour oder Schlagzeuger!<\/p>\n","protected":false},"featured_media":3291,"template":"","meta":[],"product_brand":[],"product_cat":[72,49],"product_tag":[],"class_list":{"0":"post-970","1":"product","2":"type-product","3":"status-publish","4":"has-post-thumbnail","6":"product_cat-accessoires","7":"product_cat-zubehoer","8":"product_shipping_class-letter","10":"first","11":"instock","12":"shipping-taxable","13":"purchasable","14":"product-type-simple"},"_links":{"self":[{"href":"https:\/\/www.trommelmanufaktur.ch\/wp-json-api\/wp\/v2\/product\/970","targetHints":{"allow":["GET"]}}],"collection":[{"href":"https:\/\/www.trommelmanufaktur.ch\/wp-json-api\/wp\/v2\/product"}],"about":[{"href":"https:\/\/www.trommelmanufaktur.ch\/wp-json-api\/wp\/v2\/types\/product"}],"wp:featuredmedia":[{"embeddable":true,"href":"https:\/\/www.trommelmanufaktur.ch\/wp-json-api\/wp\/v2\/media\/3291"}],"wp:attachment":[{"href":"https:\/\/www.trommelmanufaktur.ch\/wp-json-api\/wp\/v2\/media?parent=970"}],"wp:term":[{"taxonomy":"product_brand","embeddable":true,"href":"https:\/\/www.trommelmanufaktur.ch\/wp-json-api\/wp\/v2\/product_brand?post=970"},{"taxonomy":"product_cat","embeddable":true,"href":"https:\/\/www.trommelmanufaktur.ch\/wp-json-api\/wp\/v2\/product_cat?post=970"},{"taxonomy":"product_tag","embeddable":true,"href":"https:\/\/www.trommelmanufaktur.ch\/wp-json-api\/wp\/v2\/product_tag?post=970"}],"curies":[{"name":"wp","href":"https:\/\/api.w.org\/{rel}","templated":true}]}}