{"id":947,"date":"2017-02-24T19:44:15","date_gmt":"2017-02-24T18:44:15","guid":{"rendered":"https:\/\/www.trommelmanufaktur.ch\/?post_type=product&#038;p=947"},"modified":"2018-11-24T19:14:02","modified_gmt":"2018-11-24T18:14:02","slug":"gutschein","status":"publish","type":"product","link":"https:\/\/www.trommelmanufaktur.ch\/product\/gutschein\/","title":{"rendered":"Geschenkgutschein"},"content":{"rendered":"<p>Gutscheine sind ein ausgezeichnetes Geschenk f\u00fcr jeden Tambour, ob zu Weihnachten oder zum Geburtstag. Jeder braucht schliesslich irgendwann mal neue Schlegel, Drumsticks, Felle oder sonstiges Material. Die Trommelmanufaktur-Gutscheine k\u00f6nnen bei Bestellungen im <a href=\"\/shop\/\">Shop<\/a> oder f\u00fcr Serviceleistungen eingel\u00f6st werden. Der Gutschein enth\u00e4lt einen eindeutigen Code, der einmalig eingel\u00f6st werden kann.<\/p>\n<p>Wahlweise senden wir Ihnen den Gutschein per E-Mail oder fixfertig ausgedruckt zu.<\/p>\n<p>Selbstverst\u00e4ndlich sind auch spezielle Gutscheine wie z.B. &#8222;Gutschein f\u00fcr 1x Trommel schr\u00e4nken&#8220; oder &#8222;Gutschein f\u00fcr ein Paar <a href=\"\/product\/trommelschlegel-truemmali-werner-400j\/\">Schlegel TW 400J<\/a>&#8220; bei uns erh\u00e4ltlich. <a href=\"\/impressum\/\">Kontaktieren<\/a> Sie uns mit Ihrem individuellen Wunsch oder schreiben Sie diesen in die Bemerkungen zur Bestellung.<\/p>\n","protected":false},"excerpt":{"rendered":"<p>Gutscheine sind ein ausgezeichnetes Geschenk f\u00fcr jeden Tambour, ob zu Weihnachten oder zum Geburtstag. Jeder braucht schliesslich irgendwann mal neue Schlegel, Drumsticks, Felle oder sonstiges Material. Die Trommelmanufaktur-Gutscheine k\u00f6nnen bei Bestellungen im Shop oder f\u00fcr Serviceleistungen eingel\u00f6st werden. Der Gutschein enth\u00e4lt einen eindeutigen Code, der einmalig eingel\u00f6st werden kann. Wahlweise senden wir Ihnen den Gutschein [&hellip;]<\/p>\n","protected":false},"featured_media":3281,"template":"","meta":[],"product_brand":[],"product_cat":[157],"product_tag":[],"class_list":{"0":"post-947","1":"product","2":"type-product","3":"status-publish","4":"has-post-thumbnail","6":"product_cat-gutscheine","7":"product_shipping_class-letter","9":"first","10":"instock","11":"shipping-taxable","12":"purchasable","13":"product-type-variable"},"_links":{"self":[{"href":"https:\/\/www.trommelmanufaktur.ch\/wp-json-api\/wp\/v2\/product\/947","targetHints":{"allow":["GET"]}}],"collection":[{"href":"https:\/\/www.trommelmanufaktur.ch\/wp-json-api\/wp\/v2\/product"}],"about":[{"href":"https:\/\/www.trommelmanufaktur.ch\/wp-json-api\/wp\/v2\/types\/product"}],"wp:featuredmedia":[{"embeddable":true,"href":"https:\/\/www.trommelmanufaktur.ch\/wp-json-api\/wp\/v2\/media\/3281"}],"wp:attachment":[{"href":"https:\/\/www.trommelmanufaktur.ch\/wp-json-api\/wp\/v2\/media?parent=947"}],"wp:term":[{"taxonomy":"product_brand","embeddable":true,"href":"https:\/\/www.trommelmanufaktur.ch\/wp-json-api\/wp\/v2\/product_brand?post=947"},{"taxonomy":"product_cat","embeddable":true,"href":"https:\/\/www.trommelmanufaktur.ch\/wp-json-api\/wp\/v2\/product_cat?post=947"},{"taxonomy":"product_tag","embeddable":true,"href":"https:\/\/www.trommelmanufaktur.ch\/wp-json-api\/wp\/v2\/product_tag?post=947"}],"curies":[{"name":"wp","href":"https:\/\/api.w.org\/{rel}","templated":true}]}}