{"id":870,"date":"2017-02-17T11:12:53","date_gmt":"2017-02-17T10:12:53","guid":{"rendered":"https:\/\/www.trommelmanufaktur.ch\/?post_type=product&#038;p=870"},"modified":"2026-02-14T05:24:07","modified_gmt":"2026-02-14T04:24:07","slug":"lederspitz-fuer-trommelbandoliere","status":"publish","type":"product","link":"https:\/\/www.trommelmanufaktur.ch\/product\/lederspitz-fuer-trommelbandoliere\/","title":{"rendered":"Lederspitz f\u00fcr Trommelbandoliere"},"content":{"rendered":"<p>Lederspitz f\u00fcr alle g\u00e4ngigen Trommelbandoliere.<\/p>\n<p>Je nach Region wird der Lederspitz auch &#8222;Affenschwanz&#8220; genannt.<\/p>\n<h4>Farben<\/h4>\n<p>Braun = dunkelbraun<\/p>\n<p>Natur = hellbraun, dunkelt nach wenn der Sonne ausgesetzt<\/p>\n<p>Weiss = Naturleder mit weiss gef\u00e4rbter Oberfl\u00e4che<\/p>\n<p>&nbsp;<\/p>\n","protected":false},"excerpt":{"rendered":"<p>Lederspitz f\u00fcr alle g\u00e4ngigen Trommelbandoliere. Je nach Region wird der Lederspitz auch &#8222;Affenschwanz&#8220; genannt. Farben Braun = dunkelbraun Natur = hellbraun, dunkelt nach wenn der Sonne ausgesetzt Weiss = Naturleder mit weiss gef\u00e4rbter Oberfl\u00e4che &nbsp;<\/p>\n","protected":false},"featured_media":875,"template":"","meta":[],"product_brand":[],"product_cat":[154],"product_tag":[],"class_list":{"0":"post-870","1":"product","2":"type-product","3":"status-publish","4":"has-post-thumbnail","6":"product_cat-bandoliere","7":"product_shipping_class-letter-thick","9":"first","10":"instock","11":"shipping-taxable","12":"purchasable","13":"product-type-variable"},"_links":{"self":[{"href":"https:\/\/www.trommelmanufaktur.ch\/wp-json-api\/wp\/v2\/product\/870","targetHints":{"allow":["GET"]}}],"collection":[{"href":"https:\/\/www.trommelmanufaktur.ch\/wp-json-api\/wp\/v2\/product"}],"about":[{"href":"https:\/\/www.trommelmanufaktur.ch\/wp-json-api\/wp\/v2\/types\/product"}],"wp:featuredmedia":[{"embeddable":true,"href":"https:\/\/www.trommelmanufaktur.ch\/wp-json-api\/wp\/v2\/media\/875"}],"wp:attachment":[{"href":"https:\/\/www.trommelmanufaktur.ch\/wp-json-api\/wp\/v2\/media?parent=870"}],"wp:term":[{"taxonomy":"product_brand","embeddable":true,"href":"https:\/\/www.trommelmanufaktur.ch\/wp-json-api\/wp\/v2\/product_brand?post=870"},{"taxonomy":"product_cat","embeddable":true,"href":"https:\/\/www.trommelmanufaktur.ch\/wp-json-api\/wp\/v2\/product_cat?post=870"},{"taxonomy":"product_tag","embeddable":true,"href":"https:\/\/www.trommelmanufaktur.ch\/wp-json-api\/wp\/v2\/product_tag?post=870"}],"curies":[{"name":"wp","href":"https:\/\/api.w.org\/{rel}","templated":true}]}}