{"id":859,"date":"2017-02-17T10:33:24","date_gmt":"2017-02-17T09:33:24","guid":{"rendered":"https:\/\/www.trommelmanufaktur.ch\/?post_type=product&#038;p=859"},"modified":"2025-06-04T22:53:48","modified_gmt":"2025-06-04T20:53:48","slug":"schluesselanhaenger-drumstick-holz","status":"publish","type":"product","link":"https:\/\/www.trommelmanufaktur.ch\/product\/schluesselanhaenger-drumstick-holz\/","title":{"rendered":"Schl\u00fcsselanh\u00e4nger Drumstick Holz"},"content":{"rendered":"<p>Schl\u00fcsselanh\u00e4nger mit zwei kleinen Drumsticks. Das ideale Geschenk f\u00fcr jeden Tambour und Schlagzeuger.<\/p>\n<p>L\u00e4nge der Drumsticks: 70mm<\/p>\n","protected":false},"excerpt":{"rendered":"<p>Schl\u00fcsselanh\u00e4nger mit zwei kleinen Drumsticks. Das ideale Geschenk f\u00fcr jeden Tambour und Schlagzeuger. L\u00e4nge der Drumsticks: 70mm<\/p>\n","protected":false},"featured_media":2359,"template":"","meta":[],"product_brand":[],"product_cat":[72],"product_tag":[],"class_list":{"0":"post-859","1":"product","2":"type-product","3":"status-publish","4":"has-post-thumbnail","6":"product_cat-accessoires","7":"product_shipping_class-letter","9":"first","10":"outofstock","11":"shipping-taxable","12":"purchasable","13":"product-type-simple"},"_links":{"self":[{"href":"https:\/\/www.trommelmanufaktur.ch\/wp-json-api\/wp\/v2\/product\/859","targetHints":{"allow":["GET"]}}],"collection":[{"href":"https:\/\/www.trommelmanufaktur.ch\/wp-json-api\/wp\/v2\/product"}],"about":[{"href":"https:\/\/www.trommelmanufaktur.ch\/wp-json-api\/wp\/v2\/types\/product"}],"wp:featuredmedia":[{"embeddable":true,"href":"https:\/\/www.trommelmanufaktur.ch\/wp-json-api\/wp\/v2\/media\/2359"}],"wp:attachment":[{"href":"https:\/\/www.trommelmanufaktur.ch\/wp-json-api\/wp\/v2\/media?parent=859"}],"wp:term":[{"taxonomy":"product_brand","embeddable":true,"href":"https:\/\/www.trommelmanufaktur.ch\/wp-json-api\/wp\/v2\/product_brand?post=859"},{"taxonomy":"product_cat","embeddable":true,"href":"https:\/\/www.trommelmanufaktur.ch\/wp-json-api\/wp\/v2\/product_cat?post=859"},{"taxonomy":"product_tag","embeddable":true,"href":"https:\/\/www.trommelmanufaktur.ch\/wp-json-api\/wp\/v2\/product_tag?post=859"}],"curies":[{"name":"wp","href":"https:\/\/api.w.org\/{rel}","templated":true}]}}