{"id":744,"date":"2017-02-03T19:22:33","date_gmt":"2017-02-03T18:22:33","guid":{"rendered":"https:\/\/www.trommelmanufaktur.ch\/product\/gewebefell-truemmali-werner-tw04-40cm\/"},"modified":"2026-01-24T11:37:49","modified_gmt":"2026-01-24T10:37:49","slug":"gewebefell-trommelmanufaktur-40cm","status":"publish","type":"product","link":"https:\/\/www.trommelmanufaktur.ch\/product\/gewebefell-trommelmanufaktur-40cm\/","title":{"rendered":"Gewebefell 40cm"},"content":{"rendered":"<p>Das Gewebefell ist in einen Aluminiumreif eingefalzt und l\u00e4sst sich so einfach montieren. Diese Art von Fell zeichnet sich durch eine lange Lebensdauer und ein angenehmes Spielgef\u00fchl aus.<\/p>\n<p>Der Alureif ist auf Wunsch auch beige oder dunkelbraun bemalt erh\u00e4ltlich, beispielsweise f\u00fcr Holztrommeln.<\/p>\n","protected":false},"excerpt":{"rendered":"<p>Das Gewebefell ist in einen Aluminiumreif eingefalzt und l\u00e4sst sich so einfach montieren. Diese Art von Fell zeichnet sich durch eine lange Lebensdauer und ein angenehmes Spielgef\u00fchl aus. Der Alureif ist auf Wunsch auch beige oder dunkelbraun bemalt erh\u00e4ltlich, beispielsweise f\u00fcr Holztrommeln.<\/p>\n","protected":false},"featured_media":4275,"template":"","meta":[],"product_brand":[],"product_cat":[41],"product_tag":[],"class_list":{"0":"post-744","1":"product","2":"type-product","3":"status-publish","4":"has-post-thumbnail","6":"product_cat-felle","8":"first","9":"instock","10":"shipping-taxable","11":"purchasable","12":"product-type-variable"},"_links":{"self":[{"href":"https:\/\/www.trommelmanufaktur.ch\/wp-json-api\/wp\/v2\/product\/744","targetHints":{"allow":["GET"]}}],"collection":[{"href":"https:\/\/www.trommelmanufaktur.ch\/wp-json-api\/wp\/v2\/product"}],"about":[{"href":"https:\/\/www.trommelmanufaktur.ch\/wp-json-api\/wp\/v2\/types\/product"}],"wp:featuredmedia":[{"embeddable":true,"href":"https:\/\/www.trommelmanufaktur.ch\/wp-json-api\/wp\/v2\/media\/4275"}],"wp:attachment":[{"href":"https:\/\/www.trommelmanufaktur.ch\/wp-json-api\/wp\/v2\/media?parent=744"}],"wp:term":[{"taxonomy":"product_brand","embeddable":true,"href":"https:\/\/www.trommelmanufaktur.ch\/wp-json-api\/wp\/v2\/product_brand?post=744"},{"taxonomy":"product_cat","embeddable":true,"href":"https:\/\/www.trommelmanufaktur.ch\/wp-json-api\/wp\/v2\/product_cat?post=744"},{"taxonomy":"product_tag","embeddable":true,"href":"https:\/\/www.trommelmanufaktur.ch\/wp-json-api\/wp\/v2\/product_tag?post=744"}],"curies":[{"name":"wp","href":"https:\/\/api.w.org\/{rel}","templated":true}]}}