{"id":720,"date":"2017-02-03T18:40:55","date_gmt":"2017-02-03T17:40:55","guid":{"rendered":"https:\/\/www.trommelmanufaktur.ch\/product\/marchingstick-lite-stix-corpsmaster\/"},"modified":"2026-04-19T14:56:42","modified_gmt":"2026-04-19T12:56:42","slug":"marchingstick-lite-stix-corpsmaster","status":"publish","type":"product","link":"https:\/\/www.trommelmanufaktur.ch\/product\/marchingstick-lite-stix-corpsmaster\/","title":{"rendered":"Leucht-Schlegel &#8222;Lite Stix Corpsmaster&#8220;"},"content":{"rendered":"<p>&gt;Der neue Leuchtschlegel mit Nylon-Tip, sodass die Leuchtwirkung nicht nur von vorne, sondern von allen Seiten sichtbar ist.<\/p>\n<ul>\n<li>10 LED-Farbmodi in einem Schlegel mit verschiedenen Farbeffekten<\/li>\n<li>Integrierte Ladeanzeige<\/li>\n<li>MicroUSB Y-Ladekabel mit Betriebsanzeige<\/li>\n<li>Bei Vollladung bis zu 6h Lichtbrenndauer abh\u00e4ngig von der Farbwahl<\/li>\n<li>Jederzeit und \u00fcberall aufladbar via USB-Ladeger\u00e4t oder Powerbank<\/li>\n<\/ul>\n<h6>Eigenschaften<\/h6>\n<ul>\n<li>Holz: Weissbuche<\/li>\n<li>Kopf: oval, Nylon<\/li>\n<li>L\u00e4nge: 410mm<\/li>\n<li>\u2300 Schaft: 18mm<\/li>\n<li>Gewicht: ca. 79g<\/li>\n<li>Farbe: natur oder weiss<\/li>\n<\/ul>\n<p>Abbildungen \u00e4hnlich!<\/p>\n\n<h2 class=\"wp-block-heading\">Weissbuche<\/h2>\n\n\n\n<p>Die <a href=\"https:\/\/de.wikipedia.org\/wiki\/Hainbuche\" target=\"_blank\" rel=\"noreferrer noopener\">Weissbuche, auch Hainbuche oder Hagebuche genannt<\/a>, geh\u00f6rt zur Gattung der Hainbuchen aus der Familie der Birkengew\u00e4chse. Sie w\u00e4chst als mittelgro\u00dfer, laubabwerfender Baum oder Strauch in Europa und Westasien.<\/p>\n\n\n\n<p>Das Holz ist von heller Farbe und gleichm\u00e4ssig aufgebaut, was es zu einem idealen Holz f\u00fcr Trommelschlegel macht.<\/p>\n\n\n<h2 class=\"wp-block-heading\">Hinweis zu den Leuchtschlegeln Lite Stix<\/h2>\n\n\n\n<ul class=\"wp-block-list\">\n<li>Versuchen Sie nicht, die LED oder ein anderes internes Teil zu entfernen.<\/li>\n\n\n\n<li>Durch Rimshots und Beckenschl\u00e4ge kann der Schl\u00e4gel besch\u00e4digt werden.<\/li>\n\n\n\n<li>Der Lite Stix ist ein handgefertigtes Produkt; materielle und farbliche Unterschiede k\u00f6nnen vorkommen.<\/li>\n<\/ul>\n\n","protected":false},"excerpt":{"rendered":"<p>&gt;Der neue Leuchtschlegel mit Nylon-Tip, sodass die Leuchtwirkung nicht nur von vorne, sondern von allen Seiten sichtbar ist. 10 LED-Farbmodi in einem Schlegel mit verschiedenen Farbeffekten Integrierte Ladeanzeige MicroUSB Y-Ladekabel mit Betriebsanzeige Bei Vollladung bis zu 6h Lichtbrenndauer abh\u00e4ngig von der Farbwahl Jederzeit und \u00fcberall aufladbar via USB-Ladeger\u00e4t oder Powerbank Eigenschaften Holz: Weissbuche Kopf: oval, [&hellip;]<\/p>\n","protected":false},"featured_media":722,"template":"","meta":[],"product_brand":[],"product_cat":[67,121,50,74],"product_tag":[151],"class_list":{"0":"post-720","1":"product","2":"type-product","3":"status-publish","4":"has-post-thumbnail","6":"product_cat-marching-marschmusik","7":"product_cat-spezialschlegel","8":"product_cat-schlegel","9":"product_cat-trommelschlegel","10":"product_tag-leuchtschlegel","12":"first","13":"outofstock","14":"shipping-taxable","15":"purchasable","16":"product-type-variable"},"_links":{"self":[{"href":"https:\/\/www.trommelmanufaktur.ch\/wp-json-api\/wp\/v2\/product\/720","targetHints":{"allow":["GET"]}}],"collection":[{"href":"https:\/\/www.trommelmanufaktur.ch\/wp-json-api\/wp\/v2\/product"}],"about":[{"href":"https:\/\/www.trommelmanufaktur.ch\/wp-json-api\/wp\/v2\/types\/product"}],"wp:featuredmedia":[{"embeddable":true,"href":"https:\/\/www.trommelmanufaktur.ch\/wp-json-api\/wp\/v2\/media\/722"}],"wp:attachment":[{"href":"https:\/\/www.trommelmanufaktur.ch\/wp-json-api\/wp\/v2\/media?parent=720"}],"wp:term":[{"taxonomy":"product_brand","embeddable":true,"href":"https:\/\/www.trommelmanufaktur.ch\/wp-json-api\/wp\/v2\/product_brand?post=720"},{"taxonomy":"product_cat","embeddable":true,"href":"https:\/\/www.trommelmanufaktur.ch\/wp-json-api\/wp\/v2\/product_cat?post=720"},{"taxonomy":"product_tag","embeddable":true,"href":"https:\/\/www.trommelmanufaktur.ch\/wp-json-api\/wp\/v2\/product_tag?post=720"}],"curies":[{"name":"wp","href":"https:\/\/api.w.org\/{rel}","templated":true}]}}