{"id":7021,"date":"2024-01-05T14:11:01","date_gmt":"2024-01-05T13:11:01","guid":{"rendered":"\/?post_type=product&#038;p=7021"},"modified":"2025-06-04T22:53:47","modified_gmt":"2025-06-04T20:53:47","slug":"rohema-groove-cubes","status":"publish","type":"product","link":"https:\/\/www.trommelmanufaktur.ch\/product\/rohema-groove-cubes\/","title":{"rendered":"Rohema Groove Cubes"},"content":{"rendered":"<div class=\"product--description\">\n<p>Mit den Rohema Groove Cubes bringst du mehr Abwechslung in deine Drum \u00dcbungsroutine. Der Zufall entscheidet, was du trommelst.<\/p>\n<p>Das Set enth\u00e4lt 9 W\u00fcrfel aus Buchenholz. Auf diese sind verschiedene Notenbilder aufgedruckt, um Rhythmen kombinieren zu k\u00f6nnen.<\/p>\n<p>Zwei W\u00fcrfel bilden gemeinsam die Bass Drum \/ Snare Drum Kombination. Mit einem weiteren W\u00fcrfel wird die Hi-Hat Figur dazu kombiniert. Die Fill Cubes sind vier W\u00fcrfel, die zusammen eine Fill-Kombination bilden, auf die du so eventuell gar nicht gekommen w\u00e4rst. Ein zus\u00e4tzlicher Tempow\u00fcrfel bietet 6 verschiedene Spielgeschwindigkeiten in BPM (beats per minute). Ein kleines Gimmick, mit dem du entweder die tats\u00e4chliche Geschwindigkeit oder ein Tempo als &#8222;\u00dcbungsziel&#8220; festlegen kannst.<\/p>\n<p>Mit den Rohema Groove Cubes er\u00f6ffnen sich f\u00fcr Drummer, insbesondere auch f\u00fcr Schlagzeuglehrer und deren Sch\u00fcler, v\u00f6llig neue M\u00f6glichkeiten der t\u00e4glichen \u00dcbungsroutine. Wie oft passiert es, dass du immer wieder die gleichen Rhythmen, Beats oder Fills \u00fcbst!? Mit den Rhythmusw\u00fcrfeln kannst du den Zufall entscheiden lassen und hast jeden Tag eine neue Herausforderung, die du am Drumset umsetzen kannst.<\/p>\n<p>Schlagzeugsch\u00fcler k\u00f6nnen sich ihre \u00dcbungen bis zur n\u00e4chsten Stunde selbst zusammen w\u00fcrfeln. Dabei verbessern und sch\u00e4rfen sie noch die F\u00e4higkeiten im Notenlesen, Stickings und Orchestrierung.<\/p>\n<p>Die Groove Cubes haben eine Seitenl\u00e4nge von 30 Millimetern. Die kleine Schachtel mit allen 9 Cubes passt also locker in jede Tasche und du hast die W\u00fcrfel immer dabei.<\/p>\n<\/div>\n","protected":false},"excerpt":{"rendered":"<p>Mit den Rohema Groove Cubes bringst du mehr Abwechslung in deine Drum \u00dcbungsroutine. Der Zufall entscheidet, was du trommelst. Das Set enth\u00e4lt 9 W\u00fcrfel aus Buchenholz. Auf diese sind verschiedene Notenbilder aufgedruckt, um Rhythmen kombinieren zu k\u00f6nnen. Zwei W\u00fcrfel bilden gemeinsam die Bass Drum \/ Snare Drum Kombination. Mit einem weiteren W\u00fcrfel wird die Hi-Hat [&hellip;]<\/p>\n","protected":false},"featured_media":7022,"template":"","meta":[],"product_brand":[],"product_cat":[72,220,35],"product_tag":[312,311,313,275,310],"class_list":{"0":"post-7021","1":"product","2":"type-product","3":"status-publish","4":"has-post-thumbnail","6":"product_cat-accessoires","7":"product_cat-diverses","8":"product_cat-uebungszubehoer","9":"product_tag-cubes","10":"product_tag-groove","11":"product_tag-hilfsmittel","12":"product_tag-rohema","13":"product_tag-uebungszubehoer","14":"product_shipping_class-letter-thick","16":"first","17":"instock","18":"shipping-taxable","19":"purchasable","20":"product-type-simple"},"_links":{"self":[{"href":"https:\/\/www.trommelmanufaktur.ch\/wp-json-api\/wp\/v2\/product\/7021","targetHints":{"allow":["GET"]}}],"collection":[{"href":"https:\/\/www.trommelmanufaktur.ch\/wp-json-api\/wp\/v2\/product"}],"about":[{"href":"https:\/\/www.trommelmanufaktur.ch\/wp-json-api\/wp\/v2\/types\/product"}],"wp:featuredmedia":[{"embeddable":true,"href":"https:\/\/www.trommelmanufaktur.ch\/wp-json-api\/wp\/v2\/media\/7022"}],"wp:attachment":[{"href":"https:\/\/www.trommelmanufaktur.ch\/wp-json-api\/wp\/v2\/media?parent=7021"}],"wp:term":[{"taxonomy":"product_brand","embeddable":true,"href":"https:\/\/www.trommelmanufaktur.ch\/wp-json-api\/wp\/v2\/product_brand?post=7021"},{"taxonomy":"product_cat","embeddable":true,"href":"https:\/\/www.trommelmanufaktur.ch\/wp-json-api\/wp\/v2\/product_cat?post=7021"},{"taxonomy":"product_tag","embeddable":true,"href":"https:\/\/www.trommelmanufaktur.ch\/wp-json-api\/wp\/v2\/product_tag?post=7021"}],"curies":[{"name":"wp","href":"https:\/\/api.w.org\/{rel}","templated":true}]}}