{"id":660,"date":"2017-02-03T15:59:31","date_gmt":"2017-02-03T14:59:31","guid":{"rendered":"https:\/\/www.trommelmanufaktur.ch\/product\/kalbfell-trommelmanufaktur-premium-40cm-transparent-kopie\/"},"modified":"2025-09-21T14:22:25","modified_gmt":"2025-09-21T12:22:25","slug":"kalbfell-trommelmanufaktur-premium-40cm-transparent-kopie","status":"publish","type":"product","link":"https:\/\/www.trommelmanufaktur.ch\/product\/kalbfell-trommelmanufaktur-premium-40cm-transparent-kopie\/","title":{"rendered":"Kalbfell Premium 40cm, transparent"},"content":{"rendered":"<p>Unsere Premium-Kalbfelle sind von sehr hoher Qualit\u00e4t und stammen ausschliesslich aus Europa. Die Verarbeitung von der Haut zum Trommelfell wird nach altem, \u00fcberliefertem Handwerk durchgef\u00fchrt. Die Felle werden in einem Alureif eingefalzt, welcher auf Wunsch auch beige oder dunkelbraun bemalt erh\u00e4ltlich ist, z.B. f\u00fcr Holztrommeln.<\/p>\n<p>Dieses Fell hat eine transparente Oberfl\u00e4che.<\/p>\n\n<h2 class=\"wp-block-heading\">Naturfelle<\/h2>\n\n\n\n<p>Bei diesem Fell handelt es sich um ein Naturprodukt. Jedes dieser Felle ist individuell und hat seine eigenen Eigenschaften. Die klimatischen Bedingungen denen das Fells w\u00e4hrend der Lagerung als auch w\u00e4hrend des Gebrauchs ausgesetzt sind haben ebenfalls einen grossen Einfluss. Wir k\u00f6nnen deshalb keine Garantie auf die Spieleigenschaften des Fells sowie dessen Haltbarkeit geben. Sollte ein von uns bezogenes Fell nachweislich wegen eines Fertigungsfehlers ausserordentlich schnell reissen, <a href=\"\/impressum\/\">kontaktieren<\/a> Sie uns bitte.<\/p>\n\n","protected":false},"excerpt":{"rendered":"<p>Unsere Premium-Kalbfelle sind von sehr hoher Qualit\u00e4t und stammen ausschliesslich aus Europa. Die Verarbeitung von der Haut zum Trommelfell wird nach altem, \u00fcberliefertem Handwerk durchgef\u00fchrt. Die Felle werden in einem Alureif eingefalzt, welcher auf Wunsch auch beige oder dunkelbraun bemalt erh\u00e4ltlich ist, z.B. f\u00fcr Holztrommeln. Dieses Fell hat eine transparente Oberfl\u00e4che.<\/p>\n","protected":false},"featured_media":3254,"template":"","meta":[],"product_brand":[],"product_cat":[162,41],"product_tag":[],"class_list":{"0":"post-660","1":"product","2":"type-product","3":"status-publish","4":"has-post-thumbnail","6":"product_cat-clearance","7":"product_cat-felle","9":"first","10":"instock","11":"sale","12":"shipping-taxable","13":"purchasable","14":"product-type-variable"},"_links":{"self":[{"href":"https:\/\/www.trommelmanufaktur.ch\/wp-json-api\/wp\/v2\/product\/660","targetHints":{"allow":["GET"]}}],"collection":[{"href":"https:\/\/www.trommelmanufaktur.ch\/wp-json-api\/wp\/v2\/product"}],"about":[{"href":"https:\/\/www.trommelmanufaktur.ch\/wp-json-api\/wp\/v2\/types\/product"}],"wp:featuredmedia":[{"embeddable":true,"href":"https:\/\/www.trommelmanufaktur.ch\/wp-json-api\/wp\/v2\/media\/3254"}],"wp:attachment":[{"href":"https:\/\/www.trommelmanufaktur.ch\/wp-json-api\/wp\/v2\/media?parent=660"}],"wp:term":[{"taxonomy":"product_brand","embeddable":true,"href":"https:\/\/www.trommelmanufaktur.ch\/wp-json-api\/wp\/v2\/product_brand?post=660"},{"taxonomy":"product_cat","embeddable":true,"href":"https:\/\/www.trommelmanufaktur.ch\/wp-json-api\/wp\/v2\/product_cat?post=660"},{"taxonomy":"product_tag","embeddable":true,"href":"https:\/\/www.trommelmanufaktur.ch\/wp-json-api\/wp\/v2\/product_tag?post=660"}],"curies":[{"name":"wp","href":"https:\/\/api.w.org\/{rel}","templated":true}]}}