{"id":6508,"date":"2022-07-09T00:00:24","date_gmt":"2022-07-08T22:00:24","guid":{"rendered":"\/?post_type=product&#038;p=6508"},"modified":"2024-04-10T20:09:22","modified_gmt":"2024-04-10T18:09:22","slug":"neue-basler-marschsammlung-1","status":"publish","type":"product","link":"https:\/\/www.trommelmanufaktur.ch\/product\/neue-basler-marschsammlung-1\/","title":{"rendered":"Neue Basler Marschsammlung, Band 1"},"content":{"rendered":"<div class=\"page\" title=\"Page 1\">\n<div class=\"layoutArea\">\n<div class=\"column\">\n<p><strong>Vorwort:<\/strong><\/p>\n<p>Beinahe 40 Jahre ist es her, dass Rolf Schlebach verdankenswerterweise die Reihe der ersten beiden \u201eBerger-Hefte\u201c des legenda\u0308ren \u201eTrommeldoktors,\u201c Dr. Fritz \u201eFrutz\u201c Rudolf Berger, um den 3. Band erweitert hat.<\/p>\n<p>Mit dem vorliegenden Buch von Alain Martin halten Sie nun einen weiteren Meilenstein im Sinne von Bergers Verma\u0308chtnis in Ha\u0308nden, der vor 95 Jahren diese einzigartige Marschsammlung ins Leben gerufen hat.<\/p>\n<p>So wurden auch in diesem Band nicht weniger als 55 Fasnachtsma\u0308rsche zu einer zeitgeno\u0308ssischen Sammlung verschiedenster Komponistinnen und Komponisten vereint, die fu\u0308r den Wert der bestehenden Ba\u0308nde 1 &#8211; 3 unbestritten eine bereichernde Erga\u0308nzung sein werden. Die Ma\u0308rsche wurde in der vom STPV-ASTF entwickelten \u201eZu\u0308ndstoff-Schrift\u201c geschrieben, welche eine zeitgema\u0308ss angepasste Erweiterung der \u201eBergernotation\u201c darstellt.<\/p>\n<\/div>\n<\/div>\n<\/div>\n<p><strong>Inhalt:<\/strong><\/p>\n<p>Gemischte M\u00e4rsche:<\/p>\n<ul>\n<li>Abraxas<\/li>\n<li>s \u00c4\u00e4nisbreetli<\/li>\n<li>Alte Kameraden 94<\/li>\n<li>Apollo<\/li>\n<li>Aup\u00e8s de ma Blonde<\/li>\n<li>Aux armes Gen\u00e8ve<\/li>\n<li>dr B\u00e4rlauch<\/li>\n<li>Baslermarsch<\/li>\n<li>Basler Pfyffergruess<\/li>\n<li>Bl\u00e4tzibajass<\/li>\n<li>Boccalino<\/li>\n<li>d Brite 79<\/li>\n<li>Brunnenmarsch<\/li>\n<li>Colonel Bogey&#8217;s March<\/li>\n<li>dr Copain<\/li>\n<li>F\u00e4\u00e4gn\u00e4scht<\/li>\n<li>F\u00e4hrimarsch<\/li>\n<li>Festival March<\/li>\n<li>dr Fischm\u00e4rt<\/li>\n<li>s Fritzli<\/li>\n<li>s Fudiweggli<\/li>\n<li>s Fyrhernli<\/li>\n<li>Fyyrvogel<\/li>\n<li>dr Guignol<\/li>\n<li>Hans-Dampf<\/li>\n<li>dr Hanswurscht<\/li>\n<li>dr Herold<\/li>\n<li>dr Hofnaar<\/li>\n<li>dr Iredulpf<\/li>\n<li>dr Keenig<\/li>\n<li>le Lancier<\/li>\n<li>Liberty Bell (Monty)<\/li>\n<li>s Lisettli<\/li>\n<li>s Ohremyggeli<\/li>\n<li>Pierrot<\/li>\n<li>dr Rhysprung<\/li>\n<li>Rossbolle<\/li>\n<li>San Carlo<\/li>\n<li>Sixty-Nine<\/li>\n<li>Unggle Sam<\/li>\n<\/ul>\n<p>Trommelm\u00e4rsche:<\/p>\n<ul>\n<li>1349<\/li>\n<li>Alte Franz\u00f6sische Retraite<\/li>\n<li>dr Beat<\/li>\n<li>Biirestiil<\/li>\n<li>dr Bimbo<\/li>\n<li>Dootedanz<\/li>\n<li>dr Gallier<\/li>\n<li>s Hexagramm<\/li>\n<li>s Kirsi-Muul<\/li>\n<li>Mordillo<\/li>\n<li>dr Pirat<\/li>\n<li>Querschleger<\/li>\n<li>dr Remigius R.<\/li>\n<li>Rhyblitz<\/li>\n<li>dr Trinker<\/li>\n<\/ul>\n","protected":false},"excerpt":{"rendered":"<p>Vorwort: Beinahe 40 Jahre ist es her, dass Rolf Schlebach verdankenswerterweise die Reihe der ersten beiden \u201eBerger-Hefte\u201c des legenda\u0308ren \u201eTrommeldoktors,\u201c Dr. Fritz \u201eFrutz\u201c Rudolf Berger, um den 3. Band erweitert hat. Mit dem vorliegenden Buch von Alain Martin halten Sie nun einen weiteren Meilenstein im Sinne von Bergers Verma\u0308chtnis in Ha\u0308nden, der vor 95 Jahren [&hellip;]<\/p>\n","protected":false},"featured_media":6510,"template":"","meta":[],"product_brand":[],"product_cat":[51],"product_tag":[],"class_list":{"0":"post-6508","1":"product","2":"type-product","3":"status-publish","4":"has-post-thumbnail","6":"product_cat-buecher","7":"product_shipping_class-letter-large","9":"first","10":"instock","11":"shipping-taxable","12":"purchasable","13":"product-type-simple"},"_links":{"self":[{"href":"https:\/\/www.trommelmanufaktur.ch\/wp-json-api\/wp\/v2\/product\/6508","targetHints":{"allow":["GET"]}}],"collection":[{"href":"https:\/\/www.trommelmanufaktur.ch\/wp-json-api\/wp\/v2\/product"}],"about":[{"href":"https:\/\/www.trommelmanufaktur.ch\/wp-json-api\/wp\/v2\/types\/product"}],"wp:featuredmedia":[{"embeddable":true,"href":"https:\/\/www.trommelmanufaktur.ch\/wp-json-api\/wp\/v2\/media\/6510"}],"wp:attachment":[{"href":"https:\/\/www.trommelmanufaktur.ch\/wp-json-api\/wp\/v2\/media?parent=6508"}],"wp:term":[{"taxonomy":"product_brand","embeddable":true,"href":"https:\/\/www.trommelmanufaktur.ch\/wp-json-api\/wp\/v2\/product_brand?post=6508"},{"taxonomy":"product_cat","embeddable":true,"href":"https:\/\/www.trommelmanufaktur.ch\/wp-json-api\/wp\/v2\/product_cat?post=6508"},{"taxonomy":"product_tag","embeddable":true,"href":"https:\/\/www.trommelmanufaktur.ch\/wp-json-api\/wp\/v2\/product_tag?post=6508"}],"curies":[{"name":"wp","href":"https:\/\/api.w.org\/{rel}","templated":true}]}}