{"id":6304,"date":"2021-11-09T09:17:23","date_gmt":"2021-11-09T08:17:23","guid":{"rendered":"\/?post_type=product&#038;p=6304"},"modified":"2025-12-20T23:24:22","modified_gmt":"2025-12-20T22:24:22","slug":"trommelschlegel-mit-gummikopf-agner-r1","status":"publish","type":"product","link":"https:\/\/www.trommelmanufaktur.ch\/product\/trommelschlegel-mit-gummikopf-agner-r1\/","title":{"rendered":"Trommelschlegel mit Gummikopf Agner R1"},"content":{"rendered":"<p>Practice-Sticks Agner R1 mit Gummikopf.<\/p>\n<ul>\n<li>Schlegel und \u00dcbungspad in einem. Mit diesem Stick kann auf ziemlich allen harten Oberfl\u00e4chen gespielt werden.<\/li>\n<li>Holz: Weissbuche<\/li>\n<li>Kopf: rund<\/li>\n<li>L\u00e4nge: 415mm<\/li>\n<li>\u2300 Schaft: 19.1mm<\/li>\n<li>Farbe: natur, rot<\/li>\n<\/ul>\n\n<h2 class=\"wp-block-heading\">Weissbuche<\/h2>\n\n\n\n<p>Die <a href=\"https:\/\/de.wikipedia.org\/wiki\/Hainbuche\" target=\"_blank\" rel=\"noreferrer noopener\">Weissbuche, auch Hainbuche oder Hagebuche genannt<\/a>, geh\u00f6rt zur Gattung der Hainbuchen aus der Familie der Birkengew\u00e4chse. Sie w\u00e4chst als mittelgro\u00dfer, laubabwerfender Baum oder Strauch in Europa und Westasien.<\/p>\n\n\n\n<p>Das Holz ist von heller Farbe und gleichm\u00e4ssig aufgebaut, was es zu einem idealen Holz f\u00fcr Trommelschlegel macht.<\/p>\n\n","protected":false},"excerpt":{"rendered":"<p>Practice-Sticks Agner R1 mit Gummikopf. Schlegel und \u00dcbungspad in einem. Mit diesem Stick kann auf ziemlich allen harten Oberfl\u00e4chen gespielt werden. Holz: Weissbuche Kopf: rund L\u00e4nge: 415mm \u2300 Schaft: 19.1mm Farbe: natur, rot<\/p>\n","protected":false},"featured_media":6303,"template":"","meta":[],"product_brand":[],"product_cat":[285,121,50],"product_tag":[267,300,301,257],"class_list":{"0":"post-6304","1":"product","2":"type-product","3":"status-publish","4":"has-post-thumbnail","6":"product_cat-labelable-sticks","7":"product_cat-spezialschlegel","8":"product_cat-schlegel","9":"product_tag-agner","10":"product_tag-gummikopf","11":"product_tag-practice","12":"product_tag-schlegel","14":"first","15":"instock","16":"shipping-taxable","17":"purchasable","18":"product-type-simple"},"_links":{"self":[{"href":"https:\/\/www.trommelmanufaktur.ch\/wp-json-api\/wp\/v2\/product\/6304","targetHints":{"allow":["GET"]}}],"collection":[{"href":"https:\/\/www.trommelmanufaktur.ch\/wp-json-api\/wp\/v2\/product"}],"about":[{"href":"https:\/\/www.trommelmanufaktur.ch\/wp-json-api\/wp\/v2\/types\/product"}],"wp:featuredmedia":[{"embeddable":true,"href":"https:\/\/www.trommelmanufaktur.ch\/wp-json-api\/wp\/v2\/media\/6303"}],"wp:attachment":[{"href":"https:\/\/www.trommelmanufaktur.ch\/wp-json-api\/wp\/v2\/media?parent=6304"}],"wp:term":[{"taxonomy":"product_brand","embeddable":true,"href":"https:\/\/www.trommelmanufaktur.ch\/wp-json-api\/wp\/v2\/product_brand?post=6304"},{"taxonomy":"product_cat","embeddable":true,"href":"https:\/\/www.trommelmanufaktur.ch\/wp-json-api\/wp\/v2\/product_cat?post=6304"},{"taxonomy":"product_tag","embeddable":true,"href":"https:\/\/www.trommelmanufaktur.ch\/wp-json-api\/wp\/v2\/product_tag?post=6304"}],"curies":[{"name":"wp","href":"https:\/\/api.w.org\/{rel}","templated":true}]}}