{"id":6241,"date":"2021-10-30T11:21:12","date_gmt":"2021-10-30T09:21:12","guid":{"rendered":"\/?post_type=product&#038;p=6241"},"modified":"2026-03-15T18:53:28","modified_gmt":"2026-03-15T17:53:28","slug":"rohema-5ax-extreme","status":"publish","type":"product","link":"https:\/\/www.trommelmanufaktur.ch\/product\/rohema-5ax-extreme\/","title":{"rendered":"Rohema 5AX Extreme"},"content":{"rendered":"<p>F\u00fcr die Extreme Series w\u00e4hlt Rohema das Hickory Holz mit der h\u00f6chsten Dichte aus. Der Extreme 5 AX ist also nicht einfach nur die l\u00e4ngere Version vom Standardmodell 5A, sondern ist durch die Holzauswahl entsprechend schwerer und haltbarer. Mit 10 Millimetern Extral\u00e4nge sorgt er ausserdem f\u00fcr mehr Reichweite und Punch.<\/p>\n<ul>\n<li>Holz: Amerikanisches Hickory<\/li>\n<li>Kopf: eichelf\u00f6rmig<\/li>\n<li>L\u00e4nge: 415mm<\/li>\n<li>\u2300 Schaft: 14.3mm<\/li>\n<li>Gewicht: mittelschwer<\/li>\n<li>Oberfl\u00e4che: lackiert<\/li>\n<\/ul>\n\n<h2 class=\"wp-block-heading\">Hickory<\/h2>\n\n\n\n<p><a href=\"https:\/\/de.wikipedia.org\/wiki\/Hickory_(Pflanze)\" target=\"_blank\" rel=\"noreferrer noopener\">Hickoryb\u00e4ume<\/a> geh\u00f6ren zur Familie der Walnussgew\u00e4chse und kommen in Nordamerika und Ostasien vor. Das Holz ist sehr hart und belastbar. Es wird u.a. f\u00fcr die Herstellung von Werkzeugstielen und auch Drumsticks benutzt.<\/p>\n\n\n<h2 class=\"wp-block-heading\">Rohema Percussion<\/h2>\n\n\n\n<p>Die Drumsticks der Firma <a href=\"https:\/\/www.rohema.de\/\" target=\"_blank\" rel=\"noreferrer noopener\">Rohema Percussion<\/a> werden im Familienbetrieb in <a href=\"https:\/\/de.wikipedia.org\/wiki\/Markneukirchen\" target=\"_blank\" rel=\"noreferrer noopener\">Markneukirchen (D)<\/a> seit 1888 in der f\u00fcnften Generation hergestellt. Rohema ist der gr\u00f6sste Drumstick-Hersteller in Europa und legt grossen Wert auf Qualit\u00e4t. Jedes St\u00fcck Holz wird vor der Herstellung gewogen und so sortiert. Die Stick-Paare werden nicht nur nach Gewicht, sondern auch nach Klang sortiert.<\/p>\n\n","protected":false},"excerpt":{"rendered":"<p>F\u00fcr die Extreme Series w\u00e4hlt Rohema das Hickory Holz mit der h\u00f6chsten Dichte aus. Der Extreme 5 AX ist also nicht einfach nur die l\u00e4ngere Version vom Standardmodell 5A, sondern ist durch die Holzauswahl entsprechend schwerer und haltbarer. Mit 10 Millimetern Extral\u00e4nge sorgt er ausserdem f\u00fcr mehr Reichweite und Punch. Holz: Amerikanisches Hickory Kopf: eichelf\u00f6rmig [&hellip;]<\/p>\n","protected":false},"featured_media":6229,"template":"","meta":[],"product_brand":[],"product_cat":[285,75],"product_tag":[],"class_list":{"0":"post-6241","1":"product","2":"type-product","3":"status-publish","4":"has-post-thumbnail","6":"product_cat-labelable-sticks","7":"product_cat-drumsticks","9":"first","10":"instock","11":"shipping-taxable","12":"purchasable","13":"product-type-simple"},"_links":{"self":[{"href":"https:\/\/www.trommelmanufaktur.ch\/wp-json-api\/wp\/v2\/product\/6241","targetHints":{"allow":["GET"]}}],"collection":[{"href":"https:\/\/www.trommelmanufaktur.ch\/wp-json-api\/wp\/v2\/product"}],"about":[{"href":"https:\/\/www.trommelmanufaktur.ch\/wp-json-api\/wp\/v2\/types\/product"}],"wp:featuredmedia":[{"embeddable":true,"href":"https:\/\/www.trommelmanufaktur.ch\/wp-json-api\/wp\/v2\/media\/6229"}],"wp:attachment":[{"href":"https:\/\/www.trommelmanufaktur.ch\/wp-json-api\/wp\/v2\/media?parent=6241"}],"wp:term":[{"taxonomy":"product_brand","embeddable":true,"href":"https:\/\/www.trommelmanufaktur.ch\/wp-json-api\/wp\/v2\/product_brand?post=6241"},{"taxonomy":"product_cat","embeddable":true,"href":"https:\/\/www.trommelmanufaktur.ch\/wp-json-api\/wp\/v2\/product_cat?post=6241"},{"taxonomy":"product_tag","embeddable":true,"href":"https:\/\/www.trommelmanufaktur.ch\/wp-json-api\/wp\/v2\/product_tag?post=6241"}],"curies":[{"name":"wp","href":"https:\/\/api.w.org\/{rel}","templated":true}]}}