{"id":6234,"date":"2021-10-30T11:07:22","date_gmt":"2021-10-30T09:07:22","guid":{"rendered":"\/?post_type=product&#038;p=6234"},"modified":"2026-03-25T06:58:54","modified_gmt":"2026-03-25T05:58:54","slug":"rohema-7a-classic","status":"publish","type":"product","link":"https:\/\/www.trommelmanufaktur.ch\/product\/rohema-7a-classic\/","title":{"rendered":"Rohema 7A Classic"},"content":{"rendered":"<p>Rohema fertigt den Classic 7A aus dem besten amerikanischen Hickory Holz. In der Classic Serie ist er der schlankeste Stock, etwas d\u00fcnner und k\u00fcrzer als das Standard 5A Modell. Dennoch hat der 7A eine stabile Schulter. Der Tip hat die klassische Acorn-Form. Der Stick ist sehr vielseitig einsetzbar und auch gut f\u00fcr Einsteiger geeignet.<\/p>\n<ul>\n<li>Holz: Amerikanisches Hickory<\/li>\n<li>Kopf: eichelf\u00f6rmig<\/li>\n<li>L\u00e4nge: 395mm<\/li>\n<li>\u2300 Schaft: 13.8mm<\/li>\n<li>Gewicht: leicht<\/li>\n<li>Oberfl\u00e4che: lackiert<\/li>\n<\/ul>\n\n<h2 class=\"wp-block-heading\">Hickory<\/h2>\n\n\n\n<p><a href=\"https:\/\/de.wikipedia.org\/wiki\/Hickory_(Pflanze)\" target=\"_blank\" rel=\"noreferrer noopener\">Hickoryb\u00e4ume<\/a> geh\u00f6ren zur Familie der Walnussgew\u00e4chse und kommen in Nordamerika und Ostasien vor. Das Holz ist sehr hart und belastbar. Es wird u.a. f\u00fcr die Herstellung von Werkzeugstielen und auch Drumsticks benutzt.<\/p>\n\n\n<h2 class=\"wp-block-heading\">Rohema Percussion<\/h2>\n\n\n\n<p>Die Drumsticks der Firma <a href=\"https:\/\/www.rohema.de\/\" target=\"_blank\" rel=\"noreferrer noopener\">Rohema Percussion<\/a> werden im Familienbetrieb in <a href=\"https:\/\/de.wikipedia.org\/wiki\/Markneukirchen\" target=\"_blank\" rel=\"noreferrer noopener\">Markneukirchen (D)<\/a> seit 1888 in der f\u00fcnften Generation hergestellt. Rohema ist der gr\u00f6sste Drumstick-Hersteller in Europa und legt grossen Wert auf Qualit\u00e4t. Jedes St\u00fcck Holz wird vor der Herstellung gewogen und so sortiert. Die Stick-Paare werden nicht nur nach Gewicht, sondern auch nach Klang sortiert.<\/p>\n\n","protected":false},"excerpt":{"rendered":"<p>Rohema fertigt den Classic 7A aus dem besten amerikanischen Hickory Holz. In der Classic Serie ist er der schlankeste Stock, etwas d\u00fcnner und k\u00fcrzer als das Standard 5A Modell. Dennoch hat der 7A eine stabile Schulter. Der Tip hat die klassische Acorn-Form. Der Stick ist sehr vielseitig einsetzbar und auch gut f\u00fcr Einsteiger geeignet. Holz: [&hellip;]<\/p>\n","protected":false},"featured_media":6226,"template":"","meta":[],"product_brand":[],"product_cat":[285,75],"product_tag":[],"class_list":{"0":"post-6234","1":"product","2":"type-product","3":"status-publish","4":"has-post-thumbnail","6":"product_cat-labelable-sticks","7":"product_cat-drumsticks","9":"first","10":"instock","11":"shipping-taxable","12":"purchasable","13":"product-type-simple"},"_links":{"self":[{"href":"https:\/\/www.trommelmanufaktur.ch\/wp-json-api\/wp\/v2\/product\/6234","targetHints":{"allow":["GET"]}}],"collection":[{"href":"https:\/\/www.trommelmanufaktur.ch\/wp-json-api\/wp\/v2\/product"}],"about":[{"href":"https:\/\/www.trommelmanufaktur.ch\/wp-json-api\/wp\/v2\/types\/product"}],"wp:featuredmedia":[{"embeddable":true,"href":"https:\/\/www.trommelmanufaktur.ch\/wp-json-api\/wp\/v2\/media\/6226"}],"wp:attachment":[{"href":"https:\/\/www.trommelmanufaktur.ch\/wp-json-api\/wp\/v2\/media?parent=6234"}],"wp:term":[{"taxonomy":"product_brand","embeddable":true,"href":"https:\/\/www.trommelmanufaktur.ch\/wp-json-api\/wp\/v2\/product_brand?post=6234"},{"taxonomy":"product_cat","embeddable":true,"href":"https:\/\/www.trommelmanufaktur.ch\/wp-json-api\/wp\/v2\/product_cat?post=6234"},{"taxonomy":"product_tag","embeddable":true,"href":"https:\/\/www.trommelmanufaktur.ch\/wp-json-api\/wp\/v2\/product_tag?post=6234"}],"curies":[{"name":"wp","href":"https:\/\/api.w.org\/{rel}","templated":true}]}}