{"id":6149,"date":"2021-07-28T22:20:43","date_gmt":"2021-07-28T20:20:43","guid":{"rendered":"\/?post_type=product&#038;p=6149"},"modified":"2025-11-16T08:47:59","modified_gmt":"2025-11-16T07:47:59","slug":"basler-trommelmaersche-band-1","status":"publish","type":"product","link":"https:\/\/www.trommelmanufaktur.ch\/product\/basler-trommelmaersche-band-1\/","title":{"rendered":"Basler Trommelm\u00e4rsche, Band 1"},"content":{"rendered":"<p>Band 1 der Baslermarschsammlung von Dr. Fritz Berger.<\/p>\n<p>Inhalt:<\/p>\n<ul>\n<li>Aeschlemer<\/li>\n<li>Alte Schweizerm\u00e4rsche<\/li>\n<li>Arabi<\/li>\n<li>Basler Festspielm\u00e4rsche<\/li>\n<li>Glopfgaischt<\/li>\n<li>Gluggsi<\/li>\n<li>Johanniter<\/li>\n<li>Morgenstreich<\/li>\n<li>Neue Schweizerm\u00e4rsche<\/li>\n<li>Querpfyffer<\/li>\n<li>Staenzler<\/li>\n<li>Stainlemer<\/li>\n<li>Tango<\/li>\n<li>Vaudois<\/li>\n<li>Alte Franzosen<\/li>\n<li>Bajazzo<\/li>\n<li>Burenm\u00e4rsche<\/li>\n<li>Celanesen<\/li>\n<li>Falkeb\u00e4rger<\/li>\n<li>Dreier ( Mariner )<\/li>\n<li>General Guisanmarsch<\/li>\n<li>Glaibasler<\/li>\n<li>Japanesen ( Mexikaner )<\/li>\n<li>L\u00e4lli<\/li>\n<li>M\u00e4rmeli<\/li>\n<li>M\u00e4tzli<\/li>\n<li>N\u00e4peli ( Neapolitaner )<\/li>\n<li>Neue Basler Tagwacht<\/li>\n<li>Pumperniggel<\/li>\n<li>Radac-Tagwacht<\/li>\n<li>Retraite, einfache<\/li>\n<li>Retraite, neue Variationen<\/li>\n<li>R\u00f6mer<\/li>\n<li>S\u00e4mmeli<\/li>\n<li>Staikohle<\/li>\n<li>Tagwacht, einfache<\/li>\n<li>Tagwacht, mit Schlegelfechten<\/li>\n<li>Walliser, mit Fin de si\u00e8cle<\/li>\n<li>Winschdi<\/li>\n<li>Wintzer<\/li>\n<li>Basler Totentanz von 1943, von Frank Martin, Gen\u00e8ve<\/li>\n<li>St\u00e4gemarsch<\/li>\n<li>Zunft-Tusch<\/li>\n<li>B\u00e4redanz der Hausgenossenschaft<\/li>\n<li>Die T\u00e4nze von Leu, Greif und Wilden Mann<\/li>\n<li>Marsch bei Ankunft des Wilden Mannes<\/li>\n<li>Marsch durch die Strassen Kleinbasels<\/li>\n<\/ul>\n","protected":false},"excerpt":{"rendered":"<p>Band 1 der Baslermarschsammlung von Dr. Fritz Berger. Inhalt: Aeschlemer Alte Schweizerm\u00e4rsche Arabi Basler Festspielm\u00e4rsche Glopfgaischt Gluggsi Johanniter Morgenstreich Neue Schweizerm\u00e4rsche Querpfyffer Staenzler Stainlemer Tango Vaudois Alte Franzosen Bajazzo Burenm\u00e4rsche Celanesen Falkeb\u00e4rger Dreier ( Mariner ) General Guisanmarsch Glaibasler Japanesen ( Mexikaner ) L\u00e4lli M\u00e4rmeli M\u00e4tzli N\u00e4peli ( Neapolitaner ) Neue Basler Tagwacht Pumperniggel Radac-Tagwacht [&hellip;]<\/p>\n","protected":false},"featured_media":6155,"template":"","meta":[],"product_brand":[],"product_cat":[51],"product_tag":[],"class_list":{"0":"post-6149","1":"product","2":"type-product","3":"status-publish","4":"has-post-thumbnail","6":"product_cat-buecher","7":"product_shipping_class-letter-large","9":"first","10":"outofstock","11":"shipping-taxable","12":"purchasable","13":"product-type-simple"},"_links":{"self":[{"href":"https:\/\/www.trommelmanufaktur.ch\/wp-json-api\/wp\/v2\/product\/6149","targetHints":{"allow":["GET"]}}],"collection":[{"href":"https:\/\/www.trommelmanufaktur.ch\/wp-json-api\/wp\/v2\/product"}],"about":[{"href":"https:\/\/www.trommelmanufaktur.ch\/wp-json-api\/wp\/v2\/types\/product"}],"wp:featuredmedia":[{"embeddable":true,"href":"https:\/\/www.trommelmanufaktur.ch\/wp-json-api\/wp\/v2\/media\/6155"}],"wp:attachment":[{"href":"https:\/\/www.trommelmanufaktur.ch\/wp-json-api\/wp\/v2\/media?parent=6149"}],"wp:term":[{"taxonomy":"product_brand","embeddable":true,"href":"https:\/\/www.trommelmanufaktur.ch\/wp-json-api\/wp\/v2\/product_brand?post=6149"},{"taxonomy":"product_cat","embeddable":true,"href":"https:\/\/www.trommelmanufaktur.ch\/wp-json-api\/wp\/v2\/product_cat?post=6149"},{"taxonomy":"product_tag","embeddable":true,"href":"https:\/\/www.trommelmanufaktur.ch\/wp-json-api\/wp\/v2\/product_tag?post=6149"}],"curies":[{"name":"wp","href":"https:\/\/api.w.org\/{rel}","templated":true}]}}