{"id":5956,"date":"2020-12-04T16:00:07","date_gmt":"2020-12-04T15:00:07","guid":{"rendered":"\/?post_type=product&#038;p=5956"},"modified":"2026-03-21T17:24:52","modified_gmt":"2026-03-21T16:24:52","slug":"trommelboeckli-set","status":"publish","type":"product","link":"https:\/\/www.trommelmanufaktur.ch\/product\/trommelboeckli-set\/","title":{"rendered":"Trommelb\u00f6ckli-Set (B\u00f6ckli und St\u00e4nder)"},"content":{"rendered":"<p>Unser Trommelb\u00f6ckli-Set ist besonders f\u00fcr Anf\u00e4nger geeignet. Es enth\u00e4lt unser Trommelb\u00f6ckli Modell &#8222;Trommelmanufaktur&#8220; in schwarzer Farbe sowie den passenden St\u00e4nder. Das Spielgef\u00fchl \u00e4hnelt dem einer richtigen Trommel. Mit dem Set haben Sie alles n\u00f6tige um gleich loszulegen.<\/p>\n<h2>Inhalt<\/h2>\n<ul>\n<li><a href=\"\/product\/trommelboeckli-trofa\/\">Trommelb\u00f6ckli Modell &#8222;Tro mmelmanufaktur&#8220;<\/a> mit einschichtigem Gewebefell und stufenlos verstellbarer Halterung<\/li>\n<li><a href=\"\/product\/boecklistaender\/\">St\u00e4nder in Standard- oder Kindergr\u00f6sse<\/a><\/li>\n<\/ul>\n<p>Das B\u00f6ckli wird spielfertig montiert geliefert und muss nur auf den St\u00e4nder geschraubt werden. Das Spannen des Fells erfolgt durch drei Fl\u00fcgelmuttern auf der Unterseite.<\/p>\n<span class=\"clearfix\"><\/span>\n<h2>Zusatzwissen<\/h2>\n<div  class='av-catalogue-container av-av_catalogue-5a8c88300fc5b1c28014edec2a925cb8'><ul class='av-catalogue-list'>\n<li><a href=\"https:\/\/www.trommelmanufaktur.ch\/wissen\/filzwechsel-trommelboeckli\/\"  class='av-catalogue-item av-av_catalogue_item-38d4fa1de3a610ce6f289dd462aff4bd' ><img decoding=\"async\" width=\"180\" height=\"180\" loading=\"lazy\" src=\"https:\/\/www.trommelmanufaktur.ch\/content\/media\/2018\/04\/bo\u0308cklifilz-180x180.jpg\" title='bo\u0308cklifilz' alt='' class='wp-image-3153 avia-img-lazy-loading-3153 av-catalogue-image' srcset=\"https:\/\/www.trommelmanufaktur.ch\/content\/media\/2018\/04\/bo\u0308cklifilz-180x180.jpg 180w, https:\/\/www.trommelmanufaktur.ch\/content\/media\/2018\/04\/bo\u0308cklifilz-150x150.jpg 150w, https:\/\/www.trommelmanufaktur.ch\/content\/media\/2018\/04\/bo\u0308cklifilz-300x300.jpg 300w, https:\/\/www.trommelmanufaktur.ch\/content\/media\/2018\/04\/bo\u0308cklifilz-36x36.jpg 36w, https:\/\/www.trommelmanufaktur.ch\/content\/media\/2018\/04\/bo\u0308cklifilz-100x100.jpg 100w, https:\/\/www.trommelmanufaktur.ch\/content\/media\/2018\/04\/bo\u0308cklifilz-450x450.jpg 450w, https:\/\/www.trommelmanufaktur.ch\/content\/media\/2018\/04\/bo\u0308cklifilz.jpg 650w\" sizes=\"auto, (max-width: 180px) 100vw, 180px\" \/><div class=\"av-catalogue-item-inner\"><div class=\"av-catalogue-title-container\"><div class='av-catalogue-title'>Filzwechsel Trommelb\u00f6ckli<\/div><div class='av-catalogue-price'><\/div><\/div><div class=\"av-catalogue-content\">\nBeschreibung und Demonstrationsvideo zum Wechsel des Filzes in einem Trommelb\u00f6ckli.<br \/>\n<\/div><\/div><\/a><\/li>\n<\/ul><\/div>\n\n","protected":false},"excerpt":{"rendered":"<p>Unser Trommelb\u00f6ckli-Set ist besonders f\u00fcr Anf\u00e4nger geeignet. Es enth\u00e4lt unser Trommelb\u00f6ckli Modell &#8222;Trommelmanufaktur&#8220; in schwarzer Farbe sowie den passenden St\u00e4nder. Das Spielgef\u00fchl \u00e4hnelt dem einer richtigen Trommel. Mit dem Set haben Sie alles n\u00f6tige um gleich loszulegen. Inhalt Trommelb\u00f6ckli Modell &#8222;Tro mmelmanufaktur&#8220; mit einschichtigem Gewebefell und stufenlos verstellbarer Halterung St\u00e4nder in Standard- oder Kindergr\u00f6sse Das [&hellip;]<\/p>\n","protected":false},"featured_media":4420,"template":"","meta":[],"product_brand":[],"product_cat":[36],"product_tag":[37,45,46],"class_list":{"0":"post-5956","1":"product","2":"type-product","3":"status-publish","4":"has-post-thumbnail","6":"product_cat-pads","7":"product_tag-boeckli","8":"product_tag-trommelboeckli","9":"product_tag-uebungsboeckli","11":"first","12":"outofstock","13":"sale","14":"shipping-taxable","15":"purchasable","16":"product-type-variable"},"_links":{"self":[{"href":"https:\/\/www.trommelmanufaktur.ch\/wp-json-api\/wp\/v2\/product\/5956","targetHints":{"allow":["GET"]}}],"collection":[{"href":"https:\/\/www.trommelmanufaktur.ch\/wp-json-api\/wp\/v2\/product"}],"about":[{"href":"https:\/\/www.trommelmanufaktur.ch\/wp-json-api\/wp\/v2\/types\/product"}],"wp:featuredmedia":[{"embeddable":true,"href":"https:\/\/www.trommelmanufaktur.ch\/wp-json-api\/wp\/v2\/media\/4420"}],"wp:attachment":[{"href":"https:\/\/www.trommelmanufaktur.ch\/wp-json-api\/wp\/v2\/media?parent=5956"}],"wp:term":[{"taxonomy":"product_brand","embeddable":true,"href":"https:\/\/www.trommelmanufaktur.ch\/wp-json-api\/wp\/v2\/product_brand?post=5956"},{"taxonomy":"product_cat","embeddable":true,"href":"https:\/\/www.trommelmanufaktur.ch\/wp-json-api\/wp\/v2\/product_cat?post=5956"},{"taxonomy":"product_tag","embeddable":true,"href":"https:\/\/www.trommelmanufaktur.ch\/wp-json-api\/wp\/v2\/product_tag?post=5956"}],"curies":[{"name":"wp","href":"https:\/\/api.w.org\/{rel}","templated":true}]}}