{"id":5912,"date":"2020-12-02T19:56:48","date_gmt":"2020-12-02T18:56:48","guid":{"rendered":"\/?post_type=product&#038;p=5912"},"modified":"2024-11-26T21:36:43","modified_gmt":"2024-11-26T20:36:43","slug":"pfeffermuehle-big-stick","status":"publish","type":"product","link":"https:\/\/www.trommelmanufaktur.ch\/product\/pfeffermuehle-big-stick\/","title":{"rendered":"Pfefferm\u00fchle Big Stick"},"content":{"rendered":"<p>Bei der Big Stick-Pfefferm\u00fchle handelt es sich um eine vollwertige Pfefferm\u00fchle in Form eines grossen Trommelschlegels. Die L\u00e4nge betr\u00e4gt ca. 650mm, der Durchmesser 40mm. Ideal als Geschenk zu besonderen Anl\u00e4ssen wie z.B. Ernennung zum Ehrenmitglied oder f\u00fcr langj\u00e4hrige Vereinsmitgliedschaft.<\/p>\n<p>Eine Personalisierung des M\u00fchlenk\u00f6rpers mittels Lasergravur ist <a href=\"\/impressum\">auf Anfrage<\/a> m\u00f6glich.<\/p>\n<p>Eckdaten in K\u00fcrze:<\/p>\n<ul>\n<li>L\u00e4nge: 650mm<\/li>\n<li>Durchmesser: 40mm<\/li>\n<li>Holzart: Ahorn unbehandelt<\/li>\n<li>Einstellbares Pr\u00e4zisionsmahlwerk von Str\u00e4ssler Rafz<\/li>\n<li>Schnappverschluss f\u00fcr ein einfaches Auff\u00fcllen<\/li>\n<li>100% Herstellung in der Schweiz<\/li>\n<li>Lieferung inkl. Sockel<\/li>\n<\/ul>\n<div  class='av_promobox av-av_promobox-a15df694002abd2d7d64fb23c1411067 avia-button-yes  mosla_offer_request'><div class='avia-promocontent'><p>Wir machen Ihnen gerne ein pers\u00f6nliches Angebot f\u00fcr Ihre personalisierte Pfefferm\u00fchle. Bei Unklarheiten und Fragen beraten wir Sie unverbindlich. Gerne auch per <a href=\"\/impressum\/\">per Telefon oder bei einem Termin vor Ort<\/a>.<\/p>\n<\/div><div  class='avia-button-wrap av-av_button-4ea10abba4cc21d9180f170a56054f62-wrap avia-button-right  mosla_offer_request'><a href='mailto:info@trommelmanufaktur.ch?subject=Anfrage%20Gravur%20Pfefferm%C3%BChle'  class='avia-button av-av_button-4ea10abba4cc21d9180f170a56054f62 av-link-btn avia-icon_select-yes-left-icon avia-size-small avia-position-right avia-color-theme-color'   aria-label=\"Offerte per E-Mail anfordern\"><span class='avia_button_icon avia_button_icon_left avia-iconfont avia-font-entypo-fontello' data-av_icon='\ue805' data-av_iconfont='entypo-fontello' ><\/span><span class='avia_iconbox_title' >Offerte per E-Mail anfordern<\/span><\/a><\/div><\/div><span class=\"clearfix\"><\/span>\n","protected":false},"excerpt":{"rendered":"<p>Bei der Big Stick-Pfefferm\u00fchle handelt es sich um eine vollwertige Pfefferm\u00fchle in Form eines grossen Trommelschlegels. Die L\u00e4nge betr\u00e4gt ca. 650mm, der Durchmesser 40mm. Ideal als Geschenk zu besonderen Anl\u00e4ssen wie z.B. Ernennung zum Ehrenmitglied oder f\u00fcr langj\u00e4hrige Vereinsmitgliedschaft. Eine Personalisierung des M\u00fchlenk\u00f6rpers mittels Lasergravur ist auf Anfrage m\u00f6glich. Eckdaten in K\u00fcrze: L\u00e4nge: 650mm Durchmesser: [&hellip;]<\/p>\n","protected":false},"featured_media":5942,"template":"","meta":[],"product_brand":[],"product_cat":[72,220],"product_tag":[269,268,294,257,270],"class_list":{"0":"post-5912","1":"product","2":"type-product","3":"status-publish","4":"has-post-thumbnail","6":"product_cat-accessoires","7":"product_cat-diverses","8":"product_tag-big","9":"product_tag-geschenk","10":"product_tag-pfeffermuehle","11":"product_tag-schlegel","12":"product_tag-stick","14":"first","15":"instock","16":"shipping-taxable","17":"purchasable","18":"product-type-simple"},"_links":{"self":[{"href":"https:\/\/www.trommelmanufaktur.ch\/wp-json-api\/wp\/v2\/product\/5912","targetHints":{"allow":["GET"]}}],"collection":[{"href":"https:\/\/www.trommelmanufaktur.ch\/wp-json-api\/wp\/v2\/product"}],"about":[{"href":"https:\/\/www.trommelmanufaktur.ch\/wp-json-api\/wp\/v2\/types\/product"}],"wp:featuredmedia":[{"embeddable":true,"href":"https:\/\/www.trommelmanufaktur.ch\/wp-json-api\/wp\/v2\/media\/5942"}],"wp:attachment":[{"href":"https:\/\/www.trommelmanufaktur.ch\/wp-json-api\/wp\/v2\/media?parent=5912"}],"wp:term":[{"taxonomy":"product_brand","embeddable":true,"href":"https:\/\/www.trommelmanufaktur.ch\/wp-json-api\/wp\/v2\/product_brand?post=5912"},{"taxonomy":"product_cat","embeddable":true,"href":"https:\/\/www.trommelmanufaktur.ch\/wp-json-api\/wp\/v2\/product_cat?post=5912"},{"taxonomy":"product_tag","embeddable":true,"href":"https:\/\/www.trommelmanufaktur.ch\/wp-json-api\/wp\/v2\/product_tag?post=5912"}],"curies":[{"name":"wp","href":"https:\/\/api.w.org\/{rel}","templated":true}]}}