{"id":5791,"date":"2020-07-17T16:41:24","date_gmt":"2020-07-17T14:41:24","guid":{"rendered":"\/?post_type=product&#038;p=5791"},"modified":"2025-09-21T14:27:47","modified_gmt":"2025-09-21T12:27:47","slug":"kalbfell-extra-duenn-41cm-weiss","status":"publish","type":"product","link":"https:\/\/www.trommelmanufaktur.ch\/product\/kalbfell-extra-duenn-41cm-weiss\/","title":{"rendered":"Kalbfell extra d\u00fcnn 41cm, weiss"},"content":{"rendered":"<p><strong>Diese Felle sind extra d\u00fcnn (0.2-0.26mm) und sind nur f\u00fcr erfahrene Tambouren empfohlen. Die Haltbarkeit kann k\u00fcrzer sein als bei einem <a href=\"\/product\/kalbfell-trommelmanufaktur-41cm-weiss\/\">Standard-Fell<\/a>. Die Trommelmanufaktur Ostschweiz \u00fcbernimmt keine Haftung.<\/strong><\/p>\n<p>Die Trommelmanufaktur-Kalbfelle stammen aus den USA wo sie mit viel Erfahrung als Trommelfell selektioniert und vorbereitet werden. Die Felle werden anschliessend in der Schweiz in einen Alureif eingefalzt.<\/p>\n<p>Dieses Fell hat eine weisse Oberfl\u00e4che.<\/p>\n\n<h2 class=\"wp-block-heading\">Naturfelle<\/h2>\n\n\n\n<p>Bei diesem Fell handelt es sich um ein Naturprodukt. Jedes dieser Felle ist individuell und hat seine eigenen Eigenschaften. Die klimatischen Bedingungen denen das Fells w\u00e4hrend der Lagerung als auch w\u00e4hrend des Gebrauchs ausgesetzt sind haben ebenfalls einen grossen Einfluss. Wir k\u00f6nnen deshalb keine Garantie auf die Spieleigenschaften des Fells sowie dessen Haltbarkeit geben. Sollte ein von uns bezogenes Fell nachweislich wegen eines Fertigungsfehlers ausserordentlich schnell reissen, <a href=\"\/impressum\/\">kontaktieren<\/a> Sie uns bitte.<\/p>\n\n","protected":false},"excerpt":{"rendered":"<p>Diese Felle sind extra d\u00fcnn (0.2-0.26mm) und sind nur f\u00fcr erfahrene Tambouren empfohlen. Die Haltbarkeit kann k\u00fcrzer sein als bei einem Standard-Fell. Die Trommelmanufaktur Ostschweiz \u00fcbernimmt keine Haftung. Die Trommelmanufaktur-Kalbfelle stammen aus den USA wo sie mit viel Erfahrung als Trommelfell selektioniert und vorbereitet werden. Die Felle werden anschliessend in der Schweiz in einen Alureif [&hellip;]<\/p>\n","protected":false},"featured_media":3255,"template":"","meta":[],"product_brand":[],"product_cat":[41],"product_tag":[],"class_list":{"0":"post-5791","1":"product","2":"type-product","3":"status-publish","4":"has-post-thumbnail","6":"product_cat-felle","8":"first","9":"instock","10":"shipping-taxable","11":"purchasable","12":"product-type-simple"},"_links":{"self":[{"href":"https:\/\/www.trommelmanufaktur.ch\/wp-json-api\/wp\/v2\/product\/5791","targetHints":{"allow":["GET"]}}],"collection":[{"href":"https:\/\/www.trommelmanufaktur.ch\/wp-json-api\/wp\/v2\/product"}],"about":[{"href":"https:\/\/www.trommelmanufaktur.ch\/wp-json-api\/wp\/v2\/types\/product"}],"wp:featuredmedia":[{"embeddable":true,"href":"https:\/\/www.trommelmanufaktur.ch\/wp-json-api\/wp\/v2\/media\/3255"}],"wp:attachment":[{"href":"https:\/\/www.trommelmanufaktur.ch\/wp-json-api\/wp\/v2\/media?parent=5791"}],"wp:term":[{"taxonomy":"product_brand","embeddable":true,"href":"https:\/\/www.trommelmanufaktur.ch\/wp-json-api\/wp\/v2\/product_brand?post=5791"},{"taxonomy":"product_cat","embeddable":true,"href":"https:\/\/www.trommelmanufaktur.ch\/wp-json-api\/wp\/v2\/product_cat?post=5791"},{"taxonomy":"product_tag","embeddable":true,"href":"https:\/\/www.trommelmanufaktur.ch\/wp-json-api\/wp\/v2\/product_tag?post=5791"}],"curies":[{"name":"wp","href":"https:\/\/api.w.org\/{rel}","templated":true}]}}