{"id":5782,"date":"2020-07-24T12:11:42","date_gmt":"2020-07-24T10:11:42","guid":{"rendered":"\/?post_type=product&#038;p=5782"},"modified":"2025-03-30T22:37:34","modified_gmt":"2025-03-30T20:37:34","slug":"alpine-kapselgehoerschutz-fuer-babies-und-kleinkinder","status":"publish","type":"product","link":"https:\/\/www.trommelmanufaktur.ch\/product\/alpine-kapselgehoerschutz-fuer-babies-und-kleinkinder\/","title":{"rendered":"Alpine Kapselgeh\u00f6rschutz f\u00fcr Babies und Kleinkinder"},"content":{"rendered":"<ul>\n<li>Empfohlen f\u00fcr Babys und kleine Kinder bis 36 Monate<\/li>\n<li>Einziger in Europa CE-zertifizierter Baby-Geh\u00f6rschutz<\/li>\n<li>Beugt \u00dcberreiztheit &amp; H\u00f6rsch\u00e4den durch L\u00e4rm vor<\/li>\n<li>Perfekte Passform durch Verstellbarkeit<\/li>\n<li>Sehr komfortabel durch weiches elastisches Stirnband<\/li>\n<li>\u00dcbt keinen Dr\u00fcck auf den Kopf aus<\/li>\n<li>Frei von Metallen und geeignet f\u00fcr MRT-Scans<\/li>\n<\/ul>\n<h4>CE-zertifizierter Baby-Geh\u00f6rschutz<\/h4>\n<p>Besuchen Sie ab und zu Orte mit viel L\u00e4rm, wie zum Beispiel Geburtstage, Hochzeiten oder Festivals? Und m\u00f6chten Sie dann ihr Baby oder Kleinkind nicht zu Hause lassen? Oder haben Sie eine lange Autofahrt vor sich und m\u00f6chten, dass Ihr Kind dann ungest\u00f6rt durchschlafen kann? Das Geh\u00f6r von Babys und Kindern ist besonders empfindlich. Daher ist ein sehr guter Schutz zwingend notwendig. Der Alpine Muffy Baby beugt H\u00f6rsch\u00e4den, als einziger CE-zertifizierter Geh\u00f6rschutz in Europa, bei S\u00e4uglingen vor.<\/p>\n<h4>Europ\u00e4ische Sicherheitsvorschriften<\/h4>\n<p>Der Alpine Muffy Baby ist der einzige CE-zertifizierte Geh\u00f6rsch\u00fctzer f\u00fcr Babys und Kleinkinder. Er erf\u00fcllt somit alle gesetzlichen Anforderungen der Europ\u00e4ischen Union im Bereich Sicherheit, Gesundheit und Umwelt.<\/p>\n<h4>Idealer Tragekomfort<\/h4>\n<p>Das Stirnband des Geh\u00f6rschutzes ist aufgrund des Klettverschlusses sehr einfach verstellbar. Hierdurch passt der Geh\u00f6rschutz Babys und Kleinkindern zwischen 3 und 36 Monaten. Aufgrund des sehr weichen Schaumstoffs auf der Innenseite der Kapseln sitzt der Geh\u00f6rschutz sehr angenehm. Da der Geh\u00f6rschutz keine Metalle enth\u00e4lt, kann dieser auch w\u00e4hrend eines MRT Scans verwendet werden.<\/p>\n<h4>W\u00e4hlen Sie Ihre Farbe<\/h4>\n<p>Ist es ein Junge oder ein M\u00e4dchen? W\u00e4hlen Sie zwischen einem blau-wei\u00df gestreiften oder rosa-wei\u00df gestreiften Stirnband. Jeder Verpackung liegt au\u00dferdem ein grau-wei\u00df gestreiftes Stirnband bei.<\/p>\n<h4>Reinigung<\/h4>\n<p>Auch die Stirnb\u00e4nder k\u00f6nnen mit der Zeit etwas schmutzig werden. Es besteht aber kein Grund zur Sorge. Denn die Stirnb\u00e4nder k\u00f6nnen in der Waschmaschine bei 40 Grad gewaschen werden. Die Kapseln hingegen k\u00f6nnen Sie mit einem feuchten Tuch reinigen und danach mit einem Tuch wieder trocknen.<\/p>\n<h4>Gratis Zubeh\u00f6r<\/h4>\n<p>In jeder Verpackung gibt es zudem einen passenden, wei\u00dfen Protect&amp;Go Beutel, in dem der Alpine Muffy Baby hygienisch aufbewahrt und mitgenommen werden kann.<\/p>\n","protected":false},"excerpt":{"rendered":"<p>Empfohlen f\u00fcr Babys und kleine Kinder bis 36 Monate Einziger in Europa CE-zertifizierter Baby-Geh\u00f6rschutz Beugt \u00dcberreiztheit &amp; H\u00f6rsch\u00e4den durch L\u00e4rm vor Perfekte Passform durch Verstellbarkeit Sehr komfortabel durch weiches elastisches Stirnband \u00dcbt keinen Dr\u00fcck auf den Kopf aus Frei von Metallen und geeignet f\u00fcr MRT-Scans CE-zertifizierter Baby-Geh\u00f6rschutz Besuchen Sie ab und zu Orte mit viel [&hellip;]<\/p>\n","protected":false},"featured_media":5806,"template":"","meta":[],"product_brand":[],"product_cat":[283,49],"product_tag":[],"class_list":{"0":"post-5782","1":"product","2":"type-product","3":"status-publish","4":"has-post-thumbnail","6":"product_cat-gehoerschutz","7":"product_cat-zubehoer","9":"first","10":"instock","11":"shipping-taxable","12":"purchasable","13":"product-type-variable"},"_links":{"self":[{"href":"https:\/\/www.trommelmanufaktur.ch\/wp-json-api\/wp\/v2\/product\/5782","targetHints":{"allow":["GET"]}}],"collection":[{"href":"https:\/\/www.trommelmanufaktur.ch\/wp-json-api\/wp\/v2\/product"}],"about":[{"href":"https:\/\/www.trommelmanufaktur.ch\/wp-json-api\/wp\/v2\/types\/product"}],"wp:featuredmedia":[{"embeddable":true,"href":"https:\/\/www.trommelmanufaktur.ch\/wp-json-api\/wp\/v2\/media\/5806"}],"wp:attachment":[{"href":"https:\/\/www.trommelmanufaktur.ch\/wp-json-api\/wp\/v2\/media?parent=5782"}],"wp:term":[{"taxonomy":"product_brand","embeddable":true,"href":"https:\/\/www.trommelmanufaktur.ch\/wp-json-api\/wp\/v2\/product_brand?post=5782"},{"taxonomy":"product_cat","embeddable":true,"href":"https:\/\/www.trommelmanufaktur.ch\/wp-json-api\/wp\/v2\/product_cat?post=5782"},{"taxonomy":"product_tag","embeddable":true,"href":"https:\/\/www.trommelmanufaktur.ch\/wp-json-api\/wp\/v2\/product_tag?post=5782"}],"curies":[{"name":"wp","href":"https:\/\/api.w.org\/{rel}","templated":true}]}}