{"id":4912,"date":"2019-10-04T17:56:20","date_gmt":"2019-10-04T15:56:20","guid":{"rendered":"\/?post_type=product&#038;p=4912"},"modified":"2025-09-14T21:45:31","modified_gmt":"2025-09-14T19:45:31","slug":"pluggiesforkids","status":"publish","type":"product","link":"https:\/\/www.trommelmanufaktur.ch\/product\/pluggiesforkids\/","title":{"rendered":"Kinder-Geh\u00f6rschutz Pluggies for Kids"},"content":{"rendered":"<ul>\n<li>Empfohlen f\u00fcr Kinder zwischen 3 und 12 Jahren<\/li>\n<li>Kann auch von Erwachsenen mit kleineren Geh\u00f6rg\u00e4ngen verwendet werden<\/li>\n<li>Beugt Geh\u00f6rsch\u00e4den vor<\/li>\n<li>Erh\u00f6ht die Konzentration<\/li>\n<li>H\u00e4lt Wasser vom Ohr fern<\/li>\n<li>Gespr\u00e4che k\u00f6nnen immer noch verstanden werden dank der einzigartigen AlpineAcousticFilters\u2122<\/li>\n<li>Sehr weiches AlpineThermoShape\u2122 Material, also sehr bequem<\/li>\n<li>Sehr einfach im Ohr zu platzieren<\/li>\n<li>Keine Silikone<\/li>\n<li>Wiederverwendbar<\/li>\n<\/ul>\n<h4>Revolution\u00e4res Modell Ohrst\u00f6psel<\/h4>\n<p>Zwanzig Jahre Erfahrung hat es Alpine erm\u00f6glicht ein ideales, neues Modell Ohrst\u00f6psel zu entwickeln. Die sehr gut durchdachte und ausf\u00fchrlich getestete Form der Ohrst\u00f6psel sorgt f\u00fcr eine naturgem\u00e4\u00dfe, flache D\u00e4mpfung und eine hervorragende Passform.<\/p>\n<h4>Multifunktionelle Ohrst\u00f6psel f\u00fcr Kinder<\/h4>\n<p>Alpine Pluggies Kids werden empfohlen f\u00fcr Kinder zwischen 3 und 12 Jahren, da sie immer noch einen kleineren Geh\u00f6rgang als Erwachsene haben. Kinder k\u00f6nnen Pluggies Kids in zahlreichen Situationen und f\u00fcr verschiedene Zwecke benutzen:<\/p>\n<h4>Gegen \u00fcberm\u00e4\u00dfigen Umgebungsl\u00e4rm<\/h4>\n<p>Zum Beispiel gegen zu laute Musik auf einem Festival, im Kino und in allen anderen Situationen, in denen Kinder unter zu viel L\u00e4rm leiden.<\/p>\n<h4>Um die Ohren vor Wasser zu sch\u00fctzen<\/h4>\n<p>Kinder leiden oft unter Ohrenschmerzen und Ohrentz\u00fcndungen. Mit Pluggies Kids verhindern Sie, dass Wasser beim Schwimmen, Duschen, Baden oder Wassersport ins Ohr eindringen kann.<\/p>\n<h4>Bei Konzentrationsproblemen<\/h4>\n<p>Sehr vielen Kindern f\u00e4llt es schwer, sich in der Schule, bei den Hausaufgaben oder beim Lesen zu konzentrieren. Auch Kinder mit ADHD, ADD und einer Form von Autismus k\u00f6nnen von Ohrst\u00f6pseln profitieren. Untersuchungen zeigen, dass das Tragen von Pluggies Kids die Konzentration verbessert.<\/p>\n<h4>Gegen Ohrenschmerzen beim Fliegen<\/h4>\n<p>Viele Kinder haben bei Start und Landung eines Flugzeugs ein unangenehmes Gef\u00fchl in den Ohren. Pluggies Kids Ohrst\u00f6psel verbessern den Druckausgleich im Ohr, sodass keine Schmerzen in den Ohren mehr auftreten. Au\u00dferdem kann man im Flugzeug mit den Ohrst\u00f6pseln herrlich ruhig schlafen.<\/p>\n<h4>F\u00fcr Erwachsene mit kleineren Geh\u00f6rg\u00e4ngen<\/h4>\n<p>Jedes Ohr ist anders. Einige Erwachsene haben einen kleineren Geh\u00f6rgang, sodass Ohrst\u00f6psel wie der Alpine PartyPlug, Alpine Worksafe und \u00e4hnliche weniger gut passen. In diesem Fall k\u00f6nnen Sie auch die Alpine Pluggies Kids zum Musikh\u00f6ren, Fliegen, Heimwerken und Schwimmen benutzen. Schlafen mit den Alpine Pluggies Kids ist m\u00f6glicherweise weniger komfortabel als der SleepSoft, wenn Sie ein Seitenschl\u00e4fer sind. Dies h\u00e4ngt damit zusammen, dass der Alpine SleepSoft mit einem weichen, flexiblen Filter versehen ist und die Alpine Pluggies Kids mit einem harten Filter.<\/p>\n<h4>AlpineAcousticFilters\u2122 \u2013 Mehr Spa\u00df f\u00fcr Ihr Kind<\/h4>\n<p>Pluggies Kids Ohrst\u00f6psel sind mit speziellen <a href=\"https:\/\/www.alpine-gehoerschutz.de\/ohrstoepsel\/pluggies-kids\/\">AlpineAcousticFilters<\/a> ausgestattet. Diese Filter d\u00e4mmen den sch\u00e4dlichen L\u00e4rm maximal, sorgen jedoch gleichzeitig daf\u00fcr, dass das Kind gen\u00fcgend Umgebungsger\u00e4usche aufnimmt. So entsteht kein Gef\u00fchl der Abgeschlossenheit und das Kind kann Gespr\u00e4chen immer noch folgen.<\/p>\n<p>Durch das Tragen von Pluggies Kids Ohrst\u00f6pseln bei einer Flugreise wird bei Start und Landung der unangenehme Druck auf das Trommelfell reguliert. Die Filter wirken wie ein Ventil und sorgen f\u00fcr einen sanften und konstanten Druckausgleich zwischen Au\u00dfenwelt und Mittelohr. So hat die Ohrtrompete gen\u00fcgend Zeit, sich den Druckunterschieden anzupassen.<\/p>\n<h4>AlpineThermoShape\u2122 Material<\/h4>\n<p>Alpine Pluggies Kids sind aus von Alpine speziell entwickeltem AlpineThermoShape-Material hergestellt. Das Material passt sich der Form des Geh\u00f6rgangs an, sodass die Ohrst\u00f6psel genau in den Geh\u00f6rgang passen. Daher sitzen diese Ohrst\u00f6psel ausgesprochen bequem im Ohr und die Kinder tragen diesen Geh\u00f6rschutz gerne, ob es in der Badewanne, in der Schule oder beim Musikunterricht ist. ATS enth\u00e4lt keine Silikone und l\u00f6st daher keine allergischen Reaktionen aus.<\/p>\n<h4>Alpine Stickers<\/h4>\n<p>Jede Pluggies Kids Verpackung enth\u00e4lt sechs fr\u00f6hliche Aufkleber. Damit k\u00f6nnen die Kinder ihre Aufbewahrungsbox selber verzieren und ihren Namen darauf schreiben.<\/p>\n<h4>Lebensdauer und Reinigung<\/h4>\n<p>Die Lebensdauer der Ohrst\u00f6psel h\u00e4ngt von der H\u00e4ufigkeit des Tragens ab Eine gr\u00fcndliche Reinigung der Ohrst\u00f6psel verl\u00e4ngert die Lebensdauer. Die Ohrst\u00f6psel k\u00f6nnen mit lauwarmem Wasser und Seife gereinigt werden.<\/p>\n","protected":false},"excerpt":{"rendered":"<p>Empfohlen f\u00fcr Kinder zwischen 3 und 12 Jahren Kann auch von Erwachsenen mit kleineren Geh\u00f6rg\u00e4ngen verwendet werden Beugt Geh\u00f6rsch\u00e4den vor Erh\u00f6ht die Konzentration H\u00e4lt Wasser vom Ohr fern Gespr\u00e4che k\u00f6nnen immer noch verstanden werden dank der einzigartigen AlpineAcousticFilters\u2122 Sehr weiches AlpineThermoShape\u2122 Material, also sehr bequem Sehr einfach im Ohr zu platzieren Keine Silikone Wiederverwendbar Revolution\u00e4res [&hellip;]<\/p>\n","protected":false},"featured_media":4914,"template":"","meta":[],"product_brand":[],"product_cat":[283,49],"product_tag":[],"class_list":{"0":"post-4912","1":"product","2":"type-product","3":"status-publish","4":"has-post-thumbnail","6":"product_cat-gehoerschutz","7":"product_cat-zubehoer","8":"product_shipping_class-letter-thick","10":"first","11":"instock","12":"shipping-taxable","13":"purchasable","14":"product-type-simple"},"_links":{"self":[{"href":"https:\/\/www.trommelmanufaktur.ch\/wp-json-api\/wp\/v2\/product\/4912","targetHints":{"allow":["GET"]}}],"collection":[{"href":"https:\/\/www.trommelmanufaktur.ch\/wp-json-api\/wp\/v2\/product"}],"about":[{"href":"https:\/\/www.trommelmanufaktur.ch\/wp-json-api\/wp\/v2\/types\/product"}],"wp:featuredmedia":[{"embeddable":true,"href":"https:\/\/www.trommelmanufaktur.ch\/wp-json-api\/wp\/v2\/media\/4914"}],"wp:attachment":[{"href":"https:\/\/www.trommelmanufaktur.ch\/wp-json-api\/wp\/v2\/media?parent=4912"}],"wp:term":[{"taxonomy":"product_brand","embeddable":true,"href":"https:\/\/www.trommelmanufaktur.ch\/wp-json-api\/wp\/v2\/product_brand?post=4912"},{"taxonomy":"product_cat","embeddable":true,"href":"https:\/\/www.trommelmanufaktur.ch\/wp-json-api\/wp\/v2\/product_cat?post=4912"},{"taxonomy":"product_tag","embeddable":true,"href":"https:\/\/www.trommelmanufaktur.ch\/wp-json-api\/wp\/v2\/product_tag?post=4912"}],"curies":[{"name":"wp","href":"https:\/\/api.w.org\/{rel}","templated":true}]}}