{"id":4901,"date":"2019-10-04T17:39:49","date_gmt":"2019-10-04T15:39:49","guid":{"rendered":"\/?post_type=product&#038;p=4901"},"modified":"2025-08-17T19:24:46","modified_gmt":"2025-08-17T17:24:46","slug":"musicsafepro","status":"publish","type":"product","link":"https:\/\/www.trommelmanufaktur.ch\/product\/musicsafepro\/","title":{"rendered":"Geh\u00f6rschutz Alpine MusicSafe Pro"},"content":{"rendered":"<ul>\n<li>Verhindert H\u00f6rsch\u00e4den und ein Piepen im Ohr durch laute Musik<\/li>\n<li>Mit drei High-Fidelity-Filtersets: Gold (22 dB), Silber (19 dB) und Wei\u00df (16 dB)<\/li>\n<li>Mit einzigartigem austauschbaren Filtersystem: Seinen eigenen D\u00e4mpfungsgrad w\u00e4hlen<\/li>\n<li>Hervorragende Klangqualit\u00e4t, 100 % Sound<\/li>\n<li>Hergestellt aus dem Hightech-Material AlpineThermoShape\u2122<\/li>\n<li>\u00c4u\u00dferst gute Passform f\u00fcr stundenlanges Tragevergn\u00fcgen<\/li>\n<li>Inklusive Aufbewahrungsetui, Tragkordel, Reinigungsspray und Ersatz-Ohrst\u00f6psel<\/li>\n<li>Wiederverwendbar sowie einfach einsetzbar und herausnehmbar<\/li>\n<\/ul>\n<p>Als Musiker, DJ oder Toningenieur halten Sie sich regelm\u00e4ssig in einer Umgebung mit lauter Musik auf. Das Risiko, einen H\u00f6rsch\u00e4den davonzutragen, ist daher hoch. H\u00f6rverlust hat sofortige Konsequenzen auf die Aus\u00fcbung Ihres Berufs oder Hobbys. Ein guter Geh\u00f6rschutz ist daher unerl\u00e4sslich bei Ihren Proben, Auftritten und Konzerten. Der MusicSafe Pro wurde eigens f\u00fcr Profis entwickelt und ist die edelste und umfassendste Variante in der Geh\u00f6rschutz-Kollektion f\u00fcr Musiker von Alpine.<\/p>\n<h4>Drei Sets AlpineAcousticFilters\u2122 \u2013 W\u00e4hlen Sie Ihren D\u00e4mpfungsgrad<\/h4>\n<p>MusicSafe Pro bietet weltweit die einzigen universellen Ohrst\u00f6psel, die mit drei verschiedenen D\u00e4mpfungsfiltern geliefert werden. Durch die mitgelieferten goldenen, silbernen und weissen Musikfilter haben Musiker, DJs und Toningenieure die Wahl, je nach Anwendungsbereich einen Filter mit unterschiedlichem D\u00e4mpfungsgrad einzusetzen. Dank dieser Filter wird die Musiklautst\u00e4rke auf ein sicheres Niveau reduziert, ohne das Musikerlebnis zu beeintr\u00e4chtigen. Die einzigartigen AlpineAcousticFilters\u2122 d\u00e4mpfen nur sch\u00e4dliche Ger\u00e4usche, w\u00e4hrend die Musikqualit\u00e4t erhalten bleibt und normale Gespr\u00e4che mit anderen Musikern kein Problem darstellen. Es ist einfach, als w\u00fcrde man den Lautst\u00e4rkeregler ein wenig herunterdrehen. Daher ist MusicSafe Pro nicht nur bei Auftritten oder im Studio, sondern auch bei Konzerten, Proben und beim Unterricht unverzichtbar. In jeder Situation kann man selbst den gew\u00fcnschten D\u00e4mpfungsgrad w\u00e4hlen.<\/p>\n<ul>\n<li>Goldener Filter: durchschnittliche D\u00e4mpfung (SNR) 22 dB<\/li>\n<li>Silberner Filter: durchschnittliche\u00a0 D\u00e4mpfung (SNR) 19 dB<\/li>\n<li>Weisser Filter: durchschnittliche D\u00e4mpfung (SNR) 16 dB<\/li>\n<\/ul>\n<h4>Komfortabel und langlebig<\/h4>\n<p>MusicSafe Pro Geh\u00f6rschutz wird aus dem speziellen Material AlpineThermoShape\u2122 hergestellt. Dieses Material passt sich durch die K\u00f6rperw\u00e4rme an die Form des Ohrs an. Dadurch passen die Ohrst\u00f6psel genau in den Geh\u00f6rgang und bleiben an der richtigen Stelle im Ohr sitzen. Dies garantiert einen ausgezeichneten Tragekomfort. Das thermoplastische Material ist hypoallergen und verhindert Juckreiz im Ohr oder um das Ohr herum. MusicSafe Pro Ohrst\u00f6psel k\u00f6nnen \u00fcber 100 Mal verwendet werden. Die Ohrst\u00f6psel sind in den Farben transparent und schwarz erh\u00e4ltlich.<\/p>\n<h4>Mit edlem Aufbewahrungsetui, Reinigungsspray und Kordel<\/h4>\n<p>Der Alpine MusicSafe Pro wird standardm\u00e4ssig mit einem praktischen Etui geliefert, in das man die Ohrst\u00f6psel und Filter ordentlich verstauen kann. Das Etui l\u00e4sst sich auch einfach an einem Schl\u00fcsselanh\u00e4nger befestigen. Dar\u00fcber hinaus ist in jeder Packung ein Tragekordel enthalten. Man kann die Ohrst\u00f6psel daran befestigen. Praktisch, wenn man die Ohrst\u00f6psel mal kurz aus dem Ohr holen m\u00f6chte. Die Ohrst\u00f6psel lassen sich schnell und einfach reinigen mit dem mitgelieferten Alpine Clean, einem desinfizierenden Reinigungsspray (5 ml).\u00a0Regelm\u00e4ssige Reinigung verl\u00e4ngert die Lebensdauer.<\/p>\n<h4>Wie gef\u00e4hrlich ist zu laute Musik?<\/h4>\n<p>Die maximale Lautst\u00e4rke, mit der das Geh\u00f6r dauerhaft belastet werden darf, ist 80 Dezibel. Regelm\u00e4ssige Ger\u00e4usche \u00fcber 80 Dezibel resultieren unwiderruflich in Geh\u00f6rsch\u00e4den. Offizielle Studien best\u00e4tigen, dass die Grenze von 80 Dezibel schnell \u00fcberschritten wird. So kann auf einem Konzert selbst ein L\u00e4rmpegel von 120 dB gemessen werden. Bei Rockmusikern kommen die sch\u00e4dlichen T\u00f6ne vor allem von den Schlagzeugen und den Verst\u00e4rkern, w\u00e4hrend bei den klassischen Musikern das eigene Musikinstrument und das der anderen Einfluss auf das Geh\u00f6r hat.<\/p>\n","protected":false},"excerpt":{"rendered":"<p>Verhindert H\u00f6rsch\u00e4den und ein Piepen im Ohr durch laute Musik Mit drei High-Fidelity-Filtersets: Gold (22 dB), Silber (19 dB) und Wei\u00df (16 dB) Mit einzigartigem austauschbaren Filtersystem: Seinen eigenen D\u00e4mpfungsgrad w\u00e4hlen Hervorragende Klangqualit\u00e4t, 100 % Sound Hergestellt aus dem Hightech-Material AlpineThermoShape\u2122 \u00c4u\u00dferst gute Passform f\u00fcr stundenlanges Tragevergn\u00fcgen Inklusive Aufbewahrungsetui, Tragkordel, Reinigungsspray und Ersatz-Ohrst\u00f6psel Wiederverwendbar sowie [&hellip;]<\/p>\n","protected":false},"featured_media":4902,"template":"","meta":[],"product_brand":[],"product_cat":[283,49],"product_tag":[],"class_list":{"0":"post-4901","1":"product","2":"type-product","3":"status-publish","4":"has-post-thumbnail","6":"product_cat-gehoerschutz","7":"product_cat-zubehoer","8":"product_shipping_class-letter-thick","10":"first","11":"instock","12":"shipping-taxable","13":"purchasable","14":"product-type-simple"},"_links":{"self":[{"href":"https:\/\/www.trommelmanufaktur.ch\/wp-json-api\/wp\/v2\/product\/4901","targetHints":{"allow":["GET"]}}],"collection":[{"href":"https:\/\/www.trommelmanufaktur.ch\/wp-json-api\/wp\/v2\/product"}],"about":[{"href":"https:\/\/www.trommelmanufaktur.ch\/wp-json-api\/wp\/v2\/types\/product"}],"wp:featuredmedia":[{"embeddable":true,"href":"https:\/\/www.trommelmanufaktur.ch\/wp-json-api\/wp\/v2\/media\/4902"}],"wp:attachment":[{"href":"https:\/\/www.trommelmanufaktur.ch\/wp-json-api\/wp\/v2\/media?parent=4901"}],"wp:term":[{"taxonomy":"product_brand","embeddable":true,"href":"https:\/\/www.trommelmanufaktur.ch\/wp-json-api\/wp\/v2\/product_brand?post=4901"},{"taxonomy":"product_cat","embeddable":true,"href":"https:\/\/www.trommelmanufaktur.ch\/wp-json-api\/wp\/v2\/product_cat?post=4901"},{"taxonomy":"product_tag","embeddable":true,"href":"https:\/\/www.trommelmanufaktur.ch\/wp-json-api\/wp\/v2\/product_tag?post=4901"}],"curies":[{"name":"wp","href":"https:\/\/api.w.org\/{rel}","templated":true}]}}