{"id":4894,"date":"2019-10-04T16:00:32","date_gmt":"2019-10-04T14:00:32","guid":{"rendered":"\/?post_type=product&#038;p=4894"},"modified":"2026-02-27T08:56:45","modified_gmt":"2026-02-27T07:56:45","slug":"trommelschlegel-agner-4","status":"publish","type":"product","link":"https:\/\/www.trommelmanufaktur.ch\/product\/trommelschlegel-agner-4\/","title":{"rendered":"Trommelschlegel Agner 4"},"content":{"rendered":"<p>Agner Modell 4.<\/p>\n<ul>\n<li>Holz: Weissbuche<\/li>\n<li>Kopf: rund<\/li>\n<li>L\u00e4nge: 415mm<\/li>\n<li>Farbe: natur<\/li>\n<li>Holzbehandlung: lackiert<\/li>\n<\/ul>\n<p>Das Gewicht kann nicht gew\u00e4hlt werden und ist zuf\u00e4llig.<\/p>\n\n<h2 class=\"wp-block-heading\">Weissbuche<\/h2>\n\n\n\n<p>Die <a href=\"https:\/\/de.wikipedia.org\/wiki\/Hainbuche\" target=\"_blank\" rel=\"noreferrer noopener\">Weissbuche, auch Hainbuche oder Hagebuche genannt<\/a>, geh\u00f6rt zur Gattung der Hainbuchen aus der Familie der Birkengew\u00e4chse. Sie w\u00e4chst als mittelgro\u00dfer, laubabwerfender Baum oder Strauch in Europa und Westasien.<\/p>\n\n\n\n<p>Das Holz ist von heller Farbe und gleichm\u00e4ssig aufgebaut, was es zu einem idealen Holz f\u00fcr Trommelschlegel macht.<\/p>\n\n\n<h2 class=\"wp-block-heading\">Informationen zu Trommelschlegeln<\/h2>\n\n\n\n<p>Die Schlegel werden paarweise auf auf ein halbes Gramm genau ausgewogen.<\/p>\n\n\n\n<p>Die Verf\u00fcgbarkeit eines bestimmten Schlegelgewichtes k\u00f6nnen wir nicht garantieren. Falls Ihr Wunschgewicht nicht verf\u00fcgbar ist, erhalten Sie Schlegel welche m\u00f6glichst nahe am gew\u00fcnschten Gewicht liegen. Als Naturprodukt unterliegt <a href=\"https:\/\/de.wikipedia.org\/wiki\/Holz\" target=\"_blank\" rel=\"noreferrer noopener\">Holz<\/a> Schwankungen und das Gewicht kann sich zwischen dem Zeitpunkt der Produktion und dem Verkauf minimal ver\u00e4ndern. Zwischen den Chargen k\u00f6nnen die verf\u00fcgbaren Gewichte schwanken. Wir bem\u00fchen uns, die Angaben im Webshop stets aktuell zu halten.<\/p>\n\n","protected":false},"excerpt":{"rendered":"<p>Agner Modell 4. Holz: Weissbuche Kopf: rund L\u00e4nge: 415mm Farbe: natur Holzbehandlung: lackiert Das Gewicht kann nicht gew\u00e4hlt werden und ist zuf\u00e4llig.<\/p>\n","protected":false},"featured_media":6301,"template":"","meta":[],"product_brand":[],"product_cat":[285,50,74],"product_tag":[],"class_list":{"0":"post-4894","1":"product","2":"type-product","3":"status-publish","4":"has-post-thumbnail","6":"product_cat-labelable-sticks","7":"product_cat-schlegel","8":"product_cat-trommelschlegel","10":"first","11":"outofstock","12":"shipping-taxable","13":"purchasable","14":"product-type-simple"},"_links":{"self":[{"href":"https:\/\/www.trommelmanufaktur.ch\/wp-json-api\/wp\/v2\/product\/4894","targetHints":{"allow":["GET"]}}],"collection":[{"href":"https:\/\/www.trommelmanufaktur.ch\/wp-json-api\/wp\/v2\/product"}],"about":[{"href":"https:\/\/www.trommelmanufaktur.ch\/wp-json-api\/wp\/v2\/types\/product"}],"wp:featuredmedia":[{"embeddable":true,"href":"https:\/\/www.trommelmanufaktur.ch\/wp-json-api\/wp\/v2\/media\/6301"}],"wp:attachment":[{"href":"https:\/\/www.trommelmanufaktur.ch\/wp-json-api\/wp\/v2\/media?parent=4894"}],"wp:term":[{"taxonomy":"product_brand","embeddable":true,"href":"https:\/\/www.trommelmanufaktur.ch\/wp-json-api\/wp\/v2\/product_brand?post=4894"},{"taxonomy":"product_cat","embeddable":true,"href":"https:\/\/www.trommelmanufaktur.ch\/wp-json-api\/wp\/v2\/product_cat?post=4894"},{"taxonomy":"product_tag","embeddable":true,"href":"https:\/\/www.trommelmanufaktur.ch\/wp-json-api\/wp\/v2\/product_tag?post=4894"}],"curies":[{"name":"wp","href":"https:\/\/api.w.org\/{rel}","templated":true}]}}