{"id":4809,"date":"2019-07-12T10:19:26","date_gmt":"2019-07-12T08:19:26","guid":{"rendered":"\/?post_type=product&#038;p=4809"},"modified":"2025-02-18T19:28:47","modified_gmt":"2025-02-18T18:28:47","slug":"gewa-pflegetuch","status":"publish","type":"product","link":"https:\/\/www.trommelmanufaktur.ch\/product\/gewa-pflegetuch\/","title":{"rendered":"Pflegetuch von GEWA"},"content":{"rendered":"<p>Das GEWA-Pflegetuch eignet sich hervorragend zur Reinigung von gl\u00e4nzenden Oberfl\u00e4chen.<\/p>\n<p>Das Tuch ist chemisch impr\u00e4gniert und entfaltet somit seine Reinigungswirkung ohne zus\u00e4tzliche Mittel. Bei starker Verschmutzung kann eine Ecke des Tuchs leicht angefeuchtet werden um die Verschmutzung zu entfernen. Danach mit dem trockenen Teil des Tuches nachpolieren. Das Tuch darf nicht gewaschen werden! Andernfalls geht die chemische Impr\u00e4gnierung verloren. Es beh\u00e4lt seine Wirkung auch, wenn es sehr verschmutzt ist.<\/p>\n","protected":false},"excerpt":{"rendered":"<p>Das GEWA-Pflegetuch eignet sich hervorragend zur Reinigung von gl\u00e4nzenden Oberfl\u00e4chen. Das Tuch ist chemisch impr\u00e4gniert und entfaltet somit seine Reinigungswirkung ohne zus\u00e4tzliche Mittel. Bei starker Verschmutzung kann eine Ecke des Tuchs leicht angefeuchtet werden um die Verschmutzung zu entfernen. Danach mit dem trockenen Teil des Tuches nachpolieren. Das Tuch darf nicht gewaschen werden! Andernfalls geht [&hellip;]<\/p>\n","protected":false},"featured_media":4810,"template":"","meta":[],"product_brand":[],"product_cat":[220],"product_tag":[],"class_list":{"0":"post-4809","1":"product","2":"type-product","3":"status-publish","4":"has-post-thumbnail","6":"product_cat-diverses","7":"product_shipping_class-letter","9":"first","10":"outofstock","11":"shipping-taxable","12":"purchasable","13":"product-type-simple"},"_links":{"self":[{"href":"https:\/\/www.trommelmanufaktur.ch\/wp-json-api\/wp\/v2\/product\/4809","targetHints":{"allow":["GET"]}}],"collection":[{"href":"https:\/\/www.trommelmanufaktur.ch\/wp-json-api\/wp\/v2\/product"}],"about":[{"href":"https:\/\/www.trommelmanufaktur.ch\/wp-json-api\/wp\/v2\/types\/product"}],"wp:featuredmedia":[{"embeddable":true,"href":"https:\/\/www.trommelmanufaktur.ch\/wp-json-api\/wp\/v2\/media\/4810"}],"wp:attachment":[{"href":"https:\/\/www.trommelmanufaktur.ch\/wp-json-api\/wp\/v2\/media?parent=4809"}],"wp:term":[{"taxonomy":"product_brand","embeddable":true,"href":"https:\/\/www.trommelmanufaktur.ch\/wp-json-api\/wp\/v2\/product_brand?post=4809"},{"taxonomy":"product_cat","embeddable":true,"href":"https:\/\/www.trommelmanufaktur.ch\/wp-json-api\/wp\/v2\/product_cat?post=4809"},{"taxonomy":"product_tag","embeddable":true,"href":"https:\/\/www.trommelmanufaktur.ch\/wp-json-api\/wp\/v2\/product_tag?post=4809"}],"curies":[{"name":"wp","href":"https:\/\/api.w.org\/{rel}","templated":true}]}}