{"id":4566,"date":"2019-03-05T18:40:32","date_gmt":"2019-03-05T17:40:32","guid":{"rendered":"\/?post_type=product&#038;p=4566"},"modified":"2025-03-30T22:53:44","modified_gmt":"2025-03-30T20:53:44","slug":"taktstock-mozart-ii","status":"publish","type":"product","link":"https:\/\/www.trommelmanufaktur.ch\/product\/taktstock-mozart-ii\/","title":{"rendered":"Taktstock &#8222;Mozart II&#8220;"},"content":{"rendered":"<ul>\n<li>Marke: Rohema<\/li>\n<li>Griff: Palisander<\/li>\n<li>Dimensionen Griff: 67x20mm<\/li>\n<li>Material Schaft: Glasfaser<\/li>\n<li>L\u00e4nge: 430mm<\/li>\n<li>Gewicht: 30g<\/li>\n<li>ausbalanciert<\/li>\n<\/ul>\n\n<h2 class=\"wp-block-heading\">Rohema Percussion<\/h2>\n\n\n\n<p>Die Taktst\u00f6cke der Firma <a href=\"https:\/\/www.rohema.de\/\" target=\"_blank\" rel=\"noreferrer noopener\">Rohema Percussion<\/a> werden im Familienbetrieb in <a href=\"https:\/\/de.wikipedia.org\/wiki\/Markneukirchen\" target=\"_blank\" rel=\"noreferrer noopener\">Markneukirchen (D)<\/a> seit 1888 in der f\u00fcnften Generation hergestellt. Es ist die \u00e4lteste und einzige verbliebene Taktstockmanufaktur Europas. Neben Taktst\u00f6cken aus <a href=\"https:\/\/de.wikipedia.org\/wiki\/Hainbuche\" target=\"_blank\" rel=\"noreferrer noopener\">Weissbuche<\/a> werden auch welche aus <a href=\"https:\/\/de.wikipedia.org\/wiki\/Glasfaser\" target=\"_blank\" rel=\"noreferrer noopener\">Glasfasern<\/a> und <a href=\"https:\/\/de.wikipedia.org\/wiki\/Kohlenstofffaser\" target=\"_blank\" rel=\"noreferrer noopener\">Kohlenstofffasern<\/a> (Karbon) hergestellt.<\/p>\n\n","protected":false},"excerpt":{"rendered":"<p>Marke: Rohema Griff: Palisander Dimensionen Griff: 67x20mm Material Schaft: Glasfaser L\u00e4nge: 430mm Gewicht: 30g ausbalanciert<\/p>\n","protected":false},"featured_media":4567,"template":"","meta":[],"product_brand":[],"product_cat":[254],"product_tag":[276,277,275,274],"class_list":{"0":"post-4566","1":"product","2":"type-product","3":"status-publish","4":"has-post-thumbnail","6":"product_cat-taktstoecke","7":"product_tag-dirigierstab","8":"product_tag-dirigierstoeckli","9":"product_tag-rohema","10":"product_tag-taktstock","12":"first","13":"instock","14":"shipping-taxable","15":"purchasable","16":"product-type-simple"},"_links":{"self":[{"href":"https:\/\/www.trommelmanufaktur.ch\/wp-json-api\/wp\/v2\/product\/4566","targetHints":{"allow":["GET"]}}],"collection":[{"href":"https:\/\/www.trommelmanufaktur.ch\/wp-json-api\/wp\/v2\/product"}],"about":[{"href":"https:\/\/www.trommelmanufaktur.ch\/wp-json-api\/wp\/v2\/types\/product"}],"wp:featuredmedia":[{"embeddable":true,"href":"https:\/\/www.trommelmanufaktur.ch\/wp-json-api\/wp\/v2\/media\/4567"}],"wp:attachment":[{"href":"https:\/\/www.trommelmanufaktur.ch\/wp-json-api\/wp\/v2\/media?parent=4566"}],"wp:term":[{"taxonomy":"product_brand","embeddable":true,"href":"https:\/\/www.trommelmanufaktur.ch\/wp-json-api\/wp\/v2\/product_brand?post=4566"},{"taxonomy":"product_cat","embeddable":true,"href":"https:\/\/www.trommelmanufaktur.ch\/wp-json-api\/wp\/v2\/product_cat?post=4566"},{"taxonomy":"product_tag","embeddable":true,"href":"https:\/\/www.trommelmanufaktur.ch\/wp-json-api\/wp\/v2\/product_tag?post=4566"}],"curies":[{"name":"wp","href":"https:\/\/api.w.org\/{rel}","templated":true}]}}