{"id":4504,"date":"2019-03-03T12:00:27","date_gmt":"2019-03-03T11:00:27","guid":{"rendered":"\/?post_type=product&#038;p=4504"},"modified":"2025-08-23T00:13:04","modified_gmt":"2025-08-22T22:13:04","slug":"taktstock-bach","status":"publish","type":"product","link":"https:\/\/www.trommelmanufaktur.ch\/product\/taktstock-bach\/","title":{"rendered":"Taktstock &#8222;Bach&#8220;"},"content":{"rendered":"<ul>\n<li>Marke: Rohema<\/li>\n<li>Griff: Holz<\/li>\n<li>Dimensionen Griff: 8mm Durchmesser<\/li>\n<li>Material Schaft: Holz naturbelassen<\/li>\n<li>L\u00e4nge: 420mm<\/li>\n<li>Gewicht: 7g<\/li>\n<li>nicht ausbalanciert<\/li>\n<\/ul>\n\n<h2 class=\"wp-block-heading\">Rohema Percussion<\/h2>\n\n\n\n<p>Die Taktst\u00f6cke der Firma <a href=\"https:\/\/www.rohema.de\/\" target=\"_blank\" rel=\"noreferrer noopener\">Rohema Percussion<\/a> werden im Familienbetrieb in <a href=\"https:\/\/de.wikipedia.org\/wiki\/Markneukirchen\" target=\"_blank\" rel=\"noreferrer noopener\">Markneukirchen (D)<\/a> seit 1888 in der f\u00fcnften Generation hergestellt. Es ist die \u00e4lteste und einzige verbliebene Taktstockmanufaktur Europas. Neben Taktst\u00f6cken aus <a href=\"https:\/\/de.wikipedia.org\/wiki\/Hainbuche\" target=\"_blank\" rel=\"noreferrer noopener\">Weissbuche<\/a> werden auch welche aus <a href=\"https:\/\/de.wikipedia.org\/wiki\/Glasfaser\" target=\"_blank\" rel=\"noreferrer noopener\">Glasfasern<\/a> und <a href=\"https:\/\/de.wikipedia.org\/wiki\/Kohlenstofffaser\" target=\"_blank\" rel=\"noreferrer noopener\">Kohlenstofffasern<\/a> (Karbon) hergestellt.<\/p>\n\n","protected":false},"excerpt":{"rendered":"<p>Marke: Rohema Griff: Holz Dimensionen Griff: 8mm Durchmesser Material Schaft: Holz naturbelassen L\u00e4nge: 420mm Gewicht: 7g nicht ausbalanciert<\/p>\n","protected":false},"featured_media":4505,"template":"","meta":[],"product_brand":[],"product_cat":[254],"product_tag":[276,277,275,274],"class_list":{"0":"post-4504","1":"product","2":"type-product","3":"status-publish","4":"has-post-thumbnail","6":"product_cat-taktstoecke","7":"product_tag-dirigierstab","8":"product_tag-dirigierstoeckli","9":"product_tag-rohema","10":"product_tag-taktstock","12":"first","13":"instock","14":"shipping-taxable","15":"purchasable","16":"product-type-simple"},"_links":{"self":[{"href":"https:\/\/www.trommelmanufaktur.ch\/wp-json-api\/wp\/v2\/product\/4504","targetHints":{"allow":["GET"]}}],"collection":[{"href":"https:\/\/www.trommelmanufaktur.ch\/wp-json-api\/wp\/v2\/product"}],"about":[{"href":"https:\/\/www.trommelmanufaktur.ch\/wp-json-api\/wp\/v2\/types\/product"}],"wp:featuredmedia":[{"embeddable":true,"href":"https:\/\/www.trommelmanufaktur.ch\/wp-json-api\/wp\/v2\/media\/4505"}],"wp:attachment":[{"href":"https:\/\/www.trommelmanufaktur.ch\/wp-json-api\/wp\/v2\/media?parent=4504"}],"wp:term":[{"taxonomy":"product_brand","embeddable":true,"href":"https:\/\/www.trommelmanufaktur.ch\/wp-json-api\/wp\/v2\/product_brand?post=4504"},{"taxonomy":"product_cat","embeddable":true,"href":"https:\/\/www.trommelmanufaktur.ch\/wp-json-api\/wp\/v2\/product_cat?post=4504"},{"taxonomy":"product_tag","embeddable":true,"href":"https:\/\/www.trommelmanufaktur.ch\/wp-json-api\/wp\/v2\/product_tag?post=4504"}],"curies":[{"name":"wp","href":"https:\/\/api.w.org\/{rel}","templated":true}]}}