{"id":4495,"date":"2019-03-03T11:37:13","date_gmt":"2019-03-03T10:37:13","guid":{"rendered":"\/?post_type=product&#038;p=4495"},"modified":"2025-03-30T22:58:47","modified_gmt":"2025-03-30T20:58:47","slug":"taktstock-bruch-carbon","status":"publish","type":"product","link":"https:\/\/www.trommelmanufaktur.ch\/product\/taktstock-bruch-carbon\/","title":{"rendered":"Taktstock &#8222;Bruch Carbon&#8220;"},"content":{"rendered":"<ul>\n<li>Marke: Rohema<\/li>\n<li>Griff: Kork<\/li>\n<li>Dimensionen Griff: 50x22mm<\/li>\n<li>Material Schaft: Karbon weiss lackiert<\/li>\n<li>L\u00e4nge: 340mm<\/li>\n<li>Gewicht: 13g<\/li>\n<li>ausbalanciert<\/li>\n<\/ul>\n<p>Der Rohema Taktstoc Bruch Carbon ist 345 Millimeter lang und 15 Gramm leicht. Sein tropfenf\u00f6rmiger Griff besteht aus dem Naturmaterial Kork. Dieses ist gut geeignet, wenn die H\u00e4nde des Dirigenten schnell ins Schwitzen kommen, da Kork Feuchtigkeit sehr gut aufnimmt und absorbiert. Der Bruch Taktstock besteht aus robustem Carbon, das f\u00fcr bessere Sichtbarkeit wei\u00df lackiert ist.<\/p>\n\n<h2 class=\"wp-block-heading\">Rohema Percussion<\/h2>\n\n\n\n<p>Die Taktst\u00f6cke der Firma <a href=\"https:\/\/www.rohema.de\/\" target=\"_blank\" rel=\"noreferrer noopener\">Rohema Percussion<\/a> werden im Familienbetrieb in <a href=\"https:\/\/de.wikipedia.org\/wiki\/Markneukirchen\" target=\"_blank\" rel=\"noreferrer noopener\">Markneukirchen (D)<\/a> seit 1888 in der f\u00fcnften Generation hergestellt. Es ist die \u00e4lteste und einzige verbliebene Taktstockmanufaktur Europas. Neben Taktst\u00f6cken aus <a href=\"https:\/\/de.wikipedia.org\/wiki\/Hainbuche\" target=\"_blank\" rel=\"noreferrer noopener\">Weissbuche<\/a> werden auch welche aus <a href=\"https:\/\/de.wikipedia.org\/wiki\/Glasfaser\" target=\"_blank\" rel=\"noreferrer noopener\">Glasfasern<\/a> und <a href=\"https:\/\/de.wikipedia.org\/wiki\/Kohlenstofffaser\" target=\"_blank\" rel=\"noreferrer noopener\">Kohlenstofffasern<\/a> (Karbon) hergestellt.<\/p>\n\n","protected":false},"excerpt":{"rendered":"<p>Marke: Rohema Griff: Kork Dimensionen Griff: 50x22mm Material Schaft: Karbon weiss lackiert L\u00e4nge: 340mm Gewicht: 13g ausbalanciert Der Rohema Taktstoc Bruch Carbon ist 345 Millimeter lang und 15 Gramm leicht. Sein tropfenf\u00f6rmiger Griff besteht aus dem Naturmaterial Kork. Dieses ist gut geeignet, wenn die H\u00e4nde des Dirigenten schnell ins Schwitzen kommen, da Kork Feuchtigkeit sehr [&hellip;]<\/p>\n","protected":false},"featured_media":4498,"template":"","meta":[],"product_brand":[],"product_cat":[254],"product_tag":[276,277,275,274],"class_list":{"0":"post-4495","1":"product","2":"type-product","3":"status-publish","4":"has-post-thumbnail","6":"product_cat-taktstoecke","7":"product_tag-dirigierstab","8":"product_tag-dirigierstoeckli","9":"product_tag-rohema","10":"product_tag-taktstock","12":"first","13":"instock","14":"shipping-taxable","15":"purchasable","16":"product-type-simple"},"_links":{"self":[{"href":"https:\/\/www.trommelmanufaktur.ch\/wp-json-api\/wp\/v2\/product\/4495","targetHints":{"allow":["GET"]}}],"collection":[{"href":"https:\/\/www.trommelmanufaktur.ch\/wp-json-api\/wp\/v2\/product"}],"about":[{"href":"https:\/\/www.trommelmanufaktur.ch\/wp-json-api\/wp\/v2\/types\/product"}],"wp:featuredmedia":[{"embeddable":true,"href":"https:\/\/www.trommelmanufaktur.ch\/wp-json-api\/wp\/v2\/media\/4498"}],"wp:attachment":[{"href":"https:\/\/www.trommelmanufaktur.ch\/wp-json-api\/wp\/v2\/media?parent=4495"}],"wp:term":[{"taxonomy":"product_brand","embeddable":true,"href":"https:\/\/www.trommelmanufaktur.ch\/wp-json-api\/wp\/v2\/product_brand?post=4495"},{"taxonomy":"product_cat","embeddable":true,"href":"https:\/\/www.trommelmanufaktur.ch\/wp-json-api\/wp\/v2\/product_cat?post=4495"},{"taxonomy":"product_tag","embeddable":true,"href":"https:\/\/www.trommelmanufaktur.ch\/wp-json-api\/wp\/v2\/product_tag?post=4495"}],"curies":[{"name":"wp","href":"https:\/\/api.w.org\/{rel}","templated":true}]}}