{"id":4462,"date":"2019-03-03T10:55:45","date_gmt":"2019-03-03T09:55:45","guid":{"rendered":"\/?post_type=product&#038;p=4462"},"modified":"2025-03-30T22:54:11","modified_gmt":"2025-03-30T20:54:11","slug":"taktstock-paganini","status":"publish","type":"product","link":"https:\/\/www.trommelmanufaktur.ch\/product\/taktstock-paganini\/","title":{"rendered":"Taktstock &#8222;Paganini&#8220;"},"content":{"rendered":"<ul>\n<li>Marke: Rohema<\/li>\n<li>Griff: Kork<\/li>\n<li>Dimensionen Griff: 67x9mm<\/li>\n<li>Material Schaft: Glasfaser<\/li>\n<li>L\u00e4nge: 450mm<\/li>\n<li>Gewicht: 11g<\/li>\n<li>nicht ausbalanciert<\/li>\n<\/ul>\n\n<h2 class=\"wp-block-heading\">Rohema Percussion<\/h2>\n\n\n\n<p>Die Taktst\u00f6cke der Firma <a href=\"https:\/\/www.rohema.de\/\" target=\"_blank\" rel=\"noreferrer noopener\">Rohema Percussion<\/a> werden im Familienbetrieb in <a href=\"https:\/\/de.wikipedia.org\/wiki\/Markneukirchen\" target=\"_blank\" rel=\"noreferrer noopener\">Markneukirchen (D)<\/a> seit 1888 in der f\u00fcnften Generation hergestellt. Es ist die \u00e4lteste und einzige verbliebene Taktstockmanufaktur Europas. Neben Taktst\u00f6cken aus <a href=\"https:\/\/de.wikipedia.org\/wiki\/Hainbuche\" target=\"_blank\" rel=\"noreferrer noopener\">Weissbuche<\/a> werden auch welche aus <a href=\"https:\/\/de.wikipedia.org\/wiki\/Glasfaser\" target=\"_blank\" rel=\"noreferrer noopener\">Glasfasern<\/a> und <a href=\"https:\/\/de.wikipedia.org\/wiki\/Kohlenstofffaser\" target=\"_blank\" rel=\"noreferrer noopener\">Kohlenstofffasern<\/a> (Karbon) hergestellt.<\/p>\n\n","protected":false},"excerpt":{"rendered":"<p>Marke: Rohema Griff: Kork Dimensionen Griff: 67x9mm Material Schaft: Glasfaser L\u00e4nge: 450mm Gewicht: 11g nicht ausbalanciert<\/p>\n","protected":false},"featured_media":4464,"template":"","meta":[],"product_brand":[],"product_cat":[254],"product_tag":[276,277,275,274],"class_list":{"0":"post-4462","1":"product","2":"type-product","3":"status-publish","4":"has-post-thumbnail","6":"product_cat-taktstoecke","7":"product_tag-dirigierstab","8":"product_tag-dirigierstoeckli","9":"product_tag-rohema","10":"product_tag-taktstock","12":"first","13":"instock","14":"shipping-taxable","15":"purchasable","16":"product-type-simple"},"_links":{"self":[{"href":"https:\/\/www.trommelmanufaktur.ch\/wp-json-api\/wp\/v2\/product\/4462","targetHints":{"allow":["GET"]}}],"collection":[{"href":"https:\/\/www.trommelmanufaktur.ch\/wp-json-api\/wp\/v2\/product"}],"about":[{"href":"https:\/\/www.trommelmanufaktur.ch\/wp-json-api\/wp\/v2\/types\/product"}],"wp:featuredmedia":[{"embeddable":true,"href":"https:\/\/www.trommelmanufaktur.ch\/wp-json-api\/wp\/v2\/media\/4464"}],"wp:attachment":[{"href":"https:\/\/www.trommelmanufaktur.ch\/wp-json-api\/wp\/v2\/media?parent=4462"}],"wp:term":[{"taxonomy":"product_brand","embeddable":true,"href":"https:\/\/www.trommelmanufaktur.ch\/wp-json-api\/wp\/v2\/product_brand?post=4462"},{"taxonomy":"product_cat","embeddable":true,"href":"https:\/\/www.trommelmanufaktur.ch\/wp-json-api\/wp\/v2\/product_cat?post=4462"},{"taxonomy":"product_tag","embeddable":true,"href":"https:\/\/www.trommelmanufaktur.ch\/wp-json-api\/wp\/v2\/product_tag?post=4462"}],"curies":[{"name":"wp","href":"https:\/\/api.w.org\/{rel}","templated":true}]}}