{"id":446,"date":"2017-01-28T17:37:01","date_gmt":"2017-01-28T16:37:01","guid":{"rendered":"https:\/\/www.trommelmanufaktur.ch\/product\/practice-sticks-vic-firth-ms6-chop-out\/"},"modified":"2025-06-10T20:57:00","modified_gmt":"2025-06-10T18:57:00","slug":"practice-sticks-vic-firth-ms6-chop-out","status":"publish","type":"product","link":"https:\/\/www.trommelmanufaktur.ch\/product\/practice-sticks-vic-firth-ms6-chop-out\/","title":{"rendered":"Practice-Sticks &#8222;Vic Firth MS6 Chop-Out&#8220;"},"content":{"rendered":"<p>Practice-Sticks MS6 mit Gummikopf.<\/p>\n<ul>\n<li>Schlegel und \u00dcbungspad in einem. Mit diesem Stick kann auf ziemlich allen harten Oberfl\u00e4chen gespielt werden.<\/li>\n<li>Holz: Hickory<\/li>\n<li>Kopf: rund<\/li>\n<li>L\u00e4nge: 435mm<\/li>\n<li>\u2300 Schaft: 17.9mm<\/li>\n<li>Farbe: natur, grau<\/li>\n<\/ul>\n\n<h2 class=\"wp-block-heading\">Hickory<\/h2>\n\n\n\n<p><a href=\"https:\/\/de.wikipedia.org\/wiki\/Hickory_(Pflanze)\" target=\"_blank\" rel=\"noreferrer noopener\">Hickoryb\u00e4ume<\/a> geh\u00f6ren zur Familie der Walnussgew\u00e4chse und kommen in Nordamerika und Ostasien vor. Das Holz ist sehr hart und belastbar. Es wird u.a. f\u00fcr die Herstellung von Werkzeugstielen und auch Drumsticks benutzt.<\/p>\n\n","protected":false},"excerpt":{"rendered":"<p>Practice-Sticks MS6 mit Gummikopf. Schlegel und \u00dcbungspad in einem. Mit diesem Stick kann auf ziemlich allen harten Oberfl\u00e4chen gespielt werden. Holz: Hickory Kopf: rund L\u00e4nge: 435mm \u2300 Schaft: 17.9mm Farbe: natur, grau<\/p>\n","protected":false},"featured_media":576,"template":"","meta":[],"product_brand":[],"product_cat":[67,121,50],"product_tag":[],"class_list":{"0":"post-446","1":"product","2":"type-product","3":"status-publish","4":"has-post-thumbnail","6":"product_cat-marching-marschmusik","7":"product_cat-spezialschlegel","8":"product_cat-schlegel","10":"first","11":"instock","12":"shipping-taxable","13":"purchasable","14":"product-type-simple"},"_links":{"self":[{"href":"https:\/\/www.trommelmanufaktur.ch\/wp-json-api\/wp\/v2\/product\/446","targetHints":{"allow":["GET"]}}],"collection":[{"href":"https:\/\/www.trommelmanufaktur.ch\/wp-json-api\/wp\/v2\/product"}],"about":[{"href":"https:\/\/www.trommelmanufaktur.ch\/wp-json-api\/wp\/v2\/types\/product"}],"wp:featuredmedia":[{"embeddable":true,"href":"https:\/\/www.trommelmanufaktur.ch\/wp-json-api\/wp\/v2\/media\/576"}],"wp:attachment":[{"href":"https:\/\/www.trommelmanufaktur.ch\/wp-json-api\/wp\/v2\/media?parent=446"}],"wp:term":[{"taxonomy":"product_brand","embeddable":true,"href":"https:\/\/www.trommelmanufaktur.ch\/wp-json-api\/wp\/v2\/product_brand?post=446"},{"taxonomy":"product_cat","embeddable":true,"href":"https:\/\/www.trommelmanufaktur.ch\/wp-json-api\/wp\/v2\/product_cat?post=446"},{"taxonomy":"product_tag","embeddable":true,"href":"https:\/\/www.trommelmanufaktur.ch\/wp-json-api\/wp\/v2\/product_tag?post=446"}],"curies":[{"name":"wp","href":"https:\/\/api.w.org\/{rel}","templated":true}]}}