{"id":443,"date":"2017-01-28T17:33:39","date_gmt":"2017-01-28T16:33:39","guid":{"rendered":"https:\/\/www.trommelmanufaktur.ch\/product\/practice-sticks-promark-xbeats-3\/"},"modified":"2025-03-30T22:30:11","modified_gmt":"2025-03-30T20:30:11","slug":"practice-sticks-promark-xbeats-3","status":"publish","type":"product","link":"https:\/\/www.trommelmanufaktur.ch\/product\/practice-sticks-promark-xbeats-3\/","title":{"rendered":"Practice-Sticks &#8222;Promark Xbeats 3&#8220;"},"content":{"rendered":"<p>Practice-Sticks Xbeats 3.<\/p>\n<ul>\n<li>Schlegel und \u00dcbungspad in einem. Mit diesem Stick kann auf ziemlich allen harten Oberfl\u00e4chen gespielt werden.<\/li>\n<li>Holz: Hickory<\/li>\n<li>L\u00e4nge: 432mm<\/li>\n<li>Farbe: natur, dunkelblau<\/li>\n<\/ul>\n\n<h2 class=\"wp-block-heading\">Hickory<\/h2>\n\n\n\n<p><a href=\"https:\/\/de.wikipedia.org\/wiki\/Hickory_(Pflanze)\" target=\"_blank\" rel=\"noreferrer noopener\">Hickoryb\u00e4ume<\/a> geh\u00f6ren zur Familie der Walnussgew\u00e4chse und kommen in Nordamerika und Ostasien vor. Das Holz ist sehr hart und belastbar. Es wird u.a. f\u00fcr die Herstellung von Werkzeugstielen und auch Drumsticks benutzt.<\/p>\n\n","protected":false},"excerpt":{"rendered":"<p>Practice-Sticks Xbeats 3. Schlegel und \u00dcbungspad in einem. Mit diesem Stick kann auf ziemlich allen harten Oberfl\u00e4chen gespielt werden. Holz: Hickory L\u00e4nge: 432mm Farbe: natur, dunkelblau<\/p>\n","protected":false},"featured_media":578,"template":"","meta":[],"product_brand":[],"product_cat":[67,121,50],"product_tag":[],"class_list":{"0":"post-443","1":"product","2":"type-product","3":"status-publish","4":"has-post-thumbnail","6":"product_cat-marching-marschmusik","7":"product_cat-spezialschlegel","8":"product_cat-schlegel","10":"first","11":"outofstock","12":"shipping-taxable","13":"purchasable","14":"product-type-simple"},"_links":{"self":[{"href":"https:\/\/www.trommelmanufaktur.ch\/wp-json-api\/wp\/v2\/product\/443","targetHints":{"allow":["GET"]}}],"collection":[{"href":"https:\/\/www.trommelmanufaktur.ch\/wp-json-api\/wp\/v2\/product"}],"about":[{"href":"https:\/\/www.trommelmanufaktur.ch\/wp-json-api\/wp\/v2\/types\/product"}],"wp:featuredmedia":[{"embeddable":true,"href":"https:\/\/www.trommelmanufaktur.ch\/wp-json-api\/wp\/v2\/media\/578"}],"wp:attachment":[{"href":"https:\/\/www.trommelmanufaktur.ch\/wp-json-api\/wp\/v2\/media?parent=443"}],"wp:term":[{"taxonomy":"product_brand","embeddable":true,"href":"https:\/\/www.trommelmanufaktur.ch\/wp-json-api\/wp\/v2\/product_brand?post=443"},{"taxonomy":"product_cat","embeddable":true,"href":"https:\/\/www.trommelmanufaktur.ch\/wp-json-api\/wp\/v2\/product_cat?post=443"},{"taxonomy":"product_tag","embeddable":true,"href":"https:\/\/www.trommelmanufaktur.ch\/wp-json-api\/wp\/v2\/product_tag?post=443"}],"curies":[{"name":"wp","href":"https:\/\/api.w.org\/{rel}","templated":true}]}}