{"id":426,"date":"2017-01-28T13:43:10","date_gmt":"2017-01-28T12:43:10","guid":{"rendered":"https:\/\/www.trommelmanufaktur.ch\/product\/trommelschlegel-truemmali-werner-416\/"},"modified":"2026-03-13T19:01:31","modified_gmt":"2026-03-13T18:01:31","slug":"trommelschlegel-416","status":"publish","type":"product","link":"https:\/\/www.trommelmanufaktur.ch\/product\/trommelschlegel-416\/","title":{"rendered":"Trommelschlegel 416"},"content":{"rendered":"<p>Standardmodell lang.<\/p>\n<ul>\n<li>Holz: Weissbuche<\/li>\n<li>Kopf: rund<\/li>\n<li>L\u00e4nge: 416mm<\/li>\n<li>\u2300 Schaft: 18.8mm<\/li>\n<li>Gewicht: 67-74g<\/li>\n<li>Farbe: natur<\/li>\n<li>Holzbehandlung: lackiert<\/li>\n<\/ul>\n\n<h2 class=\"wp-block-heading\">Weissbuche<\/h2>\n\n\n\n<p>Die <a href=\"https:\/\/de.wikipedia.org\/wiki\/Hainbuche\" target=\"_blank\" rel=\"noreferrer noopener\">Weissbuche, auch Hainbuche oder Hagebuche genannt<\/a>, geh\u00f6rt zur Gattung der Hainbuchen aus der Familie der Birkengew\u00e4chse. Sie w\u00e4chst als mittelgro\u00dfer, laubabwerfender Baum oder Strauch in Europa und Westasien.<\/p>\n\n\n\n<p>Das Holz ist von heller Farbe und gleichm\u00e4ssig aufgebaut, was es zu einem idealen Holz f\u00fcr Trommelschlegel macht.<\/p>\n\n\n<h2 class=\"wp-block-heading\">Informationen zu Trommelschlegeln<\/h2>\n\n\n\n<p>Die Schlegel werden paarweise auf auf ein halbes Gramm genau ausgewogen.<\/p>\n\n\n\n<p>Die Verf\u00fcgbarkeit eines bestimmten Schlegelgewichtes k\u00f6nnen wir nicht garantieren. Falls Ihr Wunschgewicht nicht verf\u00fcgbar ist, erhalten Sie Schlegel welche m\u00f6glichst nahe am gew\u00fcnschten Gewicht liegen. Als Naturprodukt unterliegt <a href=\"https:\/\/de.wikipedia.org\/wiki\/Holz\" target=\"_blank\" rel=\"noreferrer noopener\">Holz<\/a> Schwankungen und das Gewicht kann sich zwischen dem Zeitpunkt der Produktion und dem Verkauf minimal ver\u00e4ndern. Zwischen den Chargen k\u00f6nnen die verf\u00fcgbaren Gewichte schwanken. Wir bem\u00fchen uns, die Angaben im Webshop stets aktuell zu halten.<\/p>\n\n","protected":false},"excerpt":{"rendered":"<p>Standardmodell lang. Holz: Weissbuche Kopf: rund L\u00e4nge: 416mm \u2300 Schaft: 18.8mm Gewicht: 67-74g Farbe: natur Holzbehandlung: lackiert<\/p>\n","protected":false},"featured_media":3085,"template":"","meta":[],"product_brand":[],"product_cat":[285,50,74],"product_tag":[],"class_list":{"0":"post-426","1":"product","2":"type-product","3":"status-publish","4":"has-post-thumbnail","6":"product_cat-labelable-sticks","7":"product_cat-schlegel","8":"product_cat-trommelschlegel","10":"first","11":"instock","12":"shipping-taxable","13":"purchasable","14":"product-type-variable","15":"has-default-attributes"},"_links":{"self":[{"href":"https:\/\/www.trommelmanufaktur.ch\/wp-json-api\/wp\/v2\/product\/426","targetHints":{"allow":["GET"]}}],"collection":[{"href":"https:\/\/www.trommelmanufaktur.ch\/wp-json-api\/wp\/v2\/product"}],"about":[{"href":"https:\/\/www.trommelmanufaktur.ch\/wp-json-api\/wp\/v2\/types\/product"}],"wp:featuredmedia":[{"embeddable":true,"href":"https:\/\/www.trommelmanufaktur.ch\/wp-json-api\/wp\/v2\/media\/3085"}],"wp:attachment":[{"href":"https:\/\/www.trommelmanufaktur.ch\/wp-json-api\/wp\/v2\/media?parent=426"}],"wp:term":[{"taxonomy":"product_brand","embeddable":true,"href":"https:\/\/www.trommelmanufaktur.ch\/wp-json-api\/wp\/v2\/product_brand?post=426"},{"taxonomy":"product_cat","embeddable":true,"href":"https:\/\/www.trommelmanufaktur.ch\/wp-json-api\/wp\/v2\/product_cat?post=426"},{"taxonomy":"product_tag","embeddable":true,"href":"https:\/\/www.trommelmanufaktur.ch\/wp-json-api\/wp\/v2\/product_tag?post=426"}],"curies":[{"name":"wp","href":"https:\/\/api.w.org\/{rel}","templated":true}]}}