{"id":4011,"date":"2018-12-14T18:55:55","date_gmt":"2018-12-14T17:55:55","guid":{"rendered":"https:\/\/www.trommelmanufaktur.ch\/?post_type=product&#038;p=4011"},"modified":"2026-03-04T22:58:53","modified_gmt":"2026-03-04T21:58:53","slug":"big-stick","status":"publish","type":"product","link":"https:\/\/www.trommelmanufaktur.ch\/product\/big-stick\/","title":{"rendered":"Rohema Big Stick"},"content":{"rendered":"<p>Beim Big Stick handelt es sich um einen Drumstick in XXL-Gr\u00f6sse. Die L\u00e4nge betr\u00e4gt 700mm, der Durchmesser 40mm. Zum Spielen ist dieser Stick weniger geeignet. Er wird aber gerne als Geschenk zu besonderen Anl\u00e4ssen wie z.B. Ernennung zum Ehrenmitglied oder f\u00fcr langj\u00e4hrige Vereinsmitgliedschaft \u00fcberreicht.<\/p>\n","protected":false},"excerpt":{"rendered":"<p>Beim Big Stick handelt es sich um einen Drumstick in XXL-Gr\u00f6sse. Die L\u00e4nge betr\u00e4gt 700mm, der Durchmesser 40mm. Zum Spielen ist dieser Stick weniger geeignet. Er wird aber gerne als Geschenk zu besonderen Anl\u00e4ssen wie z.B. Ernennung zum Ehrenmitglied oder f\u00fcr langj\u00e4hrige Vereinsmitgliedschaft \u00fcberreicht.<\/p>\n","protected":false},"featured_media":4012,"template":"","meta":[],"product_brand":[],"product_cat":[72,220,121,50,49],"product_tag":[269,268,270,264],"class_list":{"0":"post-4011","1":"product","2":"type-product","3":"status-publish","4":"has-post-thumbnail","6":"product_cat-accessoires","7":"product_cat-diverses","8":"product_cat-spezialschlegel","9":"product_cat-schlegel","10":"product_cat-zubehoer","11":"product_tag-big","12":"product_tag-geschenk","13":"product_tag-stick","14":"product_tag-trommelschlegel","16":"first","17":"outofstock","18":"shipping-taxable","19":"purchasable","20":"product-type-simple"},"_links":{"self":[{"href":"https:\/\/www.trommelmanufaktur.ch\/wp-json-api\/wp\/v2\/product\/4011","targetHints":{"allow":["GET"]}}],"collection":[{"href":"https:\/\/www.trommelmanufaktur.ch\/wp-json-api\/wp\/v2\/product"}],"about":[{"href":"https:\/\/www.trommelmanufaktur.ch\/wp-json-api\/wp\/v2\/types\/product"}],"wp:featuredmedia":[{"embeddable":true,"href":"https:\/\/www.trommelmanufaktur.ch\/wp-json-api\/wp\/v2\/media\/4012"}],"wp:attachment":[{"href":"https:\/\/www.trommelmanufaktur.ch\/wp-json-api\/wp\/v2\/media?parent=4011"}],"wp:term":[{"taxonomy":"product_brand","embeddable":true,"href":"https:\/\/www.trommelmanufaktur.ch\/wp-json-api\/wp\/v2\/product_brand?post=4011"},{"taxonomy":"product_cat","embeddable":true,"href":"https:\/\/www.trommelmanufaktur.ch\/wp-json-api\/wp\/v2\/product_cat?post=4011"},{"taxonomy":"product_tag","embeddable":true,"href":"https:\/\/www.trommelmanufaktur.ch\/wp-json-api\/wp\/v2\/product_tag?post=4011"}],"curies":[{"name":"wp","href":"https:\/\/api.w.org\/{rel}","templated":true}]}}