{"id":3568,"date":"2018-09-21T10:41:32","date_gmt":"2018-09-21T08:41:32","guid":{"rendered":"https:\/\/www.trommelmanufaktur.ch\/?post_type=product&#038;p=3568"},"modified":"2025-12-02T21:42:55","modified_gmt":"2025-12-02T20:42:55","slug":"paradehandschuhe-weiss","status":"publish","type":"product","link":"https:\/\/www.trommelmanufaktur.ch\/product\/paradehandschuhe-weiss\/","title":{"rendered":"Paradehandschuhe weiss"},"content":{"rendered":"<p>Paradehandschuhe aus sehr geschmeidigem, echtem weissem K\u00e4nguruhleder. Mit Druckknopfverschluss und drei N\u00e4hfalten auf dem Handr\u00fccken.<\/p>\n<p><strong>Hinweis zur Reinigung von Lederhandschuhen:<\/strong><\/p>\n<p>Lederhandschuhe zieht man am besten an und reinigt wie beim H\u00e4ndewaschen. Mit einem Tuch die meiste N\u00e4sse herausdr\u00fccken, an den Fingerspitzen zum Trocknen aufh\u00e4ngen und bevor der Handschuh ganz trocken ist, nochmals \u00fcberst\u00fclpen und durchkneten, damit er weich und geschmeidig bleibt.<\/p>\n","protected":false},"excerpt":{"rendered":"<p>Paradehandschuhe aus sehr geschmeidigem, echtem weissem K\u00e4nguruhleder. Mit Druckknopfverschluss und drei N\u00e4hfalten auf dem Handr\u00fccken. Hinweis zur Reinigung von Lederhandschuhen: Lederhandschuhe zieht man am besten an und reinigt wie beim H\u00e4ndewaschen. Mit einem Tuch die meiste N\u00e4sse herausdr\u00fccken, an den Fingerspitzen zum Trocknen aufh\u00e4ngen und bevor der Handschuh ganz trocken ist, nochmals \u00fcberst\u00fclpen und durchkneten, [&hellip;]<\/p>\n","protected":false},"featured_media":3612,"template":"","meta":[],"product_brand":[],"product_cat":[55,67],"product_tag":[246,248,236,237,249,239,247],"class_list":{"0":"post-3568","1":"product","2":"type-product","3":"status-publish","4":"has-post-thumbnail","6":"product_cat-majorstoecke","7":"product_cat-marching-marschmusik","8":"product_tag-handschuhe","9":"product_tag-leder","10":"product_tag-majorstab","11":"product_tag-majorstabzubehoer","12":"product_tag-nappaleder","13":"product_tag-parade","14":"product_tag-paradehandschuhe","15":"product_shipping_class-letter-large","17":"first","18":"instock","19":"shipping-taxable","20":"purchasable","21":"product-type-variable"},"_links":{"self":[{"href":"https:\/\/www.trommelmanufaktur.ch\/wp-json-api\/wp\/v2\/product\/3568","targetHints":{"allow":["GET"]}}],"collection":[{"href":"https:\/\/www.trommelmanufaktur.ch\/wp-json-api\/wp\/v2\/product"}],"about":[{"href":"https:\/\/www.trommelmanufaktur.ch\/wp-json-api\/wp\/v2\/types\/product"}],"wp:featuredmedia":[{"embeddable":true,"href":"https:\/\/www.trommelmanufaktur.ch\/wp-json-api\/wp\/v2\/media\/3612"}],"wp:attachment":[{"href":"https:\/\/www.trommelmanufaktur.ch\/wp-json-api\/wp\/v2\/media?parent=3568"}],"wp:term":[{"taxonomy":"product_brand","embeddable":true,"href":"https:\/\/www.trommelmanufaktur.ch\/wp-json-api\/wp\/v2\/product_brand?post=3568"},{"taxonomy":"product_cat","embeddable":true,"href":"https:\/\/www.trommelmanufaktur.ch\/wp-json-api\/wp\/v2\/product_cat?post=3568"},{"taxonomy":"product_tag","embeddable":true,"href":"https:\/\/www.trommelmanufaktur.ch\/wp-json-api\/wp\/v2\/product_tag?post=3568"}],"curies":[{"name":"wp","href":"https:\/\/api.w.org\/{rel}","templated":true}]}}