{"id":3514,"date":"2018-07-13T14:21:46","date_gmt":"2018-07-13T12:21:46","guid":{"rendered":"https:\/\/www.trommelmanufaktur.ch\/?post_type=product&#038;p=3514"},"modified":"2025-12-22T12:24:46","modified_gmt":"2025-12-22T11:24:46","slug":"trommelboeckli-trofa","status":"publish","type":"product","link":"https:\/\/www.trommelmanufaktur.ch\/product\/trommelboeckli-trofa\/","title":{"rendered":"Trommelb\u00f6ckli &#8222;Trommelmanufaktur&#8220;"},"content":{"rendered":"<p>Trommelb\u00f6ckli Modell &#8222;Trommelmanufaktur&#8220; in schwarzer Farbe. B\u00f6ckli werden manchmal auch &#8222;B\u00f6ggli&#8220; genannt und eigenen sich gut um zuhause oder unterwegs zu \u00fcben. Das Spielgef\u00fchl \u00e4hnelt dem einer richtigen Trommel.<\/p>\n<div id=\"attachment_4244\" style=\"width: 160px\" class=\"wp-caption alignright\"><a href=\"\/content\/media\/2019\/01\/boeckli-unten.jpg\"><img loading=\"lazy\" decoding=\"async\" aria-describedby=\"caption-attachment-4244\" class=\"size-thumbnail wp-image-4244\" src=\"\/content\/media\/2019\/01\/boeckli-unten-150x150.jpg\" alt=\"\" width=\"150\" height=\"150\" srcset=\"https:\/\/www.trommelmanufaktur.ch\/content\/media\/2019\/01\/boeckli-unten-150x150.jpg 150w, https:\/\/www.trommelmanufaktur.ch\/content\/media\/2019\/01\/boeckli-unten-36x36.jpg 36w, https:\/\/www.trommelmanufaktur.ch\/content\/media\/2019\/01\/boeckli-unten-180x180.jpg 180w, https:\/\/www.trommelmanufaktur.ch\/content\/media\/2019\/01\/boeckli-unten-100x100.jpg 100w, https:\/\/www.trommelmanufaktur.ch\/content\/media\/2019\/01\/boeckli-unten-450x450.jpg 450w\" sizes=\"auto, (max-width: 150px) 100vw, 150px\" \/><\/a><p id=\"caption-attachment-4244\" class=\"wp-caption-text\">Untersicht des Trommelb\u00f6ckli &#8222;Trommelmanufaktur&#8220; mit der stufenlos verstellbaren Halterung<\/p><\/div>\n<p>Das Spannen des Fells erfolgt durch 3 Fl\u00fcgelmuttern auf der Unterseite. Inklusive stufenlos verstellbarer Halterung, Polsterfilz, Gewebefell und Halterungsstange. St\u00e4nder nicht inbegriffen.<\/p>\n<p>Jedes B\u00f6ckli wird standardm\u00e4ssig mit einem einschichtigen Gewebefell und unserer stufenlos verstellbaren Halterung vom Typ <a href=\"\/angebot\/geschichte\/#truemmaliwerner\">Tr\u00fcmmali Werner<\/a> ausgeliefert. Auf Anfrage sind auch die klassischen M8-Halterungen (kompatibel zu den St\u00e4ndern von K&amp;M) lieferbar.<\/p>\n<p>Kompatibel mit:<\/p>\n<ul>\n<li><a href=\"\/product\/boecklistaender\/\">B\u00f6cklist\u00e4nder 46cm<\/a><\/li>\n<li><a href=\"\/product\/boecklistaender\/\">B\u00f6cklist\u00e4nder 36cm<\/a><\/li>\n<\/ul>\n<p>Das <a href=\"\/product\/trommelboeckli-set\/\">Trommelb\u00f6ckli ist zusammen mit einem St\u00e4nder auch als Kombination<\/a> erh\u00e4ltlich.<\/p>\n<span class=\"clearfix\"><\/span>\n<h2>Aus eigener Entwicklung und regionaler Fertigung<\/h2>\n<p>Das Trommelb\u00f6ckli &#8222;Trommelmanufaktur&#8220; ist eine Eigenentwicklung von <a href=\"\/angebot\/geschichte\/\">Dominic Hanselmann<\/a>. S\u00e4mtliche Konstruktionspl\u00e4ne wurden in <a href=\"https:\/\/www.freecadweb.org\/\" target=\"_blank\" rel=\"noopener noreferrer\">FreeCAD<\/a> entworfen. Die Fertigung erfolgt durch regionale Betriebe in der Ostschweiz und unterliegt unserer Qualit\u00e4tskontrolle. Auf Anfrage k\u00f6nnen wir gr\u00f6ssere Mengen liefern und auch Anpassungen vornehmen, beispielsweise Farbe oder Position der Befestigung.<\/p>\n<div  class='flex_column av-3o6qfu-2dd7d4309ef2c3e8223b8e4c3916bd0d av_one_half  avia-builder-el-0  el_before_av_one_half  avia-builder-el-first  first flex_column_div  '     ><div id=\"attachment_4172\" style=\"width: 310px\" class=\"wp-caption alignnone\"><a href=\"\/content\/media\/2019\/01\/boeckli-in-freecad.png\"><img loading=\"lazy\" decoding=\"async\" aria-describedby=\"caption-attachment-4172\" class=\"size-medium wp-image-4172\" src=\"\/content\/media\/2019\/01\/boeckli-in-freecad-300x232.png\" alt=\"\" width=\"300\" height=\"232\" srcset=\"https:\/\/www.trommelmanufaktur.ch\/content\/media\/2019\/01\/boeckli-in-freecad-300x232.png 300w, https:\/\/www.trommelmanufaktur.ch\/content\/media\/2019\/01\/boeckli-in-freecad-768x593.png 768w, https:\/\/www.trommelmanufaktur.ch\/content\/media\/2019\/01\/boeckli-in-freecad-1024x790.png 1024w, https:\/\/www.trommelmanufaktur.ch\/content\/media\/2019\/01\/boeckli-in-freecad-705x544.png 705w, https:\/\/www.trommelmanufaktur.ch\/content\/media\/2019\/01\/boeckli-in-freecad-450x347.png 450w, https:\/\/www.trommelmanufaktur.ch\/content\/media\/2019\/01\/boeckli-in-freecad.png 1096w\" sizes=\"auto, (max-width: 300px) 100vw, 300px\" \/><\/a><p id=\"caption-attachment-4172\" class=\"wp-caption-text\">Entwurf des Trommelb\u00f6cklis &#8222;Trommelmanufaktur&#8220; in <a href=\"https:\/\/www.freecadweb.org\/\" target=\"_blank\" rel=\"noopener noreferrer\">FreeCAD<\/a><\/p><\/div><\/div><div  class='flex_column av-2kf6y2-ec7c3115b56931ad8109753de6d0c20c av_one_half  avia-builder-el-1  el_after_av_one_half  avia-builder-el-last  flex_column_div  '     ><div id=\"attachment_4243\" style=\"width: 310px\" class=\"wp-caption alignnone\"><a href=\"\/content\/media\/2019\/01\/boeckli-messungen.jpg\"><img loading=\"lazy\" decoding=\"async\" aria-describedby=\"caption-attachment-4243\" class=\"size-medium wp-image-4243\" src=\"\/content\/media\/2019\/01\/boeckli-messungen-300x199.jpg\" alt=\"\" width=\"300\" height=\"199\" srcset=\"https:\/\/www.trommelmanufaktur.ch\/content\/media\/2019\/01\/boeckli-messungen-300x199.jpg 300w, https:\/\/www.trommelmanufaktur.ch\/content\/media\/2019\/01\/boeckli-messungen-768x509.jpg 768w, https:\/\/www.trommelmanufaktur.ch\/content\/media\/2019\/01\/boeckli-messungen-1024x678.jpg 1024w, https:\/\/www.trommelmanufaktur.ch\/content\/media\/2019\/01\/boeckli-messungen-705x467.jpg 705w, https:\/\/www.trommelmanufaktur.ch\/content\/media\/2019\/01\/boeckli-messungen-450x298.jpg 450w, https:\/\/www.trommelmanufaktur.ch\/content\/media\/2019\/01\/boeckli-messungen.jpg 1200w\" sizes=\"auto, (max-width: 300px) 100vw, 300px\" \/><\/a><p id=\"caption-attachment-4243\" class=\"wp-caption-text\">Messungen an einem Prototypen des Trommelb\u00f6ckli &#8222;Trommelmanufaktur&#8220;<\/p><\/div><\/div><\/p>\n<span class=\"clearfix\"><\/span>\n<h2>Zusatzwissen<\/h2>\n<div  class='av-catalogue-container av-av_catalogue-5a8c88300fc5b1c28014edec2a925cb8'><ul class='av-catalogue-list'>\n<li><a href=\"https:\/\/www.trommelmanufaktur.ch\/wissen\/filzwechsel-trommelboeckli\/\"  class='av-catalogue-item av-av_catalogue_item-38d4fa1de3a610ce6f289dd462aff4bd' ><img decoding=\"async\" width=\"180\" height=\"180\" loading=\"lazy\" src=\"https:\/\/www.trommelmanufaktur.ch\/content\/media\/2018\/04\/bo\u0308cklifilz-180x180.jpg\" title='bo\u0308cklifilz' alt='' class='wp-image-3153 avia-img-lazy-loading-3153 av-catalogue-image' srcset=\"https:\/\/www.trommelmanufaktur.ch\/content\/media\/2018\/04\/bo\u0308cklifilz-180x180.jpg 180w, https:\/\/www.trommelmanufaktur.ch\/content\/media\/2018\/04\/bo\u0308cklifilz-150x150.jpg 150w, https:\/\/www.trommelmanufaktur.ch\/content\/media\/2018\/04\/bo\u0308cklifilz-300x300.jpg 300w, https:\/\/www.trommelmanufaktur.ch\/content\/media\/2018\/04\/bo\u0308cklifilz-36x36.jpg 36w, https:\/\/www.trommelmanufaktur.ch\/content\/media\/2018\/04\/bo\u0308cklifilz-100x100.jpg 100w, https:\/\/www.trommelmanufaktur.ch\/content\/media\/2018\/04\/bo\u0308cklifilz-450x450.jpg 450w, https:\/\/www.trommelmanufaktur.ch\/content\/media\/2018\/04\/bo\u0308cklifilz.jpg 650w\" sizes=\"auto, (max-width: 180px) 100vw, 180px\" \/><div class=\"av-catalogue-item-inner\"><div class=\"av-catalogue-title-container\"><div class='av-catalogue-title'>Filzwechsel Trommelb\u00f6ckli<\/div><div class='av-catalogue-price'><\/div><\/div><div class=\"av-catalogue-content\">\nBeschreibung und Demonstrationsvideo zum Wechsel des Filzes in einem Trommelb\u00f6ckli.<br \/>\n<\/div><\/div><\/a><\/li>\n<\/ul><\/div>\n\n","protected":false},"excerpt":{"rendered":"<p>Trommelb\u00f6ckli Modell &#8222;Trommelmanufaktur&#8220; in schwarzer Farbe. B\u00f6ckli werden manchmal auch &#8222;B\u00f6ggli&#8220; genannt und eigenen sich gut um zuhause oder unterwegs zu \u00fcben. Das Spielgef\u00fchl \u00e4hnelt dem einer richtigen Trommel. Das Spannen des Fells erfolgt durch 3 Fl\u00fcgelmuttern auf der Unterseite. Inklusive stufenlos verstellbarer Halterung, Polsterfilz, Gewebefell und Halterungsstange. St\u00e4nder nicht inbegriffen. Jedes B\u00f6ckli wird standardm\u00e4ssig [&hellip;]<\/p>\n","protected":false},"featured_media":4241,"template":"","meta":[],"product_brand":[],"product_cat":[36],"product_tag":[37,45,46],"class_list":{"0":"post-3514","1":"product","2":"type-product","3":"status-publish","4":"has-post-thumbnail","6":"product_cat-pads","7":"product_tag-boeckli","8":"product_tag-trommelboeckli","9":"product_tag-uebungsboeckli","11":"first","12":"outofstock","13":"shipping-taxable","14":"purchasable","15":"product-type-simple"},"_links":{"self":[{"href":"https:\/\/www.trommelmanufaktur.ch\/wp-json-api\/wp\/v2\/product\/3514","targetHints":{"allow":["GET"]}}],"collection":[{"href":"https:\/\/www.trommelmanufaktur.ch\/wp-json-api\/wp\/v2\/product"}],"about":[{"href":"https:\/\/www.trommelmanufaktur.ch\/wp-json-api\/wp\/v2\/types\/product"}],"wp:featuredmedia":[{"embeddable":true,"href":"https:\/\/www.trommelmanufaktur.ch\/wp-json-api\/wp\/v2\/media\/4241"}],"wp:attachment":[{"href":"https:\/\/www.trommelmanufaktur.ch\/wp-json-api\/wp\/v2\/media?parent=3514"}],"wp:term":[{"taxonomy":"product_brand","embeddable":true,"href":"https:\/\/www.trommelmanufaktur.ch\/wp-json-api\/wp\/v2\/product_brand?post=3514"},{"taxonomy":"product_cat","embeddable":true,"href":"https:\/\/www.trommelmanufaktur.ch\/wp-json-api\/wp\/v2\/product_cat?post=3514"},{"taxonomy":"product_tag","embeddable":true,"href":"https:\/\/www.trommelmanufaktur.ch\/wp-json-api\/wp\/v2\/product_tag?post=3514"}],"curies":[{"name":"wp","href":"https:\/\/api.w.org\/{rel}","templated":true}]}}