{"id":328,"date":"2017-01-27T14:43:54","date_gmt":"2017-01-27T13:43:54","guid":{"rendered":"https:\/\/www.trommelmanufaktur.ch\/?post_type=product&#038;p=328"},"modified":"2026-04-12T12:51:33","modified_gmt":"2026-04-12T10:51:33","slug":"trommelfutteral-truemmali-werner-deluxe","status":"publish","type":"product","link":"https:\/\/www.trommelmanufaktur.ch\/product\/trommelfutteral-truemmali-werner-deluxe\/","title":{"rendered":"Trommelfutteral &#8222;Tr\u00fcmmali Werner Deluxe&#8220;"},"content":{"rendered":"<ul>\n<li>Wasserabstossendes &#8222;Supratex&#8220;-Material<\/li>\n<li>Farbe: Schwarz<\/li>\n<li>Polsterung: 20mm<\/li>\n<li>Rucksack-Tragriemen mit Achselpolsterung<\/li>\n<li>Bauchgurt mit Steckverschluss<\/li>\n<li>inkl. Handtragriemen<\/li>\n<li>Deckel mit Doppelreissverschluss<\/li>\n<li>Visitenkartenfach<\/li>\n<li>Bandolier- und Schlegeltasche auf Deckel-Oberseite<\/li>\n<li>Seitliche Taschen aussen: 1x 20x43cm und 1x 8x43cm (f\u00fcr Schlegel)<\/li>\n<li>Innentasche im Deckel, Gr\u00f6sse A4<\/li>\n<\/ul>\n<p>Der mitgelieferte Handtragriemen ist standardm\u00e4ssig schwarz. Wir haben in kleinen Mengen auch rote, blaue und gelbe Handtragriemen am Lager welche wir auf <a href=\"\/impressum\">Anfrage<\/a> beilegen k\u00f6nnen.<\/p>\n<p>Beschriftungen von Tasche oder Handtragriemen mit Vereinslogo o.\u00e4. auf <a href=\"\/impressum\">Anfrage<\/a> ab 5 Stk m\u00f6glich.<\/p>\n","protected":false},"excerpt":{"rendered":"<p>Wasserabstossendes &#8222;Supratex&#8220;-Material Farbe: Schwarz Polsterung: 20mm Rucksack-Tragriemen mit Achselpolsterung Bauchgurt mit Steckverschluss inkl. Handtragriemen Deckel mit Doppelreissverschluss Visitenkartenfach Bandolier- und Schlegeltasche auf Deckel-Oberseite Seitliche Taschen aussen: 1x 20x43cm und 1x 8x43cm (f\u00fcr Schlegel) Innentasche im Deckel, Gr\u00f6sse A4 Der mitgelieferte Handtragriemen ist standardm\u00e4ssig schwarz. Wir haben in kleinen Mengen auch rote, blaue und gelbe Handtragriemen [&hellip;]<\/p>\n","protected":false},"featured_media":564,"template":"","meta":[],"product_brand":[],"product_cat":[73],"product_tag":[],"class_list":{"0":"post-328","1":"product","2":"type-product","3":"status-publish","4":"has-post-thumbnail","6":"product_cat-taschenfutterale","8":"first","9":"instock","10":"shipping-taxable","11":"purchasable","12":"product-type-variable"},"_links":{"self":[{"href":"https:\/\/www.trommelmanufaktur.ch\/wp-json-api\/wp\/v2\/product\/328","targetHints":{"allow":["GET"]}}],"collection":[{"href":"https:\/\/www.trommelmanufaktur.ch\/wp-json-api\/wp\/v2\/product"}],"about":[{"href":"https:\/\/www.trommelmanufaktur.ch\/wp-json-api\/wp\/v2\/types\/product"}],"wp:featuredmedia":[{"embeddable":true,"href":"https:\/\/www.trommelmanufaktur.ch\/wp-json-api\/wp\/v2\/media\/564"}],"wp:attachment":[{"href":"https:\/\/www.trommelmanufaktur.ch\/wp-json-api\/wp\/v2\/media?parent=328"}],"wp:term":[{"taxonomy":"product_brand","embeddable":true,"href":"https:\/\/www.trommelmanufaktur.ch\/wp-json-api\/wp\/v2\/product_brand?post=328"},{"taxonomy":"product_cat","embeddable":true,"href":"https:\/\/www.trommelmanufaktur.ch\/wp-json-api\/wp\/v2\/product_cat?post=328"},{"taxonomy":"product_tag","embeddable":true,"href":"https:\/\/www.trommelmanufaktur.ch\/wp-json-api\/wp\/v2\/product_tag?post=328"}],"curies":[{"name":"wp","href":"https:\/\/api.w.org\/{rel}","templated":true}]}}