{"id":326,"date":"2017-01-27T11:57:23","date_gmt":"2017-01-27T10:57:23","guid":{"rendered":"https:\/\/www.trommelmanufaktur.ch\/?post_type=product&#038;p=326"},"modified":"2025-05-05T06:30:32","modified_gmt":"2025-05-05T04:30:32","slug":"schweizer-spielfuehrung-band-2","status":"publish","type":"product","link":"https:\/\/www.trommelmanufaktur.ch\/product\/schweizer-spielfuehrung-band-2\/","title":{"rendered":"Schweizer Spielf\u00fchrung, Band 2"},"content":{"rendered":"<p>Buch &#8222;Schweizer Spielf\u00fchrung 2&#8220; von Patrick Robatel in deutscher Ausf\u00fchrung. Auszug aus dem Inhalt:<\/p>\n<ul>\n<li>Fortgeschrittene Spielf\u00fchrung mit anspruchsvollen Figuren<\/li>\n<li>Erg\u00e4nzungen zum 1. Band<\/li>\n<li>Wie erarbeite ich eine Evolution\/Show?<\/li>\n<li>Einsatz des Lichts<\/li>\n<li>Bewertungskriterien f\u00fcr Parade\/Evolutionen\/Show<\/li>\n<li>neuer Marschmusik-Wettbewerb auf der Strasse (Parade)<\/li>\n<li>Milit\u00e4rische Zeremonien<\/li>\n<\/ul>\n<p>Alle Signale sind mit Farbfotos illustriert.<\/p>\n<hr>\n<p><em>Version fran\u00e7aise (D\u00e9fil\u00e9 suisse 2) disponible sur <a href=\"\/impressum\">commande<\/a>.<\/em><\/p>\n<p><em>Extrait table de mati\u00e8res<\/em><\/p>\n<ul>\n<li><em>le d\u00e9fil\u00e9 avance et ses figures<\/em><\/li>\n<li><em>comment d\u00e9velopper des \u00e9volutions ou concevoir un show ?<\/em><\/li>\n<li><em>l\u2019utilisation de la lumi\u00e8re sur sc\u00e8ne<\/em><\/li>\n<li><em>les crit\u00e8res d\u2019appr\u00e9ciation pour \u00e9volutions et shows<\/em><\/li>\n<li><em>un nouveau syst\u00e8me de concours de marche<\/em><\/li>\n<li><em>les c\u00e9r\u00e9monies militaires<\/em><\/li>\n<li><em>et bien d\u2019autre compl\u00e9ments<\/em><\/li>\n<\/ul>\n<p><em>Tous les signaux avec photos couleurs.<\/em><\/p>\n<div  id=\"offerte\"  class='av_promobox av-av_promobox-e397b8a5aae2c4ec7ce47b968e3fc60b avia-button-yes  mosla_offer_request'><div class='avia-promocontent'><p>A votre demande, nous pouvons obtenir cet article en fran\u00e7ais.<\/p>\n<\/div><div  id=\"offerte\"  class='avia-button-wrap av-av_button-d2244010c73657939174a9d8bc1aa51d-wrap avia-button-right  mosla_offer_request'><a href='mailto:info@trommelmanufaktur.ch?subject=Demande%20d%27article%20en%20fran%C3%A7ais'  class='avia-button av-av_button-d2244010c73657939174a9d8bc1aa51d av-link-btn avia-icon_select-yes-left-icon avia-size-small avia-position-right avia-color-theme-color'   aria-label=\"Demander l&#039;article en fran\u00e7ais\"><span class='avia_button_icon avia_button_icon_left avia-iconfont avia-font-entypo-fontello' data-av_icon='\ue805' data-av_iconfont='entypo-fontello' ><\/span><span class='avia_iconbox_title' >Demander l&#039;article en fran\u00e7ais<\/span><\/a><\/div><\/div><span class=\"clearfix\"><\/span>\n\n","protected":false},"excerpt":{"rendered":"<p>Buch &#8222;Schweizer Spielf\u00fchrung 2&#8220; von Patrick Robatel in deutscher Ausf\u00fchrung. Auszug aus dem Inhalt: Fortgeschrittene Spielf\u00fchrung mit anspruchsvollen Figuren Erg\u00e4nzungen zum 1. Band Wie erarbeite ich eine Evolution\/Show? Einsatz des Lichts Bewertungskriterien f\u00fcr Parade\/Evolutionen\/Show neuer Marschmusik-Wettbewerb auf der Strasse (Parade) Milit\u00e4rische Zeremonien Alle Signale sind mit Farbfotos illustriert. Version fran\u00e7aise (D\u00e9fil\u00e9 suisse 2) disponible sur [&hellip;]<\/p>\n","protected":false},"featured_media":3965,"template":"","meta":[],"product_brand":[],"product_cat":[51,55,67],"product_tag":[70,69,68],"class_list":{"0":"post-326","1":"product","2":"type-product","3":"status-publish","4":"has-post-thumbnail","6":"product_cat-buecher","7":"product_cat-majorstoecke","8":"product_cat-marching-marschmusik","9":"product_tag-lehrmittel","10":"product_tag-marching","11":"product_tag-spielfuehrung","12":"product_shipping_class-letter-large","14":"first","15":"instock","16":"shipping-taxable","17":"purchasable","18":"product-type-simple"},"_links":{"self":[{"href":"https:\/\/www.trommelmanufaktur.ch\/wp-json-api\/wp\/v2\/product\/326","targetHints":{"allow":["GET"]}}],"collection":[{"href":"https:\/\/www.trommelmanufaktur.ch\/wp-json-api\/wp\/v2\/product"}],"about":[{"href":"https:\/\/www.trommelmanufaktur.ch\/wp-json-api\/wp\/v2\/types\/product"}],"wp:featuredmedia":[{"embeddable":true,"href":"https:\/\/www.trommelmanufaktur.ch\/wp-json-api\/wp\/v2\/media\/3965"}],"wp:attachment":[{"href":"https:\/\/www.trommelmanufaktur.ch\/wp-json-api\/wp\/v2\/media?parent=326"}],"wp:term":[{"taxonomy":"product_brand","embeddable":true,"href":"https:\/\/www.trommelmanufaktur.ch\/wp-json-api\/wp\/v2\/product_brand?post=326"},{"taxonomy":"product_cat","embeddable":true,"href":"https:\/\/www.trommelmanufaktur.ch\/wp-json-api\/wp\/v2\/product_cat?post=326"},{"taxonomy":"product_tag","embeddable":true,"href":"https:\/\/www.trommelmanufaktur.ch\/wp-json-api\/wp\/v2\/product_tag?post=326"}],"curies":[{"name":"wp","href":"https:\/\/api.w.org\/{rel}","templated":true}]}}