{"id":302,"date":"2017-01-27T10:17:18","date_gmt":"2017-01-27T09:17:18","guid":{"rendered":"https:\/\/www.trommelmanufaktur.ch\/?post_type=product&#038;p=302"},"modified":"2026-02-03T16:25:52","modified_gmt":"2026-02-03T15:25:52","slug":"boecklistaender","status":"publish","type":"product","link":"https:\/\/www.trommelmanufaktur.ch\/product\/boecklistaender\/","title":{"rendered":"B\u00f6cklist\u00e4nder"},"content":{"rendered":"<p>Dieser B\u00f6cklist\u00e4nder ist kompatibel mit dem <a href=\"\/product\/trommelboeckli-trofa\/\">B\u00f6ckli &#8222;Trommelmanufaktur&#8220;<\/a>.<\/p>\n<p>Es handelt sich hier lediglich im das St\u00e4nder-Unterteil. Das B\u00f6ckli mit der oberen Montagestange muss <a href=\"\/product\/trommelboeckli-trofa\/\">separat erworben<\/a> werden.<\/p>\n<p>F\u00fcr die j\u00fcngsten Tambouren ist eine um 10cm kleinere Kindergr\u00f6sse verf\u00fcgbar.<\/p>\n","protected":false},"excerpt":{"rendered":"<p>Dieser B\u00f6cklist\u00e4nder ist kompatibel mit dem B\u00f6ckli &#8222;Trommelmanufaktur&#8220;. Es handelt sich hier lediglich im das St\u00e4nder-Unterteil. Das B\u00f6ckli mit der oberen Montagestange muss separat erworben werden. F\u00fcr die j\u00fcngsten Tambouren ist eine um 10cm kleinere Kindergr\u00f6sse verf\u00fcgbar.<\/p>\n","protected":false},"featured_media":646,"template":"","meta":[],"product_brand":[],"product_cat":[36],"product_tag":[37,58,57,56],"class_list":{"0":"post-302","1":"product","2":"type-product","3":"status-publish","4":"has-post-thumbnail","6":"product_cat-pads","7":"product_tag-boeckli","8":"product_tag-kindergroesse","9":"product_tag-standard","10":"product_tag-staender","12":"first","13":"instock","14":"shipping-taxable","15":"purchasable","16":"product-type-variable","17":"has-default-attributes"},"_links":{"self":[{"href":"https:\/\/www.trommelmanufaktur.ch\/wp-json-api\/wp\/v2\/product\/302","targetHints":{"allow":["GET"]}}],"collection":[{"href":"https:\/\/www.trommelmanufaktur.ch\/wp-json-api\/wp\/v2\/product"}],"about":[{"href":"https:\/\/www.trommelmanufaktur.ch\/wp-json-api\/wp\/v2\/types\/product"}],"wp:featuredmedia":[{"embeddable":true,"href":"https:\/\/www.trommelmanufaktur.ch\/wp-json-api\/wp\/v2\/media\/646"}],"wp:attachment":[{"href":"https:\/\/www.trommelmanufaktur.ch\/wp-json-api\/wp\/v2\/media?parent=302"}],"wp:term":[{"taxonomy":"product_brand","embeddable":true,"href":"https:\/\/www.trommelmanufaktur.ch\/wp-json-api\/wp\/v2\/product_brand?post=302"},{"taxonomy":"product_cat","embeddable":true,"href":"https:\/\/www.trommelmanufaktur.ch\/wp-json-api\/wp\/v2\/product_cat?post=302"},{"taxonomy":"product_tag","embeddable":true,"href":"https:\/\/www.trommelmanufaktur.ch\/wp-json-api\/wp\/v2\/product_tag?post=302"}],"curies":[{"name":"wp","href":"https:\/\/api.w.org\/{rel}","templated":true}]}}