{"id":296,"date":"2017-01-27T07:37:07","date_gmt":"2017-01-27T06:37:07","guid":{"rendered":"https:\/\/www.trommelmanufaktur.ch\/?post_type=product&#038;p=296"},"modified":"2025-11-10T20:33:33","modified_gmt":"2025-11-10T19:33:33","slug":"boecklifell-plastic","status":"publish","type":"product","link":"https:\/\/www.trommelmanufaktur.ch\/product\/boecklifell-plastic\/","title":{"rendered":"B\u00f6cklifell Plastic"},"content":{"rendered":"<p>Das klassische Plastik-B\u00f6cklifell hat einen Durchmesser von 16.50cm. Das Kunststofffell ist in einen Aluminiumreif eingefalzt und l\u00e4sst sich so einfach montieren.<\/p>\n","protected":false},"excerpt":{"rendered":"<p>Das klassische Plastik-B\u00f6cklifell hat einen Durchmesser von 16.50cm. Das Kunststofffell ist in einen Aluminiumreif eingefalzt und l\u00e4sst sich so einfach montieren.<\/p>\n","protected":false},"featured_media":3251,"template":"","meta":[],"product_brand":[],"product_cat":[36,41],"product_tag":[37,39,38,40],"class_list":{"0":"post-296","1":"product","2":"type-product","3":"status-publish","4":"has-post-thumbnail","6":"product_cat-pads","7":"product_cat-felle","8":"product_tag-boeckli","9":"product_tag-boecklifell","10":"product_tag-fell","11":"product_tag-ueben","12":"product_shipping_class-letter-large","14":"first","15":"instock","16":"shipping-taxable","17":"purchasable","18":"product-type-simple"},"_links":{"self":[{"href":"https:\/\/www.trommelmanufaktur.ch\/wp-json-api\/wp\/v2\/product\/296","targetHints":{"allow":["GET"]}}],"collection":[{"href":"https:\/\/www.trommelmanufaktur.ch\/wp-json-api\/wp\/v2\/product"}],"about":[{"href":"https:\/\/www.trommelmanufaktur.ch\/wp-json-api\/wp\/v2\/types\/product"}],"wp:featuredmedia":[{"embeddable":true,"href":"https:\/\/www.trommelmanufaktur.ch\/wp-json-api\/wp\/v2\/media\/3251"}],"wp:attachment":[{"href":"https:\/\/www.trommelmanufaktur.ch\/wp-json-api\/wp\/v2\/media?parent=296"}],"wp:term":[{"taxonomy":"product_brand","embeddable":true,"href":"https:\/\/www.trommelmanufaktur.ch\/wp-json-api\/wp\/v2\/product_brand?post=296"},{"taxonomy":"product_cat","embeddable":true,"href":"https:\/\/www.trommelmanufaktur.ch\/wp-json-api\/wp\/v2\/product_cat?post=296"},{"taxonomy":"product_tag","embeddable":true,"href":"https:\/\/www.trommelmanufaktur.ch\/wp-json-api\/wp\/v2\/product_tag?post=296"}],"curies":[{"name":"wp","href":"https:\/\/api.w.org\/{rel}","templated":true}]}}