{"id":2546,"date":"2017-11-26T18:09:03","date_gmt":"2017-11-26T17:09:03","guid":{"rendered":"https:\/\/www.trommelmanufaktur.ch\/?post_type=product&#038;p=2546"},"modified":"2026-03-13T16:35:21","modified_gmt":"2026-03-13T15:35:21","slug":"reifenschutz-strong","status":"publish","type":"product","link":"https:\/\/www.trommelmanufaktur.ch\/product\/reifenschutz-strong\/","title":{"rendered":"Reifenschutz Strong"},"content":{"rendered":"<p>Die heutige Trommelliteratur beinhaltet immer h\u00e4ufiger Showelemente welche auf dem Trommelreif gespielt werden. Dies hinterl\u00e4sst leider unsch\u00f6ne Spuren auf den Reifen sowie den Schl\u00e4geln. Mit einem Reifenschutz kann die Besch\u00e4digung des Reifens bei Proben und Auftritten minimiert werden.<\/p>\n<p>Der Strong Reifenschutz besteht aus <a href=\"https:\/\/de.wikipedia.org\/wiki\/Polyvinylchlorid\">PVC<\/a> und enth\u00e4lt eine Stahleinlage. Dank innenliegender Lamellen h\u00e4lt der Schutz optimal auf dem Reif.<\/p>\n<p>Eine Verpackungseinheit enth\u00e4lt 2 Stk \u00e0 10cm, passend f\u00fcr die meisten Trommeln. Der Schutz kann aber problemlos zurecht geschnitten werden. Dabei ist aber darauf zu achten, dass die Stahleinlage nicht offen liegt und dabei den Reif ber\u00fchrt.<\/p>\n<p>Zu beachten:<br \/>\nDer Schutz kann die Besch\u00e4digung\u00a0des Reifens zwar minimieren, jedoch bei besonders starkem Bespielen nicht ganz verhindern. Die Trommelmanufaktur \u00fcbernimmt keine Haftung.<\/p>\n","protected":false},"excerpt":{"rendered":"<p>Die heutige Trommelliteratur beinhaltet immer h\u00e4ufiger Showelemente welche auf dem Trommelreif gespielt werden. Dies hinterl\u00e4sst leider unsch\u00f6ne Spuren auf den Reifen sowie den Schl\u00e4geln. Mit einem Reifenschutz kann die Besch\u00e4digung des Reifens bei Proben und Auftritten minimiert werden. Der Strong Reifenschutz besteht aus PVC und enth\u00e4lt eine Stahleinlage. Dank innenliegender Lamellen h\u00e4lt der Schutz optimal [&hellip;]<\/p>\n","protected":false},"featured_media":2605,"template":"","meta":[],"product_brand":[],"product_cat":[220],"product_tag":[],"class_list":{"0":"post-2546","1":"product","2":"type-product","3":"status-publish","4":"has-post-thumbnail","6":"product_cat-diverses","7":"product_shipping_class-letter-thick","9":"first","10":"instock","11":"shipping-taxable","12":"purchasable","13":"product-type-simple"},"_links":{"self":[{"href":"https:\/\/www.trommelmanufaktur.ch\/wp-json-api\/wp\/v2\/product\/2546","targetHints":{"allow":["GET"]}}],"collection":[{"href":"https:\/\/www.trommelmanufaktur.ch\/wp-json-api\/wp\/v2\/product"}],"about":[{"href":"https:\/\/www.trommelmanufaktur.ch\/wp-json-api\/wp\/v2\/types\/product"}],"wp:featuredmedia":[{"embeddable":true,"href":"https:\/\/www.trommelmanufaktur.ch\/wp-json-api\/wp\/v2\/media\/2605"}],"wp:attachment":[{"href":"https:\/\/www.trommelmanufaktur.ch\/wp-json-api\/wp\/v2\/media?parent=2546"}],"wp:term":[{"taxonomy":"product_brand","embeddable":true,"href":"https:\/\/www.trommelmanufaktur.ch\/wp-json-api\/wp\/v2\/product_brand?post=2546"},{"taxonomy":"product_cat","embeddable":true,"href":"https:\/\/www.trommelmanufaktur.ch\/wp-json-api\/wp\/v2\/product_cat?post=2546"},{"taxonomy":"product_tag","embeddable":true,"href":"https:\/\/www.trommelmanufaktur.ch\/wp-json-api\/wp\/v2\/product_tag?post=2546"}],"curies":[{"name":"wp","href":"https:\/\/api.w.org\/{rel}","templated":true}]}}