{"id":2507,"date":"2017-11-24T20:10:16","date_gmt":"2017-11-24T19:10:16","guid":{"rendered":"https:\/\/www.trommelmanufaktur.ch\/?post_type=product&#038;p=2507"},"modified":"2025-03-30T22:44:04","modified_gmt":"2025-03-30T20:44:04","slug":"bandolier-standard","status":"publish","type":"product","link":"https:\/\/www.trommelmanufaktur.ch\/product\/bandolier-standard\/","title":{"rendered":"Bandolier Standard"},"content":{"rendered":"<p>Standardbandolier mit einer Breite von 70mm. Das Bandolier ist maschinengen\u00e4ht und genietet und wird aus hochwertigem Leder hergestellt. Innen ist es mit Kunstleder gepolstert. Lieferung inkl. Lederspitz in Bandolierfarbe.<\/p>\n<p>Gegen einen Aufpreis von CHF 8.\u2013 ist auch Lieferung mit einem Ordonnanzverschluss m\u00f6glich. <a href=\"\/impressum\">Kontaktieren<\/a> Sie uns hierzu.<\/p>\n<p>Je nach Region werden Bandoliere auch als &#8222;Bandelier&#8220; oder &#8222;Bandalier&#8220; bezeichnet.<\/p>\n\n<h4 class=\"wp-block-heading\">Haben Sie einen besonderen Wunsch?<\/h4>\n\n\n<div  class='av_promobox av-av_promobox-c4af8f58bbfd9c533c566c3531b1a717 avia-button-yes  mosla_offer_request'><div class='avia-promocontent'><p>Sollten Sie z.B. eine spezielle Farbe, ein extralanges Bandolier oder sonst etwas Spezielles w\u00fcnschen, haben wir die M\u00f6glichkeit bei einem regionalen Sattler ein Bandolier nach Ihren W\u00fcnschen in Auftrag zu geben. Wir beraten Sie nat\u00fcrlich unverbindlich. Per E-Mail oder auch <a href=\"\/impressum\/\">per Telefon oder bei einem Termin vor Ort<\/a>.<\/p>\n<\/div><div  class='avia-button-wrap av-av_button-71d15bf22f3f7fbbee8ddf23e5861fc6-wrap avia-button-right  mosla_offer_request'><a href='mailto:info@trommelmanufaktur.ch?subject=Anfrage%20Bandolier%20Spezialanfertigung'  class='avia-button av-av_button-71d15bf22f3f7fbbee8ddf23e5861fc6 av-link-btn avia-icon_select-yes-left-icon avia-size-small avia-position-right avia-color-theme-color'   aria-label=\"Offerte per E-Mail anfordern\"><span class='avia_button_icon avia_button_icon_left avia-iconfont avia-font-entypo-fontello' data-av_icon='\ue805' data-av_iconfont='entypo-fontello' ><\/span><span class='avia_iconbox_title' >Offerte per E-Mail anfordern<\/span><\/a><\/div><\/div><span class=\"clearfix\"><\/span>\n\n","protected":false},"excerpt":{"rendered":"<p>Standardbandolier mit einer Breite von 70mm. Das Bandolier ist maschinengen\u00e4ht und genietet und wird aus hochwertigem Leder hergestellt. Innen ist es mit Kunstleder gepolstert. Lieferung inkl. Lederspitz in Bandolierfarbe. Gegen einen Aufpreis von CHF 8.\u2013 ist auch Lieferung mit einem Ordonnanzverschluss m\u00f6glich. Kontaktieren Sie uns hierzu. Je nach Region werden Bandoliere auch als &#8222;Bandelier&#8220; oder [&hellip;]<\/p>\n","protected":false},"featured_media":2516,"template":"","meta":[],"product_brand":[],"product_cat":[154],"product_tag":[],"class_list":{"0":"post-2507","1":"product","2":"type-product","3":"status-publish","4":"has-post-thumbnail","6":"product_cat-bandoliere","8":"first","9":"instock","10":"shipping-taxable","11":"purchasable","12":"product-type-variable"},"_links":{"self":[{"href":"https:\/\/www.trommelmanufaktur.ch\/wp-json-api\/wp\/v2\/product\/2507","targetHints":{"allow":["GET"]}}],"collection":[{"href":"https:\/\/www.trommelmanufaktur.ch\/wp-json-api\/wp\/v2\/product"}],"about":[{"href":"https:\/\/www.trommelmanufaktur.ch\/wp-json-api\/wp\/v2\/types\/product"}],"wp:featuredmedia":[{"embeddable":true,"href":"https:\/\/www.trommelmanufaktur.ch\/wp-json-api\/wp\/v2\/media\/2516"}],"wp:attachment":[{"href":"https:\/\/www.trommelmanufaktur.ch\/wp-json-api\/wp\/v2\/media?parent=2507"}],"wp:term":[{"taxonomy":"product_brand","embeddable":true,"href":"https:\/\/www.trommelmanufaktur.ch\/wp-json-api\/wp\/v2\/product_brand?post=2507"},{"taxonomy":"product_cat","embeddable":true,"href":"https:\/\/www.trommelmanufaktur.ch\/wp-json-api\/wp\/v2\/product_cat?post=2507"},{"taxonomy":"product_tag","embeddable":true,"href":"https:\/\/www.trommelmanufaktur.ch\/wp-json-api\/wp\/v2\/product_tag?post=2507"}],"curies":[{"name":"wp","href":"https:\/\/api.w.org\/{rel}","templated":true}]}}