{"id":1854,"date":"2017-07-14T08:08:16","date_gmt":"2017-07-14T06:08:16","guid":{"rendered":"https:\/\/www.trommelmanufaktur.ch\/?post_type=product&#038;p=1854"},"modified":"2026-03-25T18:53:47","modified_gmt":"2026-03-25T17:53:47","slug":"majorstabtasche-supratex","status":"publish","type":"product","link":"https:\/\/www.trommelmanufaktur.ch\/product\/majorstabtasche-supratex\/","title":{"rendered":"Majorstabtasche Supratex"},"content":{"rendered":"<p>Die Majorstabtaschen aus hochwertigem Supratexgewebe werden in einer kleinen N\u00e4herei exklusiv f\u00fcr die Trommelmanufaktur Ostschweiz gefertigt.<\/p>\n<p>Damit Ihr Majorstab bestens gesch\u00fctzt ist, sind die Taschen innen rundherum 10mm dick gepolstert und das Supratexgewebe ist spritzwasserdicht. Der komfortable Griff erleichtert das Tragen auch \u00fcber gr\u00f6ssere Distanzen.<\/p>\n","protected":false},"excerpt":{"rendered":"<p>Die Majorstabtaschen aus hochwertigem Supratexgewebe werden in einer kleinen N\u00e4herei exklusiv f\u00fcr die Trommelmanufaktur Ostschweiz gefertigt. Damit Ihr Majorstab bestens gesch\u00fctzt ist, sind die Taschen innen rundherum 10mm dick gepolstert und das Supratexgewebe ist spritzwasserdicht. Der komfortable Griff erleichtert das Tragen auch \u00fcber gr\u00f6ssere Distanzen.<\/p>\n","protected":false},"featured_media":2939,"template":"","meta":[],"product_brand":[],"product_cat":[55,73],"product_tag":[],"class_list":{"0":"post-1854","1":"product","2":"type-product","3":"status-publish","4":"has-post-thumbnail","6":"product_cat-majorstoecke","7":"product_cat-taschenfutterale","9":"first","10":"instock","11":"sale","12":"shipping-taxable","13":"purchasable","14":"product-type-variable"},"_links":{"self":[{"href":"https:\/\/www.trommelmanufaktur.ch\/wp-json-api\/wp\/v2\/product\/1854","targetHints":{"allow":["GET"]}}],"collection":[{"href":"https:\/\/www.trommelmanufaktur.ch\/wp-json-api\/wp\/v2\/product"}],"about":[{"href":"https:\/\/www.trommelmanufaktur.ch\/wp-json-api\/wp\/v2\/types\/product"}],"wp:featuredmedia":[{"embeddable":true,"href":"https:\/\/www.trommelmanufaktur.ch\/wp-json-api\/wp\/v2\/media\/2939"}],"wp:attachment":[{"href":"https:\/\/www.trommelmanufaktur.ch\/wp-json-api\/wp\/v2\/media?parent=1854"}],"wp:term":[{"taxonomy":"product_brand","embeddable":true,"href":"https:\/\/www.trommelmanufaktur.ch\/wp-json-api\/wp\/v2\/product_brand?post=1854"},{"taxonomy":"product_cat","embeddable":true,"href":"https:\/\/www.trommelmanufaktur.ch\/wp-json-api\/wp\/v2\/product_cat?post=1854"},{"taxonomy":"product_tag","embeddable":true,"href":"https:\/\/www.trommelmanufaktur.ch\/wp-json-api\/wp\/v2\/product_tag?post=1854"}],"curies":[{"name":"wp","href":"https:\/\/api.w.org\/{rel}","templated":true}]}}