{"id":1705,"date":"2017-07-09T19:56:14","date_gmt":"2017-07-09T17:56:14","guid":{"rendered":"https:\/\/www.trommelmanufaktur.ch\/?post_type=product&#038;p=1705"},"modified":"2026-04-19T18:26:34","modified_gmt":"2026-04-19T16:26:34","slug":"trommelseil-terylen","status":"publish","type":"product","link":"https:\/\/www.trommelmanufaktur.ch\/product\/trommelseil-terylen\/","title":{"rendered":"Trommelseil Terylen"},"content":{"rendered":"<div id=\"attachment_4616\" style=\"width: 160px\" class=\"wp-caption alignright\"><a href=\"\/content\/media\/2017\/07\/Terylenseil_Gelb.jpg\"><img loading=\"lazy\" decoding=\"async\" aria-describedby=\"caption-attachment-4616\" class=\"wp-image-4616 size-thumbnail\" src=\"\/content\/media\/2017\/07\/Terylenseil_Gelb-150x150.jpg\" alt=\"\" width=\"150\" height=\"150\" srcset=\"https:\/\/www.trommelmanufaktur.ch\/content\/media\/2017\/07\/Terylenseil_Gelb-150x150.jpg 150w, https:\/\/www.trommelmanufaktur.ch\/content\/media\/2017\/07\/Terylenseil_Gelb-300x300.jpg 300w, https:\/\/www.trommelmanufaktur.ch\/content\/media\/2017\/07\/Terylenseil_Gelb-36x36.jpg 36w, https:\/\/www.trommelmanufaktur.ch\/content\/media\/2017\/07\/Terylenseil_Gelb-180x180.jpg 180w, https:\/\/www.trommelmanufaktur.ch\/content\/media\/2017\/07\/Terylenseil_Gelb-100x100.jpg 100w, https:\/\/www.trommelmanufaktur.ch\/content\/media\/2017\/07\/Terylenseil_Gelb-450x450.jpg 450w, https:\/\/www.trommelmanufaktur.ch\/content\/media\/2017\/07\/Terylenseil_Gelb.jpg 637w\" sizes=\"auto, (max-width: 150px) 100vw, 150px\" \/><\/a><p id=\"caption-attachment-4616\" class=\"wp-caption-text\">Neongelbes Terylenseil<\/p><\/div>\n<div id=\"attachment_4617\" style=\"width: 160px\" class=\"wp-caption alignright\"><a href=\"\/content\/media\/2017\/07\/Terylenseil_Rot.jpg\"><img loading=\"lazy\" decoding=\"async\" aria-describedby=\"caption-attachment-4617\" class=\"wp-image-4617 size-thumbnail\" src=\"\/content\/media\/2017\/07\/Terylenseil_Rot-150x150.jpg\" alt=\"\" width=\"150\" height=\"150\" srcset=\"https:\/\/www.trommelmanufaktur.ch\/content\/media\/2017\/07\/Terylenseil_Rot-150x150.jpg 150w, https:\/\/www.trommelmanufaktur.ch\/content\/media\/2017\/07\/Terylenseil_Rot-300x300.jpg 300w, https:\/\/www.trommelmanufaktur.ch\/content\/media\/2017\/07\/Terylenseil_Rot-36x36.jpg 36w, https:\/\/www.trommelmanufaktur.ch\/content\/media\/2017\/07\/Terylenseil_Rot-180x180.jpg 180w, https:\/\/www.trommelmanufaktur.ch\/content\/media\/2017\/07\/Terylenseil_Rot-100x100.jpg 100w, https:\/\/www.trommelmanufaktur.ch\/content\/media\/2017\/07\/Terylenseil_Rot-450x450.jpg 450w, https:\/\/www.trommelmanufaktur.ch\/content\/media\/2017\/07\/Terylenseil_Rot.jpg 638w\" sizes=\"auto, (max-width: 150px) 100vw, 150px\" \/><\/a><p id=\"caption-attachment-4617\" class=\"wp-caption-text\">Rotes Terylenseil<\/p><\/div>\n<p>Unsere Terylenseile sind standardm\u00e4ssig mit einer Dyneema-Einlage versehen um das Seil zu verst\u00e4rken und ein Ausdehnen beim Spannen zu verhindern. Die Seile sind auf einer Seite mit einer Schlaufe versehen.<\/p>\n<p>Terylen ist ein Markenname f\u00fcr Polyethylenterephthalat-Fasern (PET). Dyneema ist ein Markenname f\u00fcr High Performance Polyethylen-Fasern (HPPE). Diese Fasern werden zu Gurten, Seilen, Segeln, Schnittschutzkleidung und mehr verarbeitet und sind sehr stabil und reissfest.<\/p>\n<p>Weitere Seill\u00e4ngen und Farben, Spezialfarben inklusive, sind <a href=\"\/impressum\/\">auf Anfrage<\/a> erh\u00e4ltlich.<\/p>\n<span class=\"clearfix\"><\/span>\n\n<h2 class=\"wp-block-heading\">Empfohlene Seill\u00e4ngen<\/h2>\n\n\n\n<figure class=\"wp-block-table\"><table class=\"has-fixed-layout\"><tbody><tr><th>Trommel<\/th><th>empfohlene Seill\u00e4nge<\/th><\/tr><tr><td>Milit\u00e4r-Paradetrommel (10-Loch)<\/td><td>11m<\/td><\/tr><tr><td>Baslertrommel 3\/4 (10-Loch)<\/td><td>12.4m<\/td><\/tr><tr><td>Baslertrommel 4\/4 (11-Loch)<\/td><td>14.2m<\/td><\/tr><tr><td>Baslertrommel 4\/4 (12-Loch)<\/td><td>15.2m<\/td><\/tr><tr><td>Baslertrommel 5\/4 (12-Loch)<\/td><td>16m<\/td><\/tr><\/tbody><\/table><\/figure>\n\n\n\n<p>Abh\u00e4ngig vom Material sind ggf. nicht alle L\u00e4ngen verf\u00fcgbar.<\/p>\n\n","protected":false},"excerpt":{"rendered":"<p>Unsere Terylenseile sind standardm\u00e4ssig mit einer Dyneema-Einlage versehen um das Seil zu verst\u00e4rken und ein Ausdehnen beim Spannen zu verhindern. Die Seile sind auf einer Seite mit einer Schlaufe versehen. Terylen ist ein Markenname f\u00fcr Polyethylenterephthalat-Fasern (PET). Dyneema ist ein Markenname f\u00fcr High Performance Polyethylen-Fasern (HPPE). Diese Fasern werden zu Gurten, Seilen, Segeln, Schnittschutzkleidung und [&hellip;]<\/p>\n","protected":false},"featured_media":4608,"template":"","meta":[],"product_brand":[],"product_cat":[206],"product_tag":[],"class_list":{"0":"post-1705","1":"product","2":"type-product","3":"status-publish","4":"has-post-thumbnail","6":"product_cat-seile","8":"first","9":"instock","10":"shipping-taxable","11":"purchasable","12":"product-type-variable"},"_links":{"self":[{"href":"https:\/\/www.trommelmanufaktur.ch\/wp-json-api\/wp\/v2\/product\/1705","targetHints":{"allow":["GET"]}}],"collection":[{"href":"https:\/\/www.trommelmanufaktur.ch\/wp-json-api\/wp\/v2\/product"}],"about":[{"href":"https:\/\/www.trommelmanufaktur.ch\/wp-json-api\/wp\/v2\/types\/product"}],"wp:featuredmedia":[{"embeddable":true,"href":"https:\/\/www.trommelmanufaktur.ch\/wp-json-api\/wp\/v2\/media\/4608"}],"wp:attachment":[{"href":"https:\/\/www.trommelmanufaktur.ch\/wp-json-api\/wp\/v2\/media?parent=1705"}],"wp:term":[{"taxonomy":"product_brand","embeddable":true,"href":"https:\/\/www.trommelmanufaktur.ch\/wp-json-api\/wp\/v2\/product_brand?post=1705"},{"taxonomy":"product_cat","embeddable":true,"href":"https:\/\/www.trommelmanufaktur.ch\/wp-json-api\/wp\/v2\/product_cat?post=1705"},{"taxonomy":"product_tag","embeddable":true,"href":"https:\/\/www.trommelmanufaktur.ch\/wp-json-api\/wp\/v2\/product_tag?post=1705"}],"curies":[{"name":"wp","href":"https:\/\/api.w.org\/{rel}","templated":true}]}}