{"id":66,"date":"2017-01-23T00:29:03","date_gmt":"2017-01-22T23:29:03","guid":{"rendered":"https:\/\/www.trommelmanufaktur.ch\/agb\/"},"modified":"2022-08-18T19:24:27","modified_gmt":"2022-08-18T17:24:27","slug":"terms","status":"publish","type":"page","link":"https:\/\/www.trommelmanufaktur.ch\/terms\/","title":{"rendered":"Allgemeine Gesch\u00e4ftsbedingungen (AGB)"},"content":{"rendered":"\n<h2 class=\"wp-block-heading\">Vertragsgegenstand<\/h2>\n\n\n\n<p>Stand vom 12. August 2022. Die <a href=\"\/impressum\/\">Einzelfirma \u00abTrommelmanufaktur Ostschweiz, Hanselmann Trommelbau\u00bb<\/a> wird nachfolgend mit \u00abTrommelmanufaktur Ostschweiz\u00bb abgek\u00fcrzt.<\/p>\n\n\n\n<p>Die Trommelmanufaktur Ostschweiz verkauft den Kunden die im Katalog bzw. Webshop spezifizierten Waren zu den nachstehend aufgef\u00fchrten Liefer- und Verkaufsbedingungen (AGB).<\/p>\n\n\n\n<h2 class=\"wp-block-heading\">Vertragsabschluss<\/h2>\n\n\n\n<p>Der Vertrag zwischen Kunden und der Trommelmanufaktur Ostschweiz kommt erst durch einen Auftrag des Kunden und dessen Annahme durch die Trommelmanufaktur Ostschweiz zustande. Der Auftrag des Kunden erfolgt m\u00fcndlich, per Telefon, schriftlich per Briefpost oder via Internet. Die Trommelmanufaktur Ostschweiz nimmt den Auftrag an, indem sie dem Kunden (a) eine Auftragsbest\u00e4tigung (per Fax, E-Mail oder Briefpost) \u00fcbermittelt oder (b) die bestellte Ware liefert (inkl. Lieferschein oder Rechnung).<\/p>\n\n\n\n<h2 class=\"wp-block-heading\">Produkteangebot<\/h2>\n\n\n\n<p>Die angegebenen Preise sind Nettopreise inkl. MwSt. in Schweizer Franken (CHF). Die Preise verstehen sich ab Lager. S\u00e4mtliche Angaben zu den Waren, die der Kunde im Rahmen des Bestellvorganges erh\u00e4lt, sind unverbindlich. Insbesondere sind \u00c4nderungen an Design und Technik, welche die Funktionalit\u00e4t einer Ware verbessern, sowie Irrtum oder Druckfehler bei Beschreibung, Abbildung und Preisangabe vorbehalten. Preisanpassungen aufgrund von W\u00e4hrungsschwankungen, Verf\u00fcgbarkeit, Rohstoffangebot oder \u00e4hnlichen Gr\u00fcnden k\u00f6nnen jederzeit und ohne Vorank\u00fcndigung durchgef\u00fchrt werden.<br>In Offerten genannte Preise bleiben von Preisanpassungen w\u00e4hrend der Offerteng\u00fcltigkeit unbeeinflusst. Bei Bestellung nach Ablauf der Offerteng\u00fcltigkeit behalten wir uns Preisanpassungen vor.<\/p>\n\n\n\n<h2 class=\"wp-block-heading\" id=\"vermietung\">Vermietung<\/h2>\n\n\n\n<p>S\u00e4mtliche Vermietungsangebote sind vorbehaltlich Verf\u00fcgbarkeit. Die Rechnungsstellung erfolgt in der Regel im Voraus, maximal einmal monatlich und nur wenn die Summe CHF 50.\u2014 oder mehr betr\u00e4gt. Abweichungen davon sind nach Absprache m\u00f6glich. Wir behalten uns vor, eine Vorauszahlung f\u00fcr die gesamte oder einen Teil der Mietdauer zu verlangen. Die Berechnung erfolgt anhand angebrochener Einheiten (Woche\/Monat). Verl\u00e4ngerungen sind vorbehaltlich Verf\u00fcgbarkeit jederzeit m\u00f6glich. Eine vorzeitige R\u00fcckgabe ist gegen Entrichtung einer weiteren Einheit (Woche\/Monat) m\u00f6glich. Bei versp\u00e4teter R\u00fcckgabe durch den Mieter wird ab 3 Tagen Versp\u00e4tung ein Zuschlag von CHF 5.\u2014 pro angebrochenem Tag verrechnet, sofern nichts anderes vereinbart wurde. Sollte durch die versp\u00e4tete R\u00fcckgabe ein Schaden entstehen (z.B. Schadenersatzanspr\u00fcche eines nachfolgenden Mieters), so behalten wir uns vor, Schadenersatzanspr\u00fcche geltend zu machen. Sch\u00e4den sind vom Mieter unverz\u00fcglich der Vermieterin anzuzeigen. Der Mieter ist nicht berechtigt, Reparaturen selbst anzuordnen oder durchzuf\u00fchren. F\u00fcr etwaige durch den Mieter verursachte Sch\u00e4den ist dieser gegen\u00fcber der Vermieterin verantwortlich. Wir behalten uns vor, eine Kaution in der H\u00f6he von CHF 100.\u2014 pro Artikel zu verlangen.<\/p>\n\n\n\n<h2 class=\"wp-block-heading\">Lieferung<\/h2>\n\n\n\n<p>Lieferungen erfolgen ab eigenem Lager oder ab Lager bei einem Lieferanten zuz\u00fcglich Versandkosten. Die Trommelmanufaktur Ostschweiz kann Transport- und Verpackungskosten gesondert nach Aufwand berechnen. Die Gefahr geht mit \u00dcber\u00adgabe an die Post oder den Spedi\u00adteur auf den K\u00e4ufer \u00fcber. Transportsch\u00e4den m\u00fcssen sofort der Post oder Spedition gemeldet werden, damit die Anspr\u00fcche geltend gemacht werden k\u00f6nnen. \u00c4usserlich nicht erkennbare M\u00e4ngel am Produkt, deren Entstehung auf unsachgem\u00e4ssen Transport zur\u00fcckzuf\u00fchren sind, sind unverz\u00fcglich nach deren Bekanntwerden schriftlich an die Trommelmanufaktur Ostschweiz zu melden.<\/p>\n\n\n\n<p>Bei Lieferungen ausserhalb des Zollgebiets der Schweiz und des F\u00fcrstentums Liechtenstein ist der Kunde verantwortlich f\u00fcr den korrekten Import und die Bezahlung allf\u00e4lliger Z\u00f6lle und Geb\u00fchren.<\/p>\n\n\n\n<p>Der Kunde hat die M\u00f6glichkeit, die Ware nach der Bereitstellung am Firmensitz oder an einem abgesprochenen Ort abzuholen. Dazu ist vorg\u00e4ngig ein Termin zu vereinbaren. Bei Abholung werden keine Versandkosten berechnet.<\/p>\n\n\n\n<h2 class=\"wp-block-heading\">Teillieferungen<\/h2>\n\n\n\n<p>Die Trommelmanufaktur Ostschweiz wird, wenn m\u00f6glich, die ganze Bestellung in einer Sendung ausliefern. Der K\u00e4ufer erkl\u00e4rt sich bereit, auch Teillieferungen anzunehmen. Allenfalls zus\u00e4tzlich anfallende Transportkosten werden, sofern die Teillieferung nicht durch den Kunden verschuldet oder gew\u00fcnscht ist, durch die Trommelmanufaktur Ostschweiz getragen.<\/p>\n\n\n\n<h2 class=\"wp-block-heading\">Lieferfristen<\/h2>\n\n\n\n<p>Nichteinhaltungen der Lieferfristen durch die Trommelmanufaktur Ostschweiz berechtigen den K\u00e4ufer nur dann zum R\u00fccktritt, wenn die Lieferung auch nach Ablauf einer schriftlich gesetzten Nachfrist von 7 Tagen nicht erfolgt ist. Ausnahme: Bei Spezialanfertigungen und Spezialbestellungen kann nicht mehr vom Kaufvertrag zur\u00fcckgetreten werden, sofern nichts anderes schriftlich festgelegt wurde. In keinem Fall begr\u00fcnden Lieferverz\u00f6gerungen Schadenersatzanspr\u00fcche.<\/p>\n\n\n\n<p>Sollte ein bestelltes Produkt zum Lieferzeitpunkt nicht mehr verf\u00fcgbar sein, informiert die Trommelmanufaktur Ostschweiz den Kunden und schl\u00e4gt ein Ersatzprodukt vor.<\/p>\n\n\n\n<h2 class=\"wp-block-heading\">Warenpr\u00fcfung<\/h2>\n\n\n\n<p>Reklamationen sind innerhalb von drei Tagen nach Erhalt der Ware schriftlich an den Verk\u00e4ufer zu melden. Massgebend ist das Datum des Poststempels der Reklamation. Nach Ablauf dieser Frist werden keine Reklamationen mehr bearbeitet. R\u00fccksendungen gehen zu Lasten des K\u00e4ufers, sofern nichts anderes abgesprochen wurde.<\/p>\n\n\n\n<h2 class=\"wp-block-heading\" id=\"zahlung\">Zahlung<\/h2>\n\n\n\n<p>Zahlungen m\u00fcssen in Schweizer Franken (CHF) geleistet werden. In Ausnahmef\u00e4llen und auf Anfrage ist auch eine Zahlung in Euro (EUR) m\u00f6glich. Die Umrechnung erfolgt zum tagesaktuellen Kurs.<\/p>\n\n\n\n<p>Bei Abholung ist der volle Betrag in bar oder per EC-, Debit- oder Kreditkarte zu bezahlen. Bei Bestellung mit Vorauszahlung per Bank\u00fcberweisung ist die Zahlung sofort nach dem Vertragsabschluss f\u00e4llig. F\u00fcr Zahlungen per EC-, Debit- oder Kreditkarte nutzen wir Dienstleistungen der Unternehmen <a href=\"https:\/\/ch-de.sumup.com\/\" rel=\"noopener nofollow\">SumUp Payments Ltd.<\/a> mit Sitz in 16-20 Shorts Gardens, London, WC2H 9US, Vereinigtes K\u00f6nigreich sowie <a href=\"https:\/\/stripe.com\/de-ch\/\" rel=\"noopener nofollow\">Stripe<\/a> Payments Europe Ltd. mit Sitz in , 1 Grand Canal Street Lower, Grand Canal Dock, Dublin, Irland.<\/p>\n\n\n\n<p>Gutscheine k\u00f6nnen nicht bar abgel\u00f6st und pro Bestellung kann nur ein einzelner Gutschein eingel\u00f6st werden.<\/p>\n\n\n\n<p>Die Lieferung per Post oder Spedition erfolgt nach Vorauszahlung oder mit Rechnung. Bei neuen Kunden kann eine Vorauszahlung verlangt werden. Der gesamte Rechnungsbetrag ist ohne jegliche Abz\u00fcge, Skonti, Rabatte usw., sofern nicht auf der Rechnung angegeben, innerhalb der vorgegebenen Zahlungsfrist zu bezahlen. Der K\u00e4ufer ist nicht berechtigt, Zahlungen wegen Beanstandungen zur\u00fcckzuhalten oder mit Gegenanspr\u00fcchen zu verrechnen. Bei Bezahlung mittels Rechnung besteht, sofern nicht anders angegeben, eine Zahlungsfrist von 10 Tagen. Nach Ablauf dieser Frist k\u00f6nnen ein Verzugszins von 5% p.a., eine Mahngeb\u00fchr von CHF 20.\u2014 sowie s\u00e4mtliche Folgekosten erhoben werden. Bei Nichteinhaltung der Zahlungsfrist behalten wir uns das Recht vor, weitere Bestellungen gegen Rechnung zu verweigern.<\/p>\n\n\n\n<p>Bei Spezialbestellungen von Instrumenten und\/oder Material kann die Trommelmanufaktur eine Vorauszahlung oder Teilvorauszahlung verlangen. In diesem Falle erfolgt die Bestellung beim Lieferanten erst nach Zahlungseingang.<\/p>\n\n\n\n<h2 class=\"wp-block-heading\">Haftung<\/h2>\n\n\n\n<p>F\u00fcr Sch\u00e4den, die durch unsachgem\u00e4sse Installation und unsachgem\u00e4ssen Gebrauch entstehen, lehnt die Trommelmanufaktur Ostschweiz jegliche Haftung ab.<\/p>\n\n\n\n<h2 class=\"wp-block-heading\">R\u00fcckgaberecht<\/h2>\n\n\n\n<p>Das R\u00fcckgaberecht bezieht sich nur auf Standardprodukte, nicht aber auf Sonderanfertigungen und speziell f\u00fcr den Kunden bestellten Produkte. Der Kunde hat das Recht innerhalb einer Frist von 10 Werktagen, den Vertragsschluss ohne Angabe von Gr\u00fcnden zu widerrufen und die Ware zur\u00fcckzusenden. Die gelieferte Ware ist ohne Gebrauchsspuren, unbesch\u00e4digt, funktionsf\u00e4hig, vollst\u00e4ndig und in einwandfreier Originalverpackung mit einem vorg\u00e4ngig angeforderten, ausgef\u00fcllten Retourenschein zur\u00fcckzuschicken. Das R\u00fcckgaberecht beginnt mit Eingang der Ware beim Kunden. Dieser tr\u00e4gt auch die Kosten der R\u00fccksendung. Allf\u00e4llige Instandsetzung- und Umtriebsaufw\u00e4nde werden dem Kunden durch die Trommelmanufaktur Ostschweiz in Rechnung gestellt. Hat der Kunde die Ware fristgerecht und ordnungsgem\u00e4ss zur\u00fcckgeschickt, erh\u00e4lt er von Trommelmanufaktur Ostschweiz eine Gutschrift oder auf Wunsch eine Ersatzlieferung oder einen Wertgutschein.<\/p>\n\n\n\n<h2 class=\"wp-block-heading\">M\u00e4ngelgew\u00e4hrleistung und Haftung<\/h2>\n\n\n\n<p>F\u00fcr alle im Katalog und im Internet angebotenen Produkte betr\u00e4gt die gesetzliche Gew\u00e4hrleistungsfrist 24 Monate ab Kaufdatum, falls nicht ein l\u00e4ngerer Gew\u00e4hrleistungszeitraum ausdr\u00fccklich angegeben ist. Bei Occasionen betr\u00e4gt die Gew\u00e4hrleistungsfrist 12 Monate ab Kaufdatum. Produkte werden kostenlos ersetzt oder repariert, sofern der Mangel vom Kunden nach bekanntwerden desselben innerhalb der unter \u00abWarenpr\u00fcfung\u00bb genannten Frist schriftlich gemeldet wird. Ist ein Produkt nicht mehr reparier- oder ersetzbar, wird dem Kunden ein gleichwertiges Nachfolgeprodukt geliefert oder eine Gutschrift erstellt. Die Garantie erlischt, wenn ohne schriftliche Zustimmung der Trommelmanufaktur Ostschweiz \u00c4nderungen oder Reparaturen an der Ware vorgenommen werden, sofern diese Reparaturen nicht \u00fcblich sind (z.B. Fellwechsel). Sch\u00e4den, welche nachweislich durch unsachgem\u00e4sse Reparaturarbeiten verursacht werden, sind nicht durch die Garantieleistung abgedeckt. Soweit es die gesetzlichen Bestimmungen erlauben, ist die Schadensersatzhaftung ausgeschlossen. Insbesondere haftet Trommelmanufaktur Ostschweiz nicht f\u00fcr Sch\u00e4den, die auf unsachgem\u00e4\u00dfen Gebrauch oder nat\u00fcrlichen Verschleiss zur\u00fcckzuf\u00fchren sind oder f\u00fcr Sch\u00e4den, die nicht am Liefergegenstand selbst entstanden sind (Mangelfolgesch\u00e4den).<\/p>\n\n\n\n<h2 class=\"wp-block-heading\">Geistiges Eigentum<\/h2>\n\n\n\n<p>Die Trommelmanufaktur Ostschweiz beh\u00e4lt sich f\u00fcr jedes Design, jeden Text, jede Grafik auf ihrer Webseite alle Rechte vor. Das Kopieren oder jedwelche andere Reproduktion, der gesamten Webseite bzw. von Teilen dieser Webseite wird nur zu dem Zweck gestattet, eine Bestellung bei der Trommelmanufaktur Ostschweiz aufzugeben. Alle auf dieser Webseite zitierten Warenzeichen, Produktnamen oder Firmennamen bzw. -logos sind das Alleineigentum der jeweiligen Berechtigten. An Abbildungen, Zeichnungen, Kalkulationen und sonstigen Unterlagen beh\u00e4lt sich die Trommelmanufaktur Ostschweiz die Eigentums- und Urheberrechte vor. Vor ihrer Weitergabe an Dritte bedarf der Kunde der ausdr\u00fccklichen schriftlichen Zustimmung der Trommelmanufaktur Ostschweiz.<\/p>\n\n\n\n<h2 class=\"wp-block-heading\">Datenschutz<\/h2>\n\n\n\n<p>Die Trommelmanufaktur Ostschweiz versichert, bei der Erhebung, Verarbeitung und Nutzung personenbezogener Daten die Bestimmungen des Schweizerischen Datenschutzgesetzes und der einschl\u00e4gigen Rechtsnormen zu beachten. Die anl\u00e4sslich der Bestellabwicklung anfallenden Kundendaten werden lediglich f\u00fcr interne Zwecke genutzt. Eine Weitergabe an dritte Partnerunternehmen erfolgt nur soweit zur ordnungsgem\u00e4ssen Leistungserbringung (Bestellabwicklung, Kommunikation) unbedingt erforderlich. Der Kunde erkl\u00e4rt sich mit dieser Nutzung seiner Daten einverstanden. Im \u00dcbrigen hat er auf Anfrage jederzeit das Recht, die \u00fcber ihn gespeicherten Daten einzusehen und deren Nutzung f\u00fcr interne Zwecke zu verbieten.<\/p>\n\n\n\n<h2 class=\"wp-block-heading\">Eigentumsvorbehalt<\/h2>\n\n\n\n<p>Gelieferte Artikel bleiben bis zur vollst\u00e4ndigen Bezahlung Eigentum der Trommelmanufaktur Ostschweiz.<\/p>\n\n\n\n<h2 class=\"wp-block-heading\">Gerichtsstand<\/h2>\n\n\n\n<p>Unsere Gesch\u00e4ftst\u00e4tigkeit basiert ausschliesslich auf schweizerischem Recht. Der Gerichtsstand f\u00fcr s\u00e4mtliche Rechtsbeziehungen ist der Sitz der Trommelmanufaktur Ostschweiz.<\/p>\n\n\n\n<h2 class=\"wp-block-heading\">Schlussbestimmungen<\/h2>\n\n\n\n<p>Beim Verkauf der im Katalog oder im Webshop der Trommelmanufaktur Ostschweiz spezifizierten Waren gelten ausschliesslich die AGB in ihrer zum Zeitpunkt des jeweiligen Vertragsabschlusses g\u00fcltigen Fassung. Diese Gesch\u00e4ftsbedingungen gelten insbesondere auch, wenn sie von denjenigen des Kunden differieren sollten. Die Trommelmanufaktur Ostschweiz beh\u00e4lt sich das Recht zur jederzeitigen \u00c4nderungen dieser AGB vor.<\/p>\n\n\n\n<p>Sollten eine oder mehrere Bestimmungen dieses Vertrages unwirksam oder nichtig sein, so wird die Geltung der \u00fcbrigen Bestimmungen dadurch nicht ber\u00fchrt. An die Stelle der nichtigen oder unwirksamen Bestimmungen dieses Vertrages soll eine dem Sinn und Zweck dieser Vertragsbestimmung entsprechende wirksame Bestimmung treten.<\/p>\n\n\n\n<h2 class=\"wp-block-heading\" id=\"rev\">Revisionen<\/h2>\n\n\n\n<ul class=\"wp-block-list\"><li>12. August 2022: Adresse eines f\u00fcr den Zahlungsverkehr beauftragten Dienstleisters hat ge\u00e4ndert und kleine Rechtschreibkorrekturen.<\/li><li>23. Februar 2020: Erg\u00e4nzung der f\u00fcr den Zahlungsverkehr beauftragten Dienstleister um Stripe. Vorauszahlung als weitere Zahlungsm\u00f6glichkeit hinzugef\u00fcgt.<\/li><li>18. September 2018: Bezahlung per Debit- oder Kreditkarte ist bei Abholung m\u00f6glich.<\/li><li>16. Juli 2017: Neuer <a href=\"#vermietung\">Abschnitt mit den Bedingungen f\u00fcr die Vermietung<\/a> von Artikeln.<\/li><\/ul>\n","protected":false},"excerpt":{"rendered":"<p>Vertragsgegenstand Stand vom 12. August 2022. Die Einzelfirma \u00abTrommelmanufaktur Ostschweiz, Hanselmann Trommelbau\u00bb wird nachfolgend mit \u00abTrommelmanufaktur Ostschweiz\u00bb abgek\u00fcrzt. Die Trommelmanufaktur Ostschweiz verkauft den Kunden die im Katalog bzw. Webshop spezifizierten Waren zu den nachstehend aufgef\u00fchrten Liefer- und Verkaufsbedingungen (AGB). Vertragsabschluss Der Vertrag zwischen Kunden und der Trommelmanufaktur Ostschweiz kommt erst durch einen Auftrag des Kunden [&hellip;]<\/p>\n","protected":false},"author":1,"featured_media":0,"parent":0,"menu_order":0,"comment_status":"closed","ping_status":"closed","template":"","meta":{"footnotes":""},"class_list":["post-66","page","type-page","status-publish","hentry"],"_links":{"self":[{"href":"https:\/\/www.trommelmanufaktur.ch\/wp-json-api\/wp\/v2\/pages\/66","targetHints":{"allow":["GET"]}}],"collection":[{"href":"https:\/\/www.trommelmanufaktur.ch\/wp-json-api\/wp\/v2\/pages"}],"about":[{"href":"https:\/\/www.trommelmanufaktur.ch\/wp-json-api\/wp\/v2\/types\/page"}],"author":[{"embeddable":true,"href":"https:\/\/www.trommelmanufaktur.ch\/wp-json-api\/wp\/v2\/users\/1"}],"replies":[{"embeddable":true,"href":"https:\/\/www.trommelmanufaktur.ch\/wp-json-api\/wp\/v2\/comments?post=66"}],"version-history":[{"count":25,"href":"https:\/\/www.trommelmanufaktur.ch\/wp-json-api\/wp\/v2\/pages\/66\/revisions"}],"predecessor-version":[{"id":6539,"href":"https:\/\/www.trommelmanufaktur.ch\/wp-json-api\/wp\/v2\/pages\/66\/revisions\/6539"}],"wp:attachment":[{"href":"https:\/\/www.trommelmanufaktur.ch\/wp-json-api\/wp\/v2\/media?parent=66"}],"curies":[{"name":"wp","href":"https:\/\/api.w.org\/{rel}","templated":true}]}}