{"id":57,"date":"2017-01-23T00:04:20","date_gmt":"2017-01-22T23:04:20","guid":{"rendered":"https:\/\/www.trommelmanufaktur.ch\/warenkorb\/"},"modified":"2025-03-29T12:51:32","modified_gmt":"2025-03-29T11:51:32","slug":"cart","status":"publish","type":"page","link":"https:\/\/www.trommelmanufaktur.ch\/cart\/","title":{"rendered":"Warenkorb"},"content":{"rendered":"<div  class='av_promobox av-av_promobox-9d76347206a18800824850630ddbd974 avia-button-no'><div class='avia-promocontent'><\/p>\n<p>\n<style type=\"text\/css\" data-created_by=\"avia_inline_auto\" id=\"style-css-av-av_font_icon-841dd513d156fd88feaf8ea5a26d6d6d\">\n.av_font_icon.av-av_font_icon-841dd513d156fd88feaf8ea5a26d6d6d{\ncolor:#d63333;\nborder-color:#d63333;\n}\n.avia-svg-icon.av-av_font_icon-841dd513d156fd88feaf8ea5a26d6d6d svg:first-child{\nstroke:#d63333;\nfill:#d63333;\n}\n.av_font_icon.av-av_font_icon-841dd513d156fd88feaf8ea5a26d6d6d .av-icon-char{\nfont-size:40px;\n}\n<\/style>\n<span  class='av_font_icon av-av_font_icon-841dd513d156fd88feaf8ea5a26d6d6d avia_animate_when_visible av-icon-style- avia-icon-pos-left avia-svg-icon avia-font-svg_entypo-fontello avia-icon-animate'><span class='av-icon-char' data-av_svg_icon='attention' data-av_iconset='svg_entypo-fontello' ><svg version=\"1.1\" xmlns=\"http:\/\/www.w3.org\/2000\/svg\" width=\"31\" height=\"32\" viewBox=\"0 0 31 32\" preserveAspectRatio=\"xMidYMid meet\" aria-labelledby='av-svg-title-1' aria-describedby='av-svg-desc-1' role=\"graphics-symbol\" aria-hidden=\"true\">\n<title id='av-svg-title-1'>Attention<\/title>\n<desc id='av-svg-desc-1'>Attention<\/desc>\n<path d=\"M30.624 27.968q0.32 0.512 0 1.088-0.32 0.512-0.96 0.512h-28.544q-0.576 0-0.896-0.512-0.416-0.576-0.064-1.088l14.272-25.024q0.256-0.576 0.96-0.576t0.96 0.576zM17.184 26.368v-3.2h-3.52v3.2h3.52zM17.184 20.8v-9.6h-3.52v9.6h3.52z\"><\/path>\n<\/svg><\/span><\/span><\/p>\n<p><strong>Wichtiger Hinweis:<\/strong><\/p>\n<hr>\n<p>Aufgrund einer gr\u00f6sseren Ver\u00e4nderung in meinem Hauptberuf kann es aktuell zu Verz\u00f6gerungen bei der Bearbeitung von Bestellungen und E-Mails kommen. Falls Sie etwas dringend ben\u00f6tigen, lassen Sie es mich bitte im Notizfeld der Bestellung wissen \u2013 ich bem\u00fche mich dann um eine bevorzugte und m\u00f6glichst schnelle Bearbeitung.<\/p>\n<p>\nDanke f\u00fcr Ihr Verst\u00e4ndnis und Ihre Geduld.<br \/>\nDominic Hanselmann<\/p>\n<\/div><\/div>\n\n\n<span class=\"clearfix\"><\/span>\n\n\n\n<div data-block-name=\"woocommerce\/cart\" class=\"wp-block-woocommerce-cart alignwide is-loading\">\n<div data-block-name=\"woocommerce\/filled-cart-block\" class=\"wp-block-woocommerce-filled-cart-block\">\n<div data-block-name=\"woocommerce\/cart-items-block\" class=\"wp-block-woocommerce-cart-items-block\">\n<div data-block-name=\"woocommerce\/cart-line-items-block\" class=\"wp-block-woocommerce-cart-line-items-block\"><\/div>\n\n\n\n<div data-block-name=\"woocommerce\/cart-cross-sells-block\" class=\"wp-block-woocommerce-cart-cross-sells-block\">\n<h2 class=\"wp-block-heading has-large-font-size\">Das interessiert Sie vielleicht&#8230;<\/h2>\n\n\n\n<div data-block-name=\"woocommerce\/cart-cross-sells-products-block\" class=\"wp-block-woocommerce-cart-cross-sells-products-block\"><\/div>\n<\/div>\n<\/div>\n\n\n\n<div data-block-name=\"woocommerce\/cart-totals-block\" class=\"wp-block-woocommerce-cart-totals-block\"><div data-block-name=\"woocommerce-germanized\/cart-summary-item\" class=\"wp-block-woocommerce-germanized-cart-summary-item\"><\/div>\n<div data-block-name=\"woocommerce\/cart-order-summary-block\" class=\"wp-block-woocommerce-cart-order-summary-block\">\n<div data-block-name=\"woocommerce\/cart-order-summary-heading-block\" data-content=\"Warenkorb-Summe\" class=\"wp-block-woocommerce-cart-order-summary-heading-block\"><\/div>\n\n\n\n<div data-block-name=\"woocommerce\/cart-order-summary-coupon-form-block\" class=\"wp-block-woocommerce-cart-order-summary-coupon-form-block\"><\/div>\n\n\n\n<div data-block-name=\"woocommerce\/cart-order-summary-totals-block\" class=\"wp-block-woocommerce-cart-order-summary-totals-block\">\n<div data-block-name=\"woocommerce\/cart-order-summary-subtotal-block\" class=\"wp-block-woocommerce-cart-order-summary-subtotal-block\"><\/div>\n\n\n\n<div data-block-name=\"woocommerce\/cart-order-summary-fee-block\" class=\"wp-block-woocommerce-cart-order-summary-fee-block\"><\/div>\n\n\n\n<div data-block-name=\"woocommerce\/cart-order-summary-discount-block\" class=\"wp-block-woocommerce-cart-order-summary-discount-block\"><\/div>\n\n\n\n<div data-block-name=\"woocommerce\/cart-order-summary-shipping-block\" class=\"wp-block-woocommerce-cart-order-summary-shipping-block\"><\/div>\n\n\n\n<div data-block-name=\"woocommerce\/cart-order-summary-taxes-block\" class=\"wp-block-woocommerce-cart-order-summary-taxes-block\"><\/div>\n<\/div>\n<\/div>\n\n\n\n<div data-block-name=\"woocommerce\/cart-express-payment-block\" class=\"wp-block-woocommerce-cart-express-payment-block\"><\/div>\n\n\n\n<div data-block-name=\"woocommerce\/proceed-to-checkout-block\" class=\"wp-block-woocommerce-proceed-to-checkout-block\"><\/div>\n\n\n\n<div data-block-name=\"woocommerce\/cart-accepted-payment-methods-block\" class=\"wp-block-woocommerce-cart-accepted-payment-methods-block\"><\/div>\n<\/div>\n<\/div>\n\n\n\n<div data-block-name=\"woocommerce\/empty-cart-block\" class=\"wp-block-woocommerce-empty-cart-block\">\n<h2 class=\"wp-block-heading has-text-align-center with-empty-cart-icon wc-block-cart__empty-cart__title\">Ihr Warenkorb ist gerade leer!<\/h2>\n\n\n\n<p class=\"has-text-align-center\"><a href=\"\/shop\/\">Shop durchst\u00f6bern<\/a><\/p>\n\n\n\n<hr class=\"wp-block-separator has-alpha-channel-opacity is-style-dots\"\/>\n\n\n\n<h2 class=\"wp-block-heading has-text-align-center\">Neu im Shop<\/h2>\n\n\n<div data-block-name=\"woocommerce\/product-new\" data-columns=\"4\" data-rows=\"1\" class=\"wc-block-grid wp-block-product-new wp-block-woocommerce-product-new wc-block-product-new has-4-columns\"><ul class=\"wc-block-grid__products\"><li class=\"wc-block-grid__product\">\n\t\t\t\t<a href=\"https:\/\/www.trommelmanufaktur.ch\/product\/trommelschlegel-416-alte-charge\/\" class=\"wc-block-grid__product-link\">\n\t\t\t\t\t<div class=\"wc-block-grid__product-onsale\">\n\t\t\t<span aria-hidden=\"true\">Angebot<\/span>\n\t\t\t<span class=\"screen-reader-text\">Produkt im Angebot<\/span>\n\t\t<\/div>\n\t\t\t\t\t<div class=\"wc-block-grid__product-image\"><img loading=\"lazy\" decoding=\"async\" width=\"450\" height=\"450\" src=\"https:\/\/www.trommelmanufaktur.ch\/content\/media\/2017\/01\/tw-416-w-kl-schlegel-450x450.jpg\" class=\"attachment-woocommerce_thumbnail size-woocommerce_thumbnail\" alt=\"Trommelschlegel 416 (alte Charge)\" srcset=\"https:\/\/www.trommelmanufaktur.ch\/content\/media\/2017\/01\/tw-416-w-kl-schlegel-450x450.jpg 450w, https:\/\/www.trommelmanufaktur.ch\/content\/media\/2017\/01\/tw-416-w-kl-schlegel-150x150.jpg 150w, https:\/\/www.trommelmanufaktur.ch\/content\/media\/2017\/01\/tw-416-w-kl-schlegel-300x300.jpg 300w, https:\/\/www.trommelmanufaktur.ch\/content\/media\/2017\/01\/tw-416-w-kl-schlegel-768x768.jpg 768w, https:\/\/www.trommelmanufaktur.ch\/content\/media\/2017\/01\/tw-416-w-kl-schlegel-1024x1024.jpg 1024w, https:\/\/www.trommelmanufaktur.ch\/content\/media\/2017\/01\/tw-416-w-kl-schlegel-36x36.jpg 36w, https:\/\/www.trommelmanufaktur.ch\/content\/media\/2017\/01\/tw-416-w-kl-schlegel-180x180.jpg 180w, https:\/\/www.trommelmanufaktur.ch\/content\/media\/2017\/01\/tw-416-w-kl-schlegel-705x705.jpg 705w, https:\/\/www.trommelmanufaktur.ch\/content\/media\/2017\/01\/tw-416-w-kl-schlegel-100x100.jpg 100w, https:\/\/www.trommelmanufaktur.ch\/content\/media\/2017\/01\/tw-416-w-kl-schlegel.jpg 1350w\" sizes=\"auto, (max-width: 450px) 100vw, 450px\"><\/div>\n\t\t\t\t\t<div class=\"wc-block-grid__product-title\">Trommelschlegel 416 (alte Charge)<\/div>\n\t\t\t\t<\/a>\n\t\t\t\t<div class=\"wc-block-grid__product-price price\"><del aria-hidden=\"true\"><span class=\"woocommerce-Price-amount amount\"><span class=\"woocommerce-Price-currencySymbol\">CHF<\/span>&nbsp;26.00<\/span><\/del> <span class=\"screen-reader-text\">Urspr&uuml;nglicher Preis war: CHF&nbsp;26.00<\/span><ins aria-hidden=\"true\"><span class=\"woocommerce-Price-amount amount\"><span class=\"woocommerce-Price-currencySymbol\">CHF<\/span>&nbsp;20.00<\/span><\/ins><span class=\"screen-reader-text\">Aktueller Preis ist: CHF&nbsp;20.00.<\/span><\/div><p class=\"wc-gzd-additional-info wc-gzd-additional-info-loop shipping-costs-info\">zzgl. <a href=\"https:\/\/www.trommelmanufaktur.ch\/zahlung-versand\/\" target=\"_blank\">Versandkosten<\/a><\/p>\n\t\t\t\t\n\t\t\t\t<div class=\"wp-block-button wc-block-grid__product-add-to-cart\"><a href=\"\/wp-json-api\/wp\/v2\/pages\/57?add-to-cart=7813\" aria-label=\"In den Warenkorb legen: &bdquo;Trommelschlegel 416 (alte Charge)&ldquo;\" data-quantity=\"1\" data-product_id=\"7813\" data-product_sku=\"TW-416-W-KL-BCHG\" data-price=\"20\" rel=\"nofollow\" class=\"wp-block-button__link  add_to_cart_button ajax_add_to_cart\">In den Warenkorb<\/a><\/div>\n\t\t\t<\/li>\n<li class=\"wc-block-grid__product\">\n\t\t\t\t<a href=\"https:\/\/www.trommelmanufaktur.ch\/product\/kalbfell-41cm-weiss-b-stock\/\" class=\"wc-block-grid__product-link\">\n\t\t\t\t\t<div class=\"wc-block-grid__product-onsale\">\n\t\t\t<span aria-hidden=\"true\">Angebot<\/span>\n\t\t\t<span class=\"screen-reader-text\">Produkt im Angebot<\/span>\n\t\t<\/div>\n\t\t\t\t\t<div class=\"wc-block-grid__product-image\"><img loading=\"lazy\" decoding=\"async\" width=\"450\" height=\"450\" src=\"https:\/\/www.trommelmanufaktur.ch\/content\/media\/2017\/11\/fe-ka-us-1-450x450.jpg\" class=\"attachment-woocommerce_thumbnail size-woocommerce_thumbnail\" alt=\"Kalbfell 41cm, weiss, B-Ware\" srcset=\"https:\/\/www.trommelmanufaktur.ch\/content\/media\/2017\/11\/fe-ka-us-1-450x450.jpg 450w, https:\/\/www.trommelmanufaktur.ch\/content\/media\/2017\/11\/fe-ka-us-1-150x150.jpg 150w, https:\/\/www.trommelmanufaktur.ch\/content\/media\/2017\/11\/fe-ka-us-1-300x300.jpg 300w, https:\/\/www.trommelmanufaktur.ch\/content\/media\/2017\/11\/fe-ka-us-1-768x768.jpg 768w, https:\/\/www.trommelmanufaktur.ch\/content\/media\/2017\/11\/fe-ka-us-1-1024x1024.jpg 1024w, https:\/\/www.trommelmanufaktur.ch\/content\/media\/2017\/11\/fe-ka-us-1-36x36.jpg 36w, https:\/\/www.trommelmanufaktur.ch\/content\/media\/2017\/11\/fe-ka-us-1-180x180.jpg 180w, https:\/\/www.trommelmanufaktur.ch\/content\/media\/2017\/11\/fe-ka-us-1-705x705.jpg 705w, https:\/\/www.trommelmanufaktur.ch\/content\/media\/2017\/11\/fe-ka-us-1-100x100.jpg 100w, https:\/\/www.trommelmanufaktur.ch\/content\/media\/2017\/11\/fe-ka-us-1.jpg 1350w\" sizes=\"auto, (max-width: 450px) 100vw, 450px\"><\/div>\n\t\t\t\t\t<div class=\"wc-block-grid__product-title\">Kalbfell 41cm, weiss, B-Ware<\/div>\n\t\t\t\t<\/a>\n\t\t\t\t<div class=\"wc-block-grid__product-price price\"><span class=\"woocommerce-Price-amount amount\"><span class=\"woocommerce-Price-currencySymbol\">CHF<\/span>&nbsp;170.00<\/span> &ndash; <span class=\"woocommerce-Price-amount amount\"><span class=\"woocommerce-Price-currencySymbol\">CHF<\/span>&nbsp;180.00<\/span><\/div><p class=\"wc-gzd-additional-info wc-gzd-additional-info-loop shipping-costs-info\">zzgl. <a href=\"https:\/\/www.trommelmanufaktur.ch\/zahlung-versand\/\" target=\"_blank\">Versandkosten<\/a><\/p>\n\t\t\t\t\n\t\t\t\t<div class=\"wp-block-button wc-block-grid__product-add-to-cart\"><a href=\"https:\/\/www.trommelmanufaktur.ch\/product\/kalbfell-41cm-weiss-b-stock\/\" aria-label=\"W&auml;hlen Sie die Optionen f&uuml;r &bdquo;Kalbfell 41cm, weiss, B-Ware&ldquo;\" data-quantity=\"1\" data-product_id=\"7246\" data-product_sku=\"\" data-price=\"170\" rel=\"nofollow\" class=\"wp-block-button__link  add_to_cart_button\">Ausf&uuml;hrung w&auml;hlen<\/a><\/div>\n\t\t\t<\/li>\n<li class=\"wc-block-grid__product\">\n\t\t\t\t<a href=\"https:\/\/www.trommelmanufaktur.ch\/product\/saitenfell-39cm-transparent\/\" class=\"wc-block-grid__product-link\">\n\t\t\t\t\t\n\t\t\t\t\t<div class=\"wc-block-grid__product-image\"><img loading=\"lazy\" decoding=\"async\" width=\"450\" height=\"450\" src=\"https:\/\/www.trommelmanufaktur.ch\/content\/media\/woocommerce-placeholder-450x450.png\" class=\"woocommerce-placeholder wp-post-image\" alt=\"\" srcset=\"https:\/\/www.trommelmanufaktur.ch\/content\/media\/woocommerce-placeholder-450x450.png 450w, https:\/\/www.trommelmanufaktur.ch\/content\/media\/woocommerce-placeholder-100x100.png 100w, https:\/\/www.trommelmanufaktur.ch\/content\/media\/woocommerce-placeholder-150x150.png 150w, https:\/\/www.trommelmanufaktur.ch\/content\/media\/woocommerce-placeholder-300x300.png 300w, https:\/\/www.trommelmanufaktur.ch\/content\/media\/woocommerce-placeholder-768x768.png 768w, https:\/\/www.trommelmanufaktur.ch\/content\/media\/woocommerce-placeholder-1024x1024.png 1024w, https:\/\/www.trommelmanufaktur.ch\/content\/media\/woocommerce-placeholder-36x36.png 36w, https:\/\/www.trommelmanufaktur.ch\/content\/media\/woocommerce-placeholder-180x180.png 180w, https:\/\/www.trommelmanufaktur.ch\/content\/media\/woocommerce-placeholder-705x705.png 705w, https:\/\/www.trommelmanufaktur.ch\/content\/media\/woocommerce-placeholder.png 1200w\" sizes=\"auto, (max-width: 450px) 100vw, 450px\"><\/div>\n\t\t\t\t\t<div class=\"wc-block-grid__product-title\">Saitenfell 39cm, transparent<\/div>\n\t\t\t\t<\/a>\n\t\t\t\t<div class=\"wc-block-grid__product-price price\"><span class=\"woocommerce-Price-amount amount\"><span class=\"woocommerce-Price-currencySymbol\">CHF<\/span>&nbsp;65.00<\/span> &ndash; <span class=\"woocommerce-Price-amount amount\"><span class=\"woocommerce-Price-currencySymbol\">CHF<\/span>&nbsp;75.00<\/span><\/div><p class=\"wc-gzd-additional-info wc-gzd-additional-info-loop shipping-costs-info\">zzgl. <a href=\"https:\/\/www.trommelmanufaktur.ch\/zahlung-versand\/\" target=\"_blank\">Versandkosten<\/a><\/p>\n\t\t\t\t\n\t\t\t\t<div class=\"wp-block-button wc-block-grid__product-add-to-cart\"><a href=\"https:\/\/www.trommelmanufaktur.ch\/product\/saitenfell-39cm-transparent\/\" aria-label=\"W&auml;hlen Sie die Optionen f&uuml;r &bdquo;Saitenfell 39cm, transparent&ldquo;\" data-quantity=\"1\" data-product_id=\"7242\" data-product_sku=\"\" data-price=\"65\" rel=\"nofollow\" class=\"wp-block-button__link  add_to_cart_button\">Ausf&uuml;hrung w&auml;hlen<\/a><\/div>\n\t\t\t<\/li>\n<li class=\"wc-block-grid__product\">\n\t\t\t\t<a href=\"https:\/\/www.trommelmanufaktur.ch\/product\/saitenfell-42cm-transparent\/\" class=\"wc-block-grid__product-link\">\n\t\t\t\t\t\n\t\t\t\t\t<div class=\"wc-block-grid__product-image\"><img loading=\"lazy\" decoding=\"async\" width=\"450\" height=\"450\" src=\"https:\/\/www.trommelmanufaktur.ch\/content\/media\/woocommerce-placeholder-450x450.png\" class=\"woocommerce-placeholder wp-post-image\" alt=\"\" srcset=\"https:\/\/www.trommelmanufaktur.ch\/content\/media\/woocommerce-placeholder-450x450.png 450w, https:\/\/www.trommelmanufaktur.ch\/content\/media\/woocommerce-placeholder-100x100.png 100w, https:\/\/www.trommelmanufaktur.ch\/content\/media\/woocommerce-placeholder-150x150.png 150w, https:\/\/www.trommelmanufaktur.ch\/content\/media\/woocommerce-placeholder-300x300.png 300w, https:\/\/www.trommelmanufaktur.ch\/content\/media\/woocommerce-placeholder-768x768.png 768w, https:\/\/www.trommelmanufaktur.ch\/content\/media\/woocommerce-placeholder-1024x1024.png 1024w, https:\/\/www.trommelmanufaktur.ch\/content\/media\/woocommerce-placeholder-36x36.png 36w, https:\/\/www.trommelmanufaktur.ch\/content\/media\/woocommerce-placeholder-180x180.png 180w, https:\/\/www.trommelmanufaktur.ch\/content\/media\/woocommerce-placeholder-705x705.png 705w, https:\/\/www.trommelmanufaktur.ch\/content\/media\/woocommerce-placeholder.png 1200w\" sizes=\"auto, (max-width: 450px) 100vw, 450px\"><\/div>\n\t\t\t\t\t<div class=\"wc-block-grid__product-title\">Saitenfell 42cm, transparent<\/div>\n\t\t\t\t<\/a>\n\t\t\t\t<div class=\"wc-block-grid__product-price price\"><span class=\"woocommerce-Price-amount amount\"><span class=\"woocommerce-Price-currencySymbol\">CHF<\/span>&nbsp;65.00<\/span> &ndash; <span class=\"woocommerce-Price-amount amount\"><span class=\"woocommerce-Price-currencySymbol\">CHF<\/span>&nbsp;75.00<\/span><\/div><p class=\"wc-gzd-additional-info wc-gzd-additional-info-loop shipping-costs-info\">zzgl. <a href=\"https:\/\/www.trommelmanufaktur.ch\/zahlung-versand\/\" target=\"_blank\">Versandkosten<\/a><\/p>\n\t\t\t\t\n\t\t\t\t<div class=\"wp-block-button wc-block-grid__product-add-to-cart\"><a href=\"https:\/\/www.trommelmanufaktur.ch\/product\/saitenfell-42cm-transparent\/\" aria-label=\"W&auml;hlen Sie die Optionen f&uuml;r &bdquo;Saitenfell 42cm, transparent&ldquo;\" data-quantity=\"1\" data-product_id=\"7238\" data-product_sku=\"\" data-price=\"65\" rel=\"nofollow\" class=\"wp-block-button__link  add_to_cart_button\">Ausf&uuml;hrung w&auml;hlen<\/a><\/div>\n\t\t\t<\/li>\n<\/ul><\/div><\/div>\n<\/div>\n","protected":false},"excerpt":{"rendered":"","protected":false},"author":1,"featured_media":0,"parent":0,"menu_order":0,"comment_status":"closed","ping_status":"closed","template":"","meta":{"footnotes":""},"class_list":["post-57","page","type-page","status-publish","hentry"],"_links":{"self":[{"href":"https:\/\/www.trommelmanufaktur.ch\/wp-json-api\/wp\/v2\/pages\/57","targetHints":{"allow":["GET"]}}],"collection":[{"href":"https:\/\/www.trommelmanufaktur.ch\/wp-json-api\/wp\/v2\/pages"}],"about":[{"href":"https:\/\/www.trommelmanufaktur.ch\/wp-json-api\/wp\/v2\/types\/page"}],"author":[{"embeddable":true,"href":"https:\/\/www.trommelmanufaktur.ch\/wp-json-api\/wp\/v2\/users\/1"}],"replies":[{"embeddable":true,"href":"https:\/\/www.trommelmanufaktur.ch\/wp-json-api\/wp\/v2\/comments?post=57"}],"version-history":[{"count":21,"href":"https:\/\/www.trommelmanufaktur.ch\/wp-json-api\/wp\/v2\/pages\/57\/revisions"}],"predecessor-version":[{"id":7467,"href":"https:\/\/www.trommelmanufaktur.ch\/wp-json-api\/wp\/v2\/pages\/57\/revisions\/7467"}],"wp:attachment":[{"href":"https:\/\/www.trommelmanufaktur.ch\/wp-json-api\/wp\/v2\/media?parent=57"}],"curies":[{"name":"wp","href":"https:\/\/api.w.org\/{rel}","templated":true}]}}