{"id":4293,"date":"2019-02-28T00:00:28","date_gmt":"2019-02-27T23:00:28","guid":{"rendered":"\/?page_id=4293"},"modified":"2019-03-01T10:22:37","modified_gmt":"2019-03-01T09:22:37","slug":"filzwechsel-trommelboeckli","status":"publish","type":"page","link":"https:\/\/www.trommelmanufaktur.ch\/wissen\/filzwechsel-trommelboeckli\/","title":{"rendered":"Filzwechsel Trommelb\u00f6ckli"},"content":{"rendered":"\n<p>Mit der Zeit gibt der Filz im Trommelb\u00f6ckli nach und wird immer mehr komprimiert. Je nach gew\u00fcnschter H\u00e4rteeinstellung des Fells und der bevorzugten R\u00fcckfederung des Schlegels, muss der Filz fr\u00fcher oder sp\u00e4ter ersetzt werden. Der Wechsel kann unkompliziert selbst erledigt werden.<\/p>\n\n\n\n<h2 class=\"wp-block-heading\">Ben\u00f6tigtes Material<\/h2>\n\n\n<div class=\"woocommerce columns-3 \"><ul class=\"products columns-3\">\n<li class=\"product type-product post-3152 status-publish first instock product_cat-pads has-post-thumbnail shipping-taxable purchasable product-type-simple\">\n\t<div class='inner_product main_color wrapped_style noLightbox  av-product-class-'><a href=\"https:\/\/www.trommelmanufaktur.ch\/product\/ersatzfilz-zu-trommelboeckli\/\" class=\"woocommerce-LoopProduct-link woocommerce-loop-product__link\"><div class=\"thumbnail_container\"><img decoding=\"async\" loading=\"lazy\" width=\"450\" height=\"450\" src=\"https:\/\/www.trommelmanufaktur.ch\/content\/media\/2018\/04\/bo\u0308cklifilz-450x450.jpg\" class=\"wp-image-3153 avia-img-lazy-loading-3153 attachment-shop_catalog size-shop_catalog wp-post-image\" alt=\"\" srcset=\"https:\/\/www.trommelmanufaktur.ch\/content\/media\/2018\/04\/bo\u0308cklifilz-450x450.jpg 450w, https:\/\/www.trommelmanufaktur.ch\/content\/media\/2018\/04\/bo\u0308cklifilz-150x150.jpg 150w, https:\/\/www.trommelmanufaktur.ch\/content\/media\/2018\/04\/bo\u0308cklifilz-300x300.jpg 300w, https:\/\/www.trommelmanufaktur.ch\/content\/media\/2018\/04\/bo\u0308cklifilz-36x36.jpg 36w, https:\/\/www.trommelmanufaktur.ch\/content\/media\/2018\/04\/bo\u0308cklifilz-180x180.jpg 180w, https:\/\/www.trommelmanufaktur.ch\/content\/media\/2018\/04\/bo\u0308cklifilz-100x100.jpg 100w, https:\/\/www.trommelmanufaktur.ch\/content\/media\/2018\/04\/bo\u0308cklifilz.jpg 650w\" sizes=\"auto, (max-width: 450px) 100vw, 450px\" \/><span class=\"cart-loading\"><\/span><\/div><div class='inner_product_header'><div class='avia-arrow'><\/div><div class='inner_product_header_table'><div class='inner_product_header_cell'><h2 class=\"woocommerce-loop-product__title av-no-toc\">Ersatzfilz zu Trommelb\u00f6ckli<\/h2>\n\t<span class=\"price\"><span class=\"woocommerce-Price-amount amount\"><bdi><span class=\"woocommerce-Price-currencySymbol\">&#67;&#72;&#70;<\/span>&nbsp;17.00<\/bdi><\/span><\/span>\n\n\n\n<\/div><\/div><\/div><\/a>\n\n<div class='avia_cart_buttons '><a href=\"\/wp-json-api\/wp\/v2\/pages\/4293?add-to-cart=3152\" aria-describedby=\"woocommerce_loop_add_to_cart_link_describedby_3152\" data-quantity=\"1\" class=\"button product_type_simple add_to_cart_button ajax_add_to_cart\" data-product_id=\"3152\" data-product_sku=\"FLZ-BO-TW\" aria-label=\"In den Warenkorb legen: \u201eErsatzfilz zu Trommelb\u00f6ckli\u201c\" rel=\"nofollow\" data-success_message=\"\u201eErsatzfilz zu Trommelb\u00f6ckli\u201c wurde Ihrem Warenkorb hinzugef\u00fcgt\" role=\"button\"><span class=\"avia-svg-icon avia-font-svg_entypo-fontello\" data-av_svg_icon='basket' data-av_iconset='svg_entypo-fontello'><svg version=\"1.1\" xmlns=\"http:\/\/www.w3.org\/2000\/svg\" width=\"29\" height=\"32\" viewBox=\"0 0 29 32\" preserveAspectRatio=\"xMidYMid meet\" aria-labelledby='av-svg-title-1' aria-describedby='av-svg-desc-1' role=\"graphics-symbol\" aria-hidden=\"true\">\n<title id='av-svg-title-1'>Add to cart<\/title>\n<desc id='av-svg-desc-1'>Add to cart<\/desc>\n<path d=\"M4.8 27.2q0-1.28 0.96-2.24t2.24-0.96q1.344 0 2.272 0.96t0.928 2.24q0 1.344-0.928 2.272t-2.272 0.928q-1.28 0-2.24-0.928t-0.96-2.272zM20.8 27.2q0-1.28 0.96-2.24t2.24-0.96q1.344 0 2.272 0.96t0.928 2.24q0 1.344-0.928 2.272t-2.272 0.928q-1.28 0-2.24-0.928t-0.96-2.272zM10.496 19.648q-1.152 0.32-1.088 0.736t1.408 0.416h17.984v2.432q0 0.64-0.64 0.64h-20.928q-0.64 0-0.64-0.64v-2.432l-0.32-1.472-3.136-14.528h-3.136v-2.56q0-0.64 0.64-0.64h4.992q0.64 0 0.64 0.64v2.752h22.528v8.768q0 0.704-0.576 0.832z\"><\/path>\n<\/svg><\/span>  In den Warenkorb<\/a>\t<span id=\"woocommerce_loop_add_to_cart_link_describedby_3152\" class=\"screen-reader-text\">\n\t\t\t<\/span>\n<a class=\"button show_details_button\" href=\"https:\/\/www.trommelmanufaktur.ch\/product\/ersatzfilz-zu-trommelboeckli\/\"><span class=\"avia-svg-icon avia-font-svg_entypo-fontello\" data-av_svg_icon='doc-text' data-av_iconset='svg_entypo-fontello'><svg version=\"1.1\" xmlns=\"http:\/\/www.w3.org\/2000\/svg\" width=\"22\" height=\"32\" viewBox=\"0 0 22 32\" preserveAspectRatio=\"xMidYMid meet\" aria-labelledby='av-svg-title-2' aria-describedby='av-svg-desc-2' role=\"graphics-symbol\" aria-hidden=\"true\">\n<title id='av-svg-title-2'>Zeige Details<\/title>\n<desc id='av-svg-desc-2'>Zeige Details<\/desc>\n<path d=\"M6.784 17.344v-2.88h8.96v2.88h-8.96zM19.2 1.6q1.344 0 2.272 0.928t0.928 2.272v22.4q0 1.28-0.928 2.24t-2.272 0.96h-16q-1.28 0-2.24-0.96t-0.96-2.24v-22.4q0-1.344 0.96-2.272t2.24-0.928h16zM19.2 27.2v-22.4h-16v22.4h16zM15.68 8.256v2.816h-8.96v-2.816h8.96zM15.68 20.8v2.816h-8.96v-2.816h8.96z\"><\/path>\n<\/svg><\/span>  Zeige Details<\/a> <span class=\"button-mini-delimiter\"><\/span><\/div><\/div><\/li>\n<li class=\"product type-product post-3514 status-publish outofstock product_cat-pads product_tag-boeckli product_tag-trommelboeckli product_tag-uebungsboeckli has-post-thumbnail shipping-taxable purchasable product-type-simple\">\n\t<div class='inner_product main_color wrapped_style noLightbox  av-product-class-'><a href=\"https:\/\/www.trommelmanufaktur.ch\/product\/trommelboeckli-trofa\/\" class=\"woocommerce-LoopProduct-link woocommerce-loop-product__link\"><div class=\"thumbnail_container\"><img decoding=\"async\" loading=\"lazy\" width=\"450\" height=\"450\" src=\"https:\/\/www.trommelmanufaktur.ch\/content\/media\/2018\/07\/boeckli-seite-450x450.jpg\" class=\"wp-image-4241 avia-img-lazy-loading-4241 attachment-shop_catalog size-shop_catalog wp-post-image\" alt=\"\" srcset=\"https:\/\/www.trommelmanufaktur.ch\/content\/media\/2018\/07\/boeckli-seite-450x450.jpg 450w, https:\/\/www.trommelmanufaktur.ch\/content\/media\/2018\/07\/boeckli-seite-150x150.jpg 150w, https:\/\/www.trommelmanufaktur.ch\/content\/media\/2018\/07\/boeckli-seite-300x300.jpg 300w, https:\/\/www.trommelmanufaktur.ch\/content\/media\/2018\/07\/boeckli-seite-768x768.jpg 768w, https:\/\/www.trommelmanufaktur.ch\/content\/media\/2018\/07\/boeckli-seite-1024x1024.jpg 1024w, https:\/\/www.trommelmanufaktur.ch\/content\/media\/2018\/07\/boeckli-seite-36x36.jpg 36w, https:\/\/www.trommelmanufaktur.ch\/content\/media\/2018\/07\/boeckli-seite-180x180.jpg 180w, https:\/\/www.trommelmanufaktur.ch\/content\/media\/2018\/07\/boeckli-seite-705x705.jpg 705w, https:\/\/www.trommelmanufaktur.ch\/content\/media\/2018\/07\/boeckli-seite-100x100.jpg 100w, https:\/\/www.trommelmanufaktur.ch\/content\/media\/2018\/07\/boeckli-seite.jpg 1350w\" sizes=\"auto, (max-width: 450px) 100vw, 450px\" \/><span class=\"cart-loading\"><\/span><\/div><div class='inner_product_header'><div class='avia-arrow'><\/div><div class='inner_product_header_table'><div class='inner_product_header_cell'><h2 class=\"woocommerce-loop-product__title av-no-toc\">Trommelb\u00f6ckli &#8222;Trommelmanufaktur&#8220;<\/h2>\n\t<span class=\"price\"><span class=\"woocommerce-Price-amount amount\"><bdi><span class=\"woocommerce-Price-currencySymbol\">&#67;&#72;&#70;<\/span>&nbsp;110.00<\/bdi><\/span><\/span>\n\n\n\n<\/div><\/div><\/div><\/a>\n\n<div class='avia_cart_buttons '><a href=\"https:\/\/www.trommelmanufaktur.ch\/product\/trommelboeckli-trofa\/\" aria-describedby=\"woocommerce_loop_add_to_cart_link_describedby_3514\" data-quantity=\"1\" class=\"button product_type_simple\" data-product_id=\"3514\" data-product_sku=\"BO-TR-GEW\" aria-label=\"Lesen Sie mehr \u00fcber &#8222;Trommelb\u00f6ckli &quot;Trommelmanufaktur&quot;&#8220;\" rel=\"nofollow\" data-success_message=\"\"><span class=\"avia-svg-icon avia-font-svg_entypo-fontello\" data-av_svg_icon='basket' data-av_iconset='svg_entypo-fontello'><svg version=\"1.1\" xmlns=\"http:\/\/www.w3.org\/2000\/svg\" width=\"29\" height=\"32\" viewBox=\"0 0 29 32\" preserveAspectRatio=\"xMidYMid meet\" aria-labelledby='av-svg-title-3' aria-describedby='av-svg-desc-3' role=\"graphics-symbol\" aria-hidden=\"true\">\n<title id='av-svg-title-3'>Add to cart<\/title>\n<desc id='av-svg-desc-3'>Add to cart<\/desc>\n<path d=\"M4.8 27.2q0-1.28 0.96-2.24t2.24-0.96q1.344 0 2.272 0.96t0.928 2.24q0 1.344-0.928 2.272t-2.272 0.928q-1.28 0-2.24-0.928t-0.96-2.272zM20.8 27.2q0-1.28 0.96-2.24t2.24-0.96q1.344 0 2.272 0.96t0.928 2.24q0 1.344-0.928 2.272t-2.272 0.928q-1.28 0-2.24-0.928t-0.96-2.272zM10.496 19.648q-1.152 0.32-1.088 0.736t1.408 0.416h17.984v2.432q0 0.64-0.64 0.64h-20.928q-0.64 0-0.64-0.64v-2.432l-0.32-1.472-3.136-14.528h-3.136v-2.56q0-0.64 0.64-0.64h4.992q0.64 0 0.64 0.64v2.752h22.528v8.768q0 0.704-0.576 0.832z\"><\/path>\n<\/svg><\/span>  Weiterlesen<\/a>\t<span id=\"woocommerce_loop_add_to_cart_link_describedby_3514\" class=\"screen-reader-text\">\n\t\t\t<\/span>\n<a class=\"button show_details_button\" href=\"https:\/\/www.trommelmanufaktur.ch\/product\/trommelboeckli-trofa\/\"><span class=\"avia-svg-icon avia-font-svg_entypo-fontello\" data-av_svg_icon='doc-text' data-av_iconset='svg_entypo-fontello'><svg version=\"1.1\" xmlns=\"http:\/\/www.w3.org\/2000\/svg\" width=\"22\" height=\"32\" viewBox=\"0 0 22 32\" preserveAspectRatio=\"xMidYMid meet\" aria-labelledby='av-svg-title-4' aria-describedby='av-svg-desc-4' role=\"graphics-symbol\" aria-hidden=\"true\">\n<title id='av-svg-title-4'>Zeige Details<\/title>\n<desc id='av-svg-desc-4'>Zeige Details<\/desc>\n<path d=\"M6.784 17.344v-2.88h8.96v2.88h-8.96zM19.2 1.6q1.344 0 2.272 0.928t0.928 2.272v22.4q0 1.28-0.928 2.24t-2.272 0.96h-16q-1.28 0-2.24-0.96t-0.96-2.24v-22.4q0-1.344 0.96-2.272t2.24-0.928h16zM19.2 27.2v-22.4h-16v22.4h16zM15.68 8.256v2.816h-8.96v-2.816h8.96zM15.68 20.8v2.816h-8.96v-2.816h8.96z\"><\/path>\n<\/svg><\/span>  Zeige Details<\/a> <span class=\"button-mini-delimiter\"><\/span><\/div><\/div><\/li>\n<\/ul>\n<\/div>\n\n\n<span class=\"clearfix\"><\/span>\n\n\n\n<h2 class=\"wp-block-heading\">Demonstrationsvideo<\/h2>\n\n\n\n<p>Im folgenden Video zeigen wir die n\u00f6tigen Schritte:<\/p>\n\n\n<div class=\"wp-block-embed\"><div class=\"wp-block-embed__wrapper\"><iframe loading=\"lazy\" type=\"text\/html\" width=\"640\" height=\"360\"  src=\"https:\/\/www.youtube-nocookie.com\/embed\/ZoXnCcAVcDE?autoplay=0&amp;hl=de&amp;modestbranding=1&amp;rel=0\" frameborder=\"0\" allow=\"accelerometer; gyroscope; picture-in-picture\" allowfullscreen><\/iframe><\/div><\/div>\n\n\n\n<h2 class=\"wp-block-heading\">Einzelschritte<\/h2>\n\n\n\n<ol class=\"wp-block-list\"><li>Unterteil des St\u00e4nders entfernen und B\u00f6ckli mit Unterseite nach oben hinlegen. Zur besseren Sichtbarkeit haben wir im Demonstrationsvideo auch die Halterung mit der Stange entfernt, sie kann aber am B\u00f6ckli belassen werden.<\/li><li>Alle Fl\u00fcgelmuttern l\u00f6sen<\/li><li>Fl\u00fcgelmuttern und Unterlegscheiben beiseite legen<\/li><li>Unterseite abheben<\/li><li>Alten Filz und Fell entnehmen<ul><li>Das Fell bei dieser Gelegenheit auch gleich auf Sch\u00e4den pr\u00fcfen (<a href=\"\/product-tag\/boecklifell\/\">Ersatzfell f\u00fcr B\u00f6ckli kaufen<\/a>)<\/li><\/ul><\/li><li>Ersatzfilz mittig auf Fell positionieren<\/li><li>Fell mit Ersatzfilz auf Metallring einmitten<\/li><li>Unterseite wieder auflegen, dabei auf die Positionen der Schrauben achten<\/li><li>Unterlegscheiben gefolgt von Fl\u00fcgelmuttern lose auflegen<\/li><li>Fl\u00fcgelmuttern nacheinander und gleichm\u00e4ssig festziehen, sodass das gew\u00fcnschte Spielgef\u00fchl erreicht wird.<\/li><li>St\u00e4nder wieder befestigen<\/li><\/ol>\n","protected":false},"excerpt":{"rendered":"<p>Mit der Zeit gibt der Filz im Trommelb\u00f6ckli nach und wird immer mehr komprimiert. Je nach gew\u00fcnschter H\u00e4rteeinstellung des Fells und der bevorzugten R\u00fcckfederung des Schlegels, muss der Filz fr\u00fcher oder sp\u00e4ter ersetzt werden. Der Wechsel kann unkompliziert selbst erledigt werden. Ben\u00f6tigtes Material Demonstrationsvideo Im folgenden Video zeigen wir die n\u00f6tigen Schritte: Einzelschritte Unterteil des [&hellip;]<\/p>\n","protected":false},"author":1,"featured_media":0,"parent":4403,"menu_order":0,"comment_status":"closed","ping_status":"closed","template":"","meta":{"footnotes":""},"class_list":["post-4293","page","type-page","status-publish","hentry"],"_links":{"self":[{"href":"https:\/\/www.trommelmanufaktur.ch\/wp-json-api\/wp\/v2\/pages\/4293","targetHints":{"allow":["GET"]}}],"collection":[{"href":"https:\/\/www.trommelmanufaktur.ch\/wp-json-api\/wp\/v2\/pages"}],"about":[{"href":"https:\/\/www.trommelmanufaktur.ch\/wp-json-api\/wp\/v2\/types\/page"}],"author":[{"embeddable":true,"href":"https:\/\/www.trommelmanufaktur.ch\/wp-json-api\/wp\/v2\/users\/1"}],"replies":[{"embeddable":true,"href":"https:\/\/www.trommelmanufaktur.ch\/wp-json-api\/wp\/v2\/comments?post=4293"}],"version-history":[{"count":23,"href":"https:\/\/www.trommelmanufaktur.ch\/wp-json-api\/wp\/v2\/pages\/4293\/revisions"}],"predecessor-version":[{"id":4421,"href":"https:\/\/www.trommelmanufaktur.ch\/wp-json-api\/wp\/v2\/pages\/4293\/revisions\/4421"}],"up":[{"embeddable":true,"href":"https:\/\/www.trommelmanufaktur.ch\/wp-json-api\/wp\/v2\/pages\/4403"}],"wp:attachment":[{"href":"https:\/\/www.trommelmanufaktur.ch\/wp-json-api\/wp\/v2\/media?parent=4293"}],"curies":[{"name":"wp","href":"https:\/\/api.w.org\/{rel}","templated":true}]}}