{"id":12,"date":"2016-12-20T23:29:57","date_gmt":"2016-12-20T22:29:57","guid":{"rendered":"https:\/\/www.trommelmanufaktur.ch\/?page_id=12"},"modified":"2025-03-30T14:32:21","modified_gmt":"2025-03-30T12:32:21","slug":"impressum","status":"publish","type":"page","link":"https:\/\/www.trommelmanufaktur.ch\/impressum\/","title":{"rendered":"Kontakt und Impressum"},"content":{"rendered":"\n<div class=\"wp-block-columns is-layout-flex wp-container-core-columns-is-layout-9d6595d7 wp-block-columns-is-layout-flex\">\n<div class=\"wp-block-column is-layout-flow wp-block-column-is-layout-flow\">\n<h2 class=\"wp-block-heading\">E-Mail<\/h2>\n\n\n\n<p>Mit ihrem eigenen E-Mail-Programm an <a href=\"mailto:info@trommelmanufaktur.ch\">info@trommelmanufaktur.ch<\/a>. Alternativ via Formular:<\/p>\n\n\n<form action=\"https:\/\/www.trommelmanufaktur.ch\/impressum\/\" method=\"post\" data-fields-with-error=\"Fehler wurden in folgenden Feld(ern) gefunden:\" class=\"avia_ajax_form av-form-labels-visible   avia-builder-el-0  avia-builder-el-no-sibling   \" data-avia-form-id=\"1\" data-avia-redirect='' ><fieldset><p class='  first_form  form_element form_fullwidth' id='element_avia_1_1'><label for=\"avia_1_1\">Name <abbr class=\"required\" title=\"ben\u00f6tigt\">*<\/abbr><\/label> <input name=\"avia_1_1\" class=\"text_input is_empty\" type=\"text\" id=\"avia_1_1\" value=\"\" \/><\/p><p class='  first_form  form_element form_fullwidth' id='element_avia_2_1'><label for=\"avia_2_1\">E-Mail <abbr class=\"required\" title=\"ben\u00f6tigt\">*<\/abbr><\/label> <input name=\"avia_2_1\" class=\"text_input is_empty\" type=\"text\" id=\"avia_2_1\" value=\"\" \/><\/p><p class='  first_form  form_element form_fullwidth' id='element_avia_3_1'><label for=\"avia_3_1\" class=\"textare_label hidden textare_label_avia_3_1\">Nachricht <abbr class=\"required\" title=\"ben\u00f6tigt\">*<\/abbr><\/label><textarea  name=\"avia_3_1\" class=\"text_area is_empty\" cols=\"40\" rows=\"7\" id=\"avia_3_1\" ><\/textarea><\/p><p class=\"hidden\"><input type=\"text\" name=\"avia_4_1\" class=\"hidden \" id=\"avia_4_1\" value=\"\" \/><\/p><div id='avia_5_1' class='av-recaptcha-area  first_form  form_element form_fullwidth '  data-container_class=\"\" data-custom_class=\"\" data-context=\"av_contact_form\" data-token_input=\"av_recaptcha_token\" data-version=\"avia_recaptcha_v3\" data-theme=\"light\" data-size=\"normal\" data-score=\"0.5\" data-text_to_preview=\"\" data-value=\"\"><div class=\"av-google-badge-message hidden\">This site is protected by reCAPTCHA and the Google <a href=\"https:\/\/policies.google.com\/privacy\" target=\"_blank\" rel=\"noopener noreferrer\">Datenschutz-Bestimmungen<\/a> and <a href=\"https:\/\/policies.google.com\/terms\" target=\"_blank\" rel=\"noopener noreferrer\">Terms of Service<\/a> apply.<\/div><\/div><p class=\"form_element \"><input type=\"hidden\" value=\"1\" name=\"avia_generated_form1\" \/><input type=\"submit\" value=\"Senden\" class=\"button\"  data-sending-label=\"Sende\"\/><\/p><\/fieldset><div class=\"avia-disabled-form\">Dieses Kontaktformular ist deaktiviert, weil Sie die Annahme des Google reCaptcha-Dienstes abgelehnt haben, der zur \u00dcberpr\u00fcfung der vom Formular gesendeten Nachrichten erforderlich ist.<\/div><\/form><div id=\"ajaxresponse_1\" class=\"ajaxresponse ajaxresponse_1 hidden\"><\/div>\n<\/div>\n\n\n\n<div class=\"wp-block-column is-layout-flow wp-block-column-is-layout-flow\"><div  class='av_promobox av-av_promobox-9d76347206a18800824850630ddbd974 avia-button-no'><div class='avia-promocontent'><\/p>\n<p>\n<style type=\"text\/css\" data-created_by=\"avia_inline_auto\" id=\"style-css-av-av_font_icon-841dd513d156fd88feaf8ea5a26d6d6d\">\n.av_font_icon.av-av_font_icon-841dd513d156fd88feaf8ea5a26d6d6d{\ncolor:#d63333;\nborder-color:#d63333;\n}\n.avia-svg-icon.av-av_font_icon-841dd513d156fd88feaf8ea5a26d6d6d svg:first-child{\nstroke:#d63333;\nfill:#d63333;\n}\n.av_font_icon.av-av_font_icon-841dd513d156fd88feaf8ea5a26d6d6d .av-icon-char{\nfont-size:40px;\n}\n<\/style>\n<span  class='av_font_icon av-av_font_icon-841dd513d156fd88feaf8ea5a26d6d6d avia_animate_when_visible av-icon-style- avia-icon-pos-left avia-svg-icon avia-font-svg_entypo-fontello avia-icon-animate'><span class='av-icon-char' data-av_svg_icon='attention' data-av_iconset='svg_entypo-fontello' ><svg version=\"1.1\" xmlns=\"http:\/\/www.w3.org\/2000\/svg\" width=\"31\" height=\"32\" viewBox=\"0 0 31 32\" preserveAspectRatio=\"xMidYMid meet\" aria-labelledby='av-svg-title-1' aria-describedby='av-svg-desc-1' role=\"graphics-symbol\" aria-hidden=\"true\">\n<title id='av-svg-title-1'>Attention<\/title>\n<desc id='av-svg-desc-1'>Attention<\/desc>\n<path d=\"M30.624 27.968q0.32 0.512 0 1.088-0.32 0.512-0.96 0.512h-28.544q-0.576 0-0.896-0.512-0.416-0.576-0.064-1.088l14.272-25.024q0.256-0.576 0.96-0.576t0.96 0.576zM17.184 26.368v-3.2h-3.52v3.2h3.52zM17.184 20.8v-9.6h-3.52v9.6h3.52z\"><\/path>\n<\/svg><\/span><\/span><\/p>\n<p><strong>Wichtiger Hinweis:<\/strong><\/p>\n<hr>\n<p>Aufgrund einer gr\u00f6sseren Ver\u00e4nderung in meinem Hauptberuf kann es aktuell zu Verz\u00f6gerungen bei der Bearbeitung von Bestellungen und E-Mails kommen. Falls Sie etwas dringend ben\u00f6tigen, lassen Sie es mich bitte im Notizfeld der Bestellung wissen \u2013 ich bem\u00fche mich dann um eine bevorzugte und m\u00f6glichst schnelle Bearbeitung.<\/p>\n<p>\nDanke f\u00fcr Ihr Verst\u00e4ndnis und Ihre Geduld.<br \/>\nDominic Hanselmann<\/p>\n<\/div><\/div>\n\n\n\n<h2 class=\"wp-block-heading\">Telefon<\/h2>\n\n\n\n<p><a href=\"tel:+41815520700\">+41 81 552 07 00<\/a> (Mo.-Fr. 17.30-20 Uhr, Sa. 10-18 Uhr)<\/p>\n\n\n\n<h2 class=\"wp-block-heading\">Post<\/h2>\n\n\n\n<p>Trommelmanufaktur Ostschweiz<br>Frol 4<br>9467 Fr\u00fcmsen<br>Schweiz<\/p>\n\n\n\n<h2 class=\"wp-block-heading\">Handelsregister<\/h2>\n\n\n\n<p>Gesellschaftsform: Einzelfirma mit Firmennummer\/UID <a rel=\"noopener noreferrer\" href=\"https:\/\/www.zefix.ch\/de\/search\/entity\/list\/firm\/1292536?name=CHE-331.823.944\" target=\"_blank\">CHE-331.823.944<\/a><br>Firmenname: Trommelmanufaktur Ostschweiz, Hanselmann Trommelbau<\/p>\n<\/div>\n<\/div>\n\n\n\n<figure class=\"wp-block-image alignright size-thumbnail\"><a href=\"https:\/\/www.trommelmanufaktur.ch\/content\/media\/2019\/01\/struppen-pmz-stanzen.jpg\"><img loading=\"lazy\" decoding=\"async\" width=\"150\" height=\"150\" src=\"https:\/\/www.trommelmanufaktur.ch\/content\/media\/2019\/01\/struppen-pmz-stanzen-150x150.jpg\" alt=\"\" class=\"wp-image-4183\" srcset=\"https:\/\/www.trommelmanufaktur.ch\/content\/media\/2019\/01\/struppen-pmz-stanzen-150x150.jpg 150w, https:\/\/www.trommelmanufaktur.ch\/content\/media\/2019\/01\/struppen-pmz-stanzen-36x36.jpg 36w, https:\/\/www.trommelmanufaktur.ch\/content\/media\/2019\/01\/struppen-pmz-stanzen-180x180.jpg 180w, https:\/\/www.trommelmanufaktur.ch\/content\/media\/2019\/01\/struppen-pmz-stanzen-100x100.jpg 100w, https:\/\/www.trommelmanufaktur.ch\/content\/media\/2019\/01\/struppen-pmz-stanzen-450x450.jpg 450w\" sizes=\"auto, (max-width: 150px) 100vw, 150px\" \/><\/a><figcaption class=\"wp-element-caption\">Dominic Hanselmann stanzt Struppen aus einem St\u00fcck Leder<\/figcaption><\/figure>\n\n\n\n<h2 class=\"wp-block-heading\">Besuche bei der Trommelmanufaktur Ostschweiz<\/h2>\n\n\n\n<p>Wir f\u00fchren das Gesch\u00e4ft in Teilzeit (<a href=\"https:\/\/www.trommelmanufaktur.ch\/angebot\/geschichte\/\">mehr zur Geschichte<\/a>). Deshalb bitte wir um eine Absprache f\u00fcr Besuche, da nicht immer jemand vor Ort ist.<\/p>\n\n\n\n<p>Der Hauptsitz unserer Firma befindet sich an der Adresse <a rel=\"noopener noreferrer\" href=\"https:\/\/www.google.ch\/maps?q=Trommelmanufaktur Ostschweiz, Fr\u00fcmsen SG, Schweiz\" target=\"_blank\">Frol 4, 9467 Fr\u00fcmsen SG<\/a> im <a href=\"https:\/\/de.wikipedia.org\/wiki\/St._Galler_Rheintal\" target=\"_blank\" rel=\"noreferrer noopener\" aria-label=\"St. Galler Rheintal (\u00f6ffnet in einem neuem Tab)\">St. Galler Rheintal<\/a>.<\/p>\n\n\n\n<ul class=\"wp-block-list\">\n<li><strong>Zug oder Bus<\/strong>: <a rel=\"noreferrer noopener\" href=\"https:\/\/www.bsw-bus.ch\/reisen\/info-haltestelle\/detail-haltestelle\/74312-fruemsen-frol\" target=\"_blank\">BSW-Linie 411, Haltestelle Frol<\/a> (<a rel=\"noreferrer noopener\" href=\"https:\/\/www.sbb.ch\/de\/kaufen\/pages\/fahrplan\/fahrplan.xhtml?nach=Fr\u00fcmsen, Frol\" target=\"_blank\">SBB-Fahrplan<\/a>)<\/li>\n\n\n\n<li><strong>Autobahnausfahrt<\/strong>: <a rel=\"noopener noreferrer\" href=\"https:\/\/www.google.ch\/maps?q=47.243203,9.517124\" target=\"_blank\">Sennwald<\/a> (ca. 9 km n\u00f6rdlich der Ausfahrt Buchs SG, ca. 27 km s\u00fcdlich der Ausfahrt St. Margrethen)<\/li>\n<\/ul>\n\n\n\n<figure class=\"wp-block-image size-large\"><a href=\"https:\/\/www.google.ch\/maps?q=Trommelmanufaktur+Ostschweiz,+Hanselmann+Trommelbau,+Frol,+Fr\u00fcmsen,+Schweiz\" target=\"_blank\" rel=\"noreferrer noopener\"><img decoding=\"async\" src=\"https:\/\/maps.googleapis.com\/maps\/api\/staticmap?key=AIzaSyDtwAW1fiG420gZ71AiVIRp1t3xbL5ax-U&amp;size=600x300&amp;maptype=roadmap&amp;format=png&amp;markers=color:red%7CTTrommelmanufaktur+Ostschweiz,+Hanselmann+Trommelbau,+Frol+4,+Fruemsen,+Schweiz&amp;signature=wSw5cMV2-O2Vy7aNC-3JTQLhIyg=\" alt=\"Karte mit Hauptsitz der Trommelmanufaktur Ostschweiz\"\/><\/a><figcaption class=\"wp-element-caption\">Hauptsitz Trommelmanufaktur Ostschweiz<\/figcaption><\/figure>\n","protected":false},"excerpt":{"rendered":"<p>E-Mail Mit ihrem eigenen E-Mail-Programm an info@trommelmanufaktur.ch. Alternativ via Formular: Telefon +41 81 552 07 00 () Post Trommelmanufaktur OstschweizFrol 49467 Fr\u00fcmsenSchweiz Handelsregister Gesellschaftsform: Einzelfirma mit Firmennummer\/UID CHE-331.823.944Firmenname: Trommelmanufaktur Ostschweiz, Hanselmann Trommelbau Besuche bei der Trommelmanufaktur Ostschweiz Wir f\u00fchren das Gesch\u00e4ft in Teilzeit (mehr zur Geschichte). Deshalb bitte wir um eine Absprache f\u00fcr Besuche, da [&hellip;]<\/p>\n","protected":false},"author":2,"featured_media":0,"parent":0,"menu_order":0,"comment_status":"closed","ping_status":"closed","template":"","meta":{"footnotes":""},"class_list":["post-12","page","type-page","status-publish","hentry"],"_links":{"self":[{"href":"https:\/\/www.trommelmanufaktur.ch\/wp-json-api\/wp\/v2\/pages\/12","targetHints":{"allow":["GET"]}}],"collection":[{"href":"https:\/\/www.trommelmanufaktur.ch\/wp-json-api\/wp\/v2\/pages"}],"about":[{"href":"https:\/\/www.trommelmanufaktur.ch\/wp-json-api\/wp\/v2\/types\/page"}],"author":[{"embeddable":true,"href":"https:\/\/www.trommelmanufaktur.ch\/wp-json-api\/wp\/v2\/users\/2"}],"replies":[{"embeddable":true,"href":"https:\/\/www.trommelmanufaktur.ch\/wp-json-api\/wp\/v2\/comments?post=12"}],"version-history":[{"count":50,"href":"https:\/\/www.trommelmanufaktur.ch\/wp-json-api\/wp\/v2\/pages\/12\/revisions"}],"predecessor-version":[{"id":7527,"href":"https:\/\/www.trommelmanufaktur.ch\/wp-json-api\/wp\/v2\/pages\/12\/revisions\/7527"}],"wp:attachment":[{"href":"https:\/\/www.trommelmanufaktur.ch\/wp-json-api\/wp\/v2\/media?parent=12"}],"curies":[{"name":"wp","href":"https:\/\/api.w.org\/{rel}","templated":true}]}}